{"id":15642,"date":"2024-01-05T08:38:35","date_gmt":"2024-01-05T07:38:35","guid":{"rendered":"https:\/\/geabarcelona.com\/producto\/trilobite-completo-pareja-pequeno\/"},"modified":"2025-11-20T13:51:23","modified_gmt":"2025-11-20T12:51:23","slug":"trilobite-completo-pareja-pequeno","status":"publish","type":"product","link":"https:\/\/geabarcelona.com\/ca\/producte\/trilobite-completo-pareja-pequeno\/","title":{"rendered":"Trilobite completo pareja (peque\u00f1o)"},"content":{"rendered":"<p>Pareja de trilobites f\u00f3siles completos en tama\u00f1o compacto, perfectos para iniciarse en la colecci\u00f3n de f\u00f3siles o para exhibiciones con espacio limitado. Presentan detalles bien conservados y son un s\u00edmbolo cl\u00e1sico de la era Paleozoica. 3-4cm. VENTA POR UNIDAD\u00bb<\/p>","protected":false},"excerpt":{"rendered":"<p>Pareja de trilobites f\u00f3siles completos en tama\u00f1o compacto, perfectos para iniciarse en la colecci\u00f3n de f\u00f3siles o para exhibiciones con espacio limitado. Presentan detalles bien conservados y son un s\u00edmbolo cl\u00e1sico de la era Paleozoica. 3-4cm. VENTA POR UNIDAD\u00bb<\/p>","protected":false},"featured_media":15641,"template":"","meta":[],"product_brand":[],"product_cat":[125],"product_tag":[400],"class_list":{"0":"post-15642","1":"product","2":"type-product","3":"status-publish","4":"has-post-thumbnail","6":"product_cat-fosiles","7":"product_tag-trilobite","9":"first","10":"outofstock","11":"taxable","12":"shipping-taxable","13":"purchasable","14":"product-type-simple"},"_links":{"self":[{"href":"https:\/\/geabarcelona.com\/ca\/wp-json\/wp\/v2\/product\/15642","targetHints":{"allow":["GET"]}}],"collection":[{"href":"https:\/\/geabarcelona.com\/ca\/wp-json\/wp\/v2\/product"}],"about":[{"href":"https:\/\/geabarcelona.com\/ca\/wp-json\/wp\/v2\/types\/product"}],"version-history":[{"count":2,"href":"https:\/\/geabarcelona.com\/ca\/wp-json\/wp\/v2\/product\/15642\/revisions"}],"predecessor-version":[{"id":19190,"href":"https:\/\/geabarcelona.com\/ca\/wp-json\/wp\/v2\/product\/15642\/revisions\/19190"}],"wp:featuredmedia":[{"embeddable":true,"href":"https:\/\/geabarcelona.com\/ca\/wp-json\/wp\/v2\/media\/15641"}],"wp:attachment":[{"href":"https:\/\/geabarcelona.com\/ca\/wp-json\/wp\/v2\/media?parent=15642"}],"wp:term":[{"taxonomy":"product_brand","embeddable":true,"href":"https:\/\/geabarcelona.com\/ca\/wp-json\/wp\/v2\/product_brand?post=15642"},{"taxonomy":"product_cat","embeddable":true,"href":"https:\/\/geabarcelona.com\/ca\/wp-json\/wp\/v2\/product_cat?post=15642"},{"taxonomy":"product_tag","embeddable":true,"href":"https:\/\/geabarcelona.com\/ca\/wp-json\/wp\/v2\/product_tag?post=15642"}],"curies":[{"name":"wp","href":"https:\/\/api.w.org\/{rel}","templated":true}]}}