{"id":15646,"date":"2024-01-05T08:41:26","date_gmt":"2024-01-05T07:41:26","guid":{"rendered":"https:\/\/geabarcelona.com\/producto\/diente-otodus-grande-en-matriz\/"},"modified":"2025-06-19T08:43:47","modified_gmt":"2025-06-19T06:43:47","slug":"diente-otodus-grande-en-matriz","status":"publish","type":"product","link":"https:\/\/geabarcelona.com\/ca\/producte\/diente-otodus-grande-en-matriz\/","title":{"rendered":"Diente otodus grande en matriz"},"content":{"rendered":"<p>Reliquias prehist\u00f3ricas. Dientes fosilizados del antiguo tibur\u00f3n Otodus, que vivi\u00f3 hace millones de a\u00f1os. Piezas \u00fanicas para coleccionistas y amantes de la paleontolog\u00eda, con una historia fascinante del pasado marino.<br \/>\n10-15cmVENTA POR UNIDAD<\/p>","protected":false},"excerpt":{"rendered":"<p>Reliquias prehist\u00f3ricas. Dientes fosilizados del antiguo tibur\u00f3n Otodus, que vivi\u00f3 hace millones de a\u00f1os. Piezas \u00fanicas para coleccionistas y amantes de la paleontolog\u00eda, con una historia fascinante del pasado marino. 10-15cmVENTA POR UNIDAD<\/p>","protected":false},"featured_media":0,"template":"","meta":[],"product_brand":[],"product_cat":[125],"product_tag":[180],"class_list":{"0":"post-15646","1":"product","2":"type-product","3":"status-publish","5":"product_cat-fosiles","6":"product_tag-marino","8":"first","9":"outofstock","10":"taxable","11":"shipping-taxable","12":"purchasable","13":"product-type-simple"},"_links":{"self":[{"href":"https:\/\/geabarcelona.com\/ca\/wp-json\/wp\/v2\/product\/15646","targetHints":{"allow":["GET"]}}],"collection":[{"href":"https:\/\/geabarcelona.com\/ca\/wp-json\/wp\/v2\/product"}],"about":[{"href":"https:\/\/geabarcelona.com\/ca\/wp-json\/wp\/v2\/types\/product"}],"version-history":[{"count":1,"href":"https:\/\/geabarcelona.com\/ca\/wp-json\/wp\/v2\/product\/15646\/revisions"}],"predecessor-version":[{"id":18185,"href":"https:\/\/geabarcelona.com\/ca\/wp-json\/wp\/v2\/product\/15646\/revisions\/18185"}],"wp:attachment":[{"href":"https:\/\/geabarcelona.com\/ca\/wp-json\/wp\/v2\/media?parent=15646"}],"wp:term":[{"taxonomy":"product_brand","embeddable":true,"href":"https:\/\/geabarcelona.com\/ca\/wp-json\/wp\/v2\/product_brand?post=15646"},{"taxonomy":"product_cat","embeddable":true,"href":"https:\/\/geabarcelona.com\/ca\/wp-json\/wp\/v2\/product_cat?post=15646"},{"taxonomy":"product_tag","embeddable":true,"href":"https:\/\/geabarcelona.com\/ca\/wp-json\/wp\/v2\/product_tag?post=15646"}],"curies":[{"name":"wp","href":"https:\/\/api.w.org\/{rel}","templated":true}]}}