{"id":16350,"date":"2024-01-31T13:26:13","date_gmt":"2024-01-31T12:26:13","guid":{"rendered":"https:\/\/geabarcelona.com\/producto\/lampara-escenario-chakras\/"},"modified":"2025-12-11T11:37:12","modified_gmt":"2025-12-11T10:37:12","slug":"lampara-escenario-chakras","status":"publish","type":"product","link":"https:\/\/geabarcelona.com\/ca\/producte\/lampara-escenario-chakras\/","title":{"rendered":"L\u00e1mpara escenario chakras"},"content":{"rendered":"<p>Esta l\u00e1mpara est\u00e1 tallada con aut\u00e9ntica sal rosa del Himalaya e incorpora el s\u00edmbolo de los 7 chackras. Su luz c\u00e1lida y suave crea un ambiente natural y sereno, ideal para relajar y purificar cualquier espacio en tu hogar. Medidas: 22 cm de alto x 20 cm de ancho x 10 cm de profundidad. Peso aproximado: 4,5 kg.<\/p>","protected":false},"excerpt":{"rendered":"<p>Esta l\u00e1mpara est\u00e1 tallada con aut\u00e9ntica sal rosa del Himalaya e incorpora el s\u00edmbolo de los 7 chackras. Su luz c\u00e1lida y suave crea un ambiente natural y sereno, ideal para relajar y purificar cualquier espacio en tu hogar. Medidas: 22 cm de alto x 20 cm de ancho x 10 cm de profundidad. Peso [&hellip;]<\/p>","protected":false},"featured_media":17872,"template":"","meta":[],"product_brand":[],"product_cat":[149,147],"product_tag":[185],"class_list":{"0":"post-16350","1":"product","2":"type-product","3":"status-publish","4":"has-post-thumbnail","6":"product_cat-decoracion-lamparas","7":"product_cat-terapias-hogar","8":"product_tag-lampara","10":"first","11":"instock","12":"taxable","13":"shipping-taxable","14":"purchasable","15":"product-type-simple"},"_links":{"self":[{"href":"https:\/\/geabarcelona.com\/ca\/wp-json\/wp\/v2\/product\/16350","targetHints":{"allow":["GET"]}}],"collection":[{"href":"https:\/\/geabarcelona.com\/ca\/wp-json\/wp\/v2\/product"}],"about":[{"href":"https:\/\/geabarcelona.com\/ca\/wp-json\/wp\/v2\/types\/product"}],"version-history":[{"count":2,"href":"https:\/\/geabarcelona.com\/ca\/wp-json\/wp\/v2\/product\/16350\/revisions"}],"predecessor-version":[{"id":18146,"href":"https:\/\/geabarcelona.com\/ca\/wp-json\/wp\/v2\/product\/16350\/revisions\/18146"}],"wp:featuredmedia":[{"embeddable":true,"href":"https:\/\/geabarcelona.com\/ca\/wp-json\/wp\/v2\/media\/17872"}],"wp:attachment":[{"href":"https:\/\/geabarcelona.com\/ca\/wp-json\/wp\/v2\/media?parent=16350"}],"wp:term":[{"taxonomy":"product_brand","embeddable":true,"href":"https:\/\/geabarcelona.com\/ca\/wp-json\/wp\/v2\/product_brand?post=16350"},{"taxonomy":"product_cat","embeddable":true,"href":"https:\/\/geabarcelona.com\/ca\/wp-json\/wp\/v2\/product_cat?post=16350"},{"taxonomy":"product_tag","embeddable":true,"href":"https:\/\/geabarcelona.com\/ca\/wp-json\/wp\/v2\/product_tag?post=16350"}],"curies":[{"name":"wp","href":"https:\/\/api.w.org\/{rel}","templated":true}]}}