{"id":16362,"date":"2024-01-31T13:41:34","date_gmt":"2024-01-31T12:41:34","guid":{"rendered":"https:\/\/geabarcelona.com\/producto\/lampara-escenario-ying-yang\/"},"modified":"2025-12-11T11:26:44","modified_gmt":"2025-12-11T10:26:44","slug":"lampara-escenario-ying-yang","status":"publish","type":"product","link":"https:\/\/geabarcelona.com\/ca\/producte\/lampara-escenario-ying-yang\/","title":{"rendered":"L\u00e1mpara escenario YIN YANG"},"content":{"rendered":"<p>Esta l\u00e1mpara est\u00e1 tallada con aut\u00e9ntica sal rosa del Himalaya e incorpora el s\u00edmbolo deL YIN YANG. Su luz c\u00e1lida y suave crea un ambiente natural y sereno, ideal para relajar y purificar cualquier espacio en tu hogar. Medidas: 22 cm de alto x 20 cm de ancho x 10 cm de profundidad. Peso aproximado: 4,5 kg.<\/p>","protected":false},"excerpt":{"rendered":"<table style=\"height: 46px\" width=\"182\">\n<tbody>\n<tr>\n<td width=\"101\">REF SALDIB826<\/td>\n<\/tr>\n<\/tbody>\n<\/table>","protected":false},"featured_media":17853,"template":"","meta":[],"product_brand":[],"product_cat":[149,147],"product_tag":[185],"class_list":{"0":"post-16362","1":"product","2":"type-product","3":"status-publish","4":"has-post-thumbnail","6":"product_cat-decoracion-lamparas","7":"product_cat-terapias-hogar","8":"product_tag-lampara","10":"first","11":"instock","12":"taxable","13":"shipping-taxable","14":"purchasable","15":"product-type-simple"},"_links":{"self":[{"href":"https:\/\/geabarcelona.com\/ca\/wp-json\/wp\/v2\/product\/16362","targetHints":{"allow":["GET"]}}],"collection":[{"href":"https:\/\/geabarcelona.com\/ca\/wp-json\/wp\/v2\/product"}],"about":[{"href":"https:\/\/geabarcelona.com\/ca\/wp-json\/wp\/v2\/types\/product"}],"version-history":[{"count":3,"href":"https:\/\/geabarcelona.com\/ca\/wp-json\/wp\/v2\/product\/16362\/revisions"}],"predecessor-version":[{"id":18148,"href":"https:\/\/geabarcelona.com\/ca\/wp-json\/wp\/v2\/product\/16362\/revisions\/18148"}],"wp:featuredmedia":[{"embeddable":true,"href":"https:\/\/geabarcelona.com\/ca\/wp-json\/wp\/v2\/media\/17853"}],"wp:attachment":[{"href":"https:\/\/geabarcelona.com\/ca\/wp-json\/wp\/v2\/media?parent=16362"}],"wp:term":[{"taxonomy":"product_brand","embeddable":true,"href":"https:\/\/geabarcelona.com\/ca\/wp-json\/wp\/v2\/product_brand?post=16362"},{"taxonomy":"product_cat","embeddable":true,"href":"https:\/\/geabarcelona.com\/ca\/wp-json\/wp\/v2\/product_cat?post=16362"},{"taxonomy":"product_tag","embeddable":true,"href":"https:\/\/geabarcelona.com\/ca\/wp-json\/wp\/v2\/product_tag?post=16362"}],"curies":[{"name":"wp","href":"https:\/\/api.w.org\/{rel}","templated":true}]}}