{"id":16364,"date":"2024-01-31T13:44:10","date_gmt":"2024-01-31T12:44:10","guid":{"rendered":"https:\/\/geabarcelona.com\/producto\/lampara-cesta-cuadrada-madera\/"},"modified":"2025-12-11T11:26:55","modified_gmt":"2025-12-11T10:26:55","slug":"lampara-cesta-cuadrada-madera","status":"publish","type":"product","link":"https:\/\/geabarcelona.com\/ca\/producte\/lampara-cesta-cuadrada-madera\/","title":{"rendered":"L\u00e1mpara cesta cuadrada madera"},"content":{"rendered":"<p>L\u00e1mpara de sal rosa del Himalaya montada sobre una base de madera resistente. Ofrece una luz c\u00e1lida y suave que crea un ambiente relajante y acogedor. Ideal para decorar espacios y aportar una atm\u00f3sfera calmante y purificadora.<\/p>","protected":false},"excerpt":{"rendered":"<p>L\u00e1mpara de sal rosa del Himalaya montada sobre una base de madera resistente. Ofrece una luz c\u00e1lida y suave que crea un ambiente relajante y acogedor. Ideal para decorar espacios y aportar una atm\u00f3sfera calmante y purificadora.<\/p>","protected":false},"featured_media":17851,"template":"","meta":[],"product_brand":[],"product_cat":[153,149,147],"product_tag":[185],"class_list":{"0":"post-16364","1":"product","2":"type-product","3":"status-publish","4":"has-post-thumbnail","6":"product_cat-catalogo","7":"product_cat-decoracion-lamparas","8":"product_cat-terapias-hogar","9":"product_tag-lampara","11":"first","12":"instock","13":"taxable","14":"shipping-taxable","15":"purchasable","16":"product-type-simple"},"_links":{"self":[{"href":"https:\/\/geabarcelona.com\/ca\/wp-json\/wp\/v2\/product\/16364","targetHints":{"allow":["GET"]}}],"collection":[{"href":"https:\/\/geabarcelona.com\/ca\/wp-json\/wp\/v2\/product"}],"about":[{"href":"https:\/\/geabarcelona.com\/ca\/wp-json\/wp\/v2\/types\/product"}],"version-history":[{"count":2,"href":"https:\/\/geabarcelona.com\/ca\/wp-json\/wp\/v2\/product\/16364\/revisions"}],"predecessor-version":[{"id":18135,"href":"https:\/\/geabarcelona.com\/ca\/wp-json\/wp\/v2\/product\/16364\/revisions\/18135"}],"wp:featuredmedia":[{"embeddable":true,"href":"https:\/\/geabarcelona.com\/ca\/wp-json\/wp\/v2\/media\/17851"}],"wp:attachment":[{"href":"https:\/\/geabarcelona.com\/ca\/wp-json\/wp\/v2\/media?parent=16364"}],"wp:term":[{"taxonomy":"product_brand","embeddable":true,"href":"https:\/\/geabarcelona.com\/ca\/wp-json\/wp\/v2\/product_brand?post=16364"},{"taxonomy":"product_cat","embeddable":true,"href":"https:\/\/geabarcelona.com\/ca\/wp-json\/wp\/v2\/product_cat?post=16364"},{"taxonomy":"product_tag","embeddable":true,"href":"https:\/\/geabarcelona.com\/ca\/wp-json\/wp\/v2\/product_tag?post=16364"}],"curies":[{"name":"wp","href":"https:\/\/api.w.org\/{rel}","templated":true}]}}