{"id":16418,"date":"2024-02-15T12:48:18","date_gmt":"2024-02-15T11:48:18","guid":{"rendered":"https:\/\/geabarcelona.com\/producto\/puntas-de-cuarzo-ahumado-con-base\/"},"modified":"2025-12-11T13:14:43","modified_gmt":"2025-12-11T12:14:43","slug":"puntas-de-cuarzo-ahumado-con-base","status":"publish","type":"product","link":"https:\/\/geabarcelona.com\/ca\/producto\/puntas-de-cuarzo-ahumado-con-base\/","title":{"rendered":"Puntas de cuarzo ahumado con base"},"content":{"rendered":"<p>El cuarzo ahumado es una variedad del cuarzo que se distingue por su color marr\u00f3n o gris oscuro, que puede llegar a ser casi negro. Este color caracter\u00edstico se debe a la exposici\u00f3n natural a la radiaci\u00f3n durante largos periodos de tiempo, la cual afecta peque\u00f1as cantidades de aluminio presentes en el cristal.<\/p>\n<p>Se forma en el interior de la corteza terrestre, en condiciones similares a otros tipos de cuarzo, como el cristal de roca. Sin embargo, lo que lo diferencia es su exposici\u00f3n a fuentes naturales de radiaci\u00f3n, como el uranio presente en las rocas circundantes. Es com\u00fan encontrarlo en regiones con gran actividad geol\u00f3gica, como Brasil, Madagascar y Estados Unidos.<\/p>\n<p>En el \u00e1mbito energ\u00e9tico y espiritual, se le atribuyen propiedades protectoras y de enraizamiento. Se dice que ayuda a disipar la energ\u00eda negativa, aliviar el estr\u00e9s y promover la claridad mental.<\/p>\n<p>PRECIO POR KG.<\/p>","protected":false},"excerpt":{"rendered":"<p>El cuarzo ahumado es una variedad del cuarzo que se distingue por su color marr\u00f3n o gris oscuro, que puede llegar a ser casi negro. Este color caracter\u00edstico se debe a la exposici\u00f3n natural a la radiaci\u00f3n durante largos periodos de tiempo, la cual afecta peque\u00f1as cantidades de aluminio presentes en el cristal. Se forma [&hellip;]<\/p>\n","protected":false},"featured_media":18404,"template":"","meta":[],"product_brand":[],"product_cat":[149,148,147],"product_tag":[311],"class_list":{"0":"post-16418","1":"product","2":"type-product","3":"status-publish","4":"has-post-thumbnail","6":"product_cat-decoracion-lamparas","7":"product_cat-pulido-formas","8":"product_cat-terapias-hogar","9":"product_tag-cuarzo-ahumado","11":"first","12":"instock","13":"taxable","14":"shipping-taxable","15":"purchasable","16":"product-type-simple"},"_links":{"self":[{"href":"https:\/\/geabarcelona.com\/ca\/wp-json\/wp\/v2\/product\/16418","targetHints":{"allow":["GET"]}}],"collection":[{"href":"https:\/\/geabarcelona.com\/ca\/wp-json\/wp\/v2\/product"}],"about":[{"href":"https:\/\/geabarcelona.com\/ca\/wp-json\/wp\/v2\/types\/product"}],"version-history":[{"count":2,"href":"https:\/\/geabarcelona.com\/ca\/wp-json\/wp\/v2\/product\/16418\/revisions"}],"predecessor-version":[{"id":18157,"href":"https:\/\/geabarcelona.com\/ca\/wp-json\/wp\/v2\/product\/16418\/revisions\/18157"}],"wp:featuredmedia":[{"embeddable":true,"href":"https:\/\/geabarcelona.com\/ca\/wp-json\/wp\/v2\/media\/18404"}],"wp:attachment":[{"href":"https:\/\/geabarcelona.com\/ca\/wp-json\/wp\/v2\/media?parent=16418"}],"wp:term":[{"taxonomy":"product_brand","embeddable":true,"href":"https:\/\/geabarcelona.com\/ca\/wp-json\/wp\/v2\/product_brand?post=16418"},{"taxonomy":"product_cat","embeddable":true,"href":"https:\/\/geabarcelona.com\/ca\/wp-json\/wp\/v2\/product_cat?post=16418"},{"taxonomy":"product_tag","embeddable":true,"href":"https:\/\/geabarcelona.com\/ca\/wp-json\/wp\/v2\/product_tag?post=16418"}],"curies":[{"name":"wp","href":"https:\/\/api.w.org\/{rel}","templated":true}]}}