{"id":16534,"date":"2024-03-01T13:47:24","date_gmt":"2024-03-01T12:47:24","guid":{"rendered":"https:\/\/geabarcelona.com\/producto\/obsidiana-con-aura-titaneo\/"},"modified":"2025-11-21T11:17:50","modified_gmt":"2025-11-21T10:17:50","slug":"obsidiana-con-aura-titaneo","status":"publish","type":"product","link":"https:\/\/geabarcelona.com\/ca\/producte\/obsidiana-con-aura-titaneo\/","title":{"rendered":"OBSIDIANA AMB AURA TITANI"},"content":{"rendered":"<p>Obsidiana con aura de titanio, una pieza vibrante y energ\u00e9tica ideal para decoraci\u00f3n, meditaci\u00f3n o terapias de sanaci\u00f3n. <div style=\"width: 800px;\" class=\"wp-video\"><video class=\"wp-video-shortcode\" id=\"video-16534-1\" width=\"800\" height=\"800\" preload=\"metadata\" controls=\"controls\"><source type=\"video\/mp4\" src=\"https:\/\/geabarcelona.com\/wp-content\/uploads\/2024\/03\/img-3175_ChpzxUuG.mp4?_=1\" \/><a href=\"https:\/\/geabarcelona.com\/wp-content\/uploads\/2024\/03\/img-3175_ChpzxUuG.mp4\">https:\/\/geabarcelona.com\/wp-content\/uploads\/2024\/03\/img-3175_ChpzxUuG.mp4<\/a><\/video><\/div>\u00ab<\/p>","protected":false},"excerpt":{"rendered":"<p>Obsidiana con aura de titanio, una pieza vibrante y energ\u00e9tica ideal para decoraci\u00f3n, meditaci\u00f3n o terapias de sanaci\u00f3n. \u00ab<\/p>","protected":false},"featured_media":0,"template":"","meta":[],"product_brand":[],"product_cat":[153],"product_tag":[347],"class_list":{"0":"post-16534","1":"product","2":"type-product","3":"status-publish","5":"product_cat-catalogo","6":"product_tag-titaneo","8":"first","9":"instock","10":"sale","11":"taxable","12":"shipping-taxable","13":"purchasable","14":"product-type-simple"},"_links":{"self":[{"href":"https:\/\/geabarcelona.com\/ca\/wp-json\/wp\/v2\/product\/16534","targetHints":{"allow":["GET"]}}],"collection":[{"href":"https:\/\/geabarcelona.com\/ca\/wp-json\/wp\/v2\/product"}],"about":[{"href":"https:\/\/geabarcelona.com\/ca\/wp-json\/wp\/v2\/types\/product"}],"version-history":[{"count":2,"href":"https:\/\/geabarcelona.com\/ca\/wp-json\/wp\/v2\/product\/16534\/revisions"}],"predecessor-version":[{"id":19344,"href":"https:\/\/geabarcelona.com\/ca\/wp-json\/wp\/v2\/product\/16534\/revisions\/19344"}],"wp:attachment":[{"href":"https:\/\/geabarcelona.com\/ca\/wp-json\/wp\/v2\/media?parent=16534"}],"wp:term":[{"taxonomy":"product_brand","embeddable":true,"href":"https:\/\/geabarcelona.com\/ca\/wp-json\/wp\/v2\/product_brand?post=16534"},{"taxonomy":"product_cat","embeddable":true,"href":"https:\/\/geabarcelona.com\/ca\/wp-json\/wp\/v2\/product_cat?post=16534"},{"taxonomy":"product_tag","embeddable":true,"href":"https:\/\/geabarcelona.com\/ca\/wp-json\/wp\/v2\/product_tag?post=16534"}],"curies":[{"name":"wp","href":"https:\/\/api.w.org\/{rel}","templated":true}]}}