{"id":16538,"date":"2024-03-01T14:19:27","date_gmt":"2024-03-01T13:19:27","guid":{"rendered":"https:\/\/geabarcelona.com\/producto\/espejos-de-obsidiana-en-bruto\/"},"modified":"2025-11-21T11:17:44","modified_gmt":"2025-11-21T10:17:44","slug":"espejos-de-obsidiana-en-bruto","status":"publish","type":"product","link":"https:\/\/geabarcelona.com\/ca\/producte\/espejos-de-obsidiana-en-bruto\/","title":{"rendered":"Espejos de obsidiana en bruto"},"content":{"rendered":"<p>Espejos de obsidiana en bruto, piezas naturales con superficies lisas y reflectantes caracter\u00edsticas de esta piedra volc\u00e1nica negra. Utilizados para protecci\u00f3n energ\u00e9tica, meditaci\u00f3n y como herramientas para la introspecci\u00f3n y la claridad mental. VENTA POR KG. De 1kg a 6kg\u00bb<\/p>","protected":false},"excerpt":{"rendered":"<p>Espejos de obsidiana en bruto, piezas naturales con superficies lisas y reflectantes caracter\u00edsticas de esta piedra volc\u00e1nica negra. Utilizados para protecci\u00f3n energ\u00e9tica, meditaci\u00f3n y como herramientas para la introspecci\u00f3n y la claridad mental. VENTA POR KG. De 1kg a 6kg\u00bb<\/p>","protected":false},"featured_media":0,"template":"","meta":[],"product_brand":[],"product_cat":[148],"product_tag":[300],"class_list":{"0":"post-16538","1":"product","2":"type-product","3":"status-publish","5":"product_cat-pulido-formas","6":"product_tag-obsidiana","8":"first","9":"outofstock","10":"taxable","11":"shipping-taxable","12":"purchasable","13":"product-type-simple"},"_links":{"self":[{"href":"https:\/\/geabarcelona.com\/ca\/wp-json\/wp\/v2\/product\/16538","targetHints":{"allow":["GET"]}}],"collection":[{"href":"https:\/\/geabarcelona.com\/ca\/wp-json\/wp\/v2\/product"}],"about":[{"href":"https:\/\/geabarcelona.com\/ca\/wp-json\/wp\/v2\/types\/product"}],"version-history":[{"count":2,"href":"https:\/\/geabarcelona.com\/ca\/wp-json\/wp\/v2\/product\/16538\/revisions"}],"predecessor-version":[{"id":19343,"href":"https:\/\/geabarcelona.com\/ca\/wp-json\/wp\/v2\/product\/16538\/revisions\/19343"}],"wp:attachment":[{"href":"https:\/\/geabarcelona.com\/ca\/wp-json\/wp\/v2\/media?parent=16538"}],"wp:term":[{"taxonomy":"product_brand","embeddable":true,"href":"https:\/\/geabarcelona.com\/ca\/wp-json\/wp\/v2\/product_brand?post=16538"},{"taxonomy":"product_cat","embeddable":true,"href":"https:\/\/geabarcelona.com\/ca\/wp-json\/wp\/v2\/product_cat?post=16538"},{"taxonomy":"product_tag","embeddable":true,"href":"https:\/\/geabarcelona.com\/ca\/wp-json\/wp\/v2\/product_tag?post=16538"}],"curies":[{"name":"wp","href":"https:\/\/api.w.org\/{rel}","templated":true}]}}