{"id":16544,"date":"2024-03-01T14:32:03","date_gmt":"2024-03-01T13:32:03","guid":{"rendered":"https:\/\/geabarcelona.com\/producto\/llamas-de-agata-con-amatista\/"},"modified":"2025-11-21T11:17:38","modified_gmt":"2025-11-21T10:17:38","slug":"llamas-de-agata-con-amatista","status":"publish","type":"product","link":"https:\/\/geabarcelona.com\/ca\/producte\/llamas-de-agata-con-amatista\/","title":{"rendered":"Flames d&#039;\u00c0gata amb Ametista"},"content":{"rendered":"<p>\u00c1gata con amatista pulida en forma de llama. Esta forma simboliza transformaci\u00f3n y energ\u00eda en movimiento, lo que la convierte en una excelente opci\u00f3n decorativa o energ\u00e9tica para espacios que buscan protecci\u00f3n y renovaci\u00f3n. \u00ab<\/p>","protected":false},"excerpt":{"rendered":"<p>\u00c1gata con amatista pulida en forma de llama. Esta forma simboliza transformaci\u00f3n y energ\u00eda en movimiento, lo que la convierte en una excelente opci\u00f3n decorativa o energ\u00e9tica para espacios que buscan protecci\u00f3n y renovaci\u00f3n. \u00ab<\/p>","protected":false},"featured_media":0,"template":"","meta":[],"product_brand":[],"product_cat":[148,140],"product_tag":[176,245],"class_list":{"0":"post-16544","1":"product","2":"type-product","3":"status-publish","5":"product_cat-pulido-formas","6":"product_cat-uruguay","7":"product_tag-agata","8":"product_tag-amatista","10":"first","11":"instock","12":"taxable","13":"shipping-taxable","14":"purchasable","15":"product-type-simple"},"_links":{"self":[{"href":"https:\/\/geabarcelona.com\/ca\/wp-json\/wp\/v2\/product\/16544","targetHints":{"allow":["GET"]}}],"collection":[{"href":"https:\/\/geabarcelona.com\/ca\/wp-json\/wp\/v2\/product"}],"about":[{"href":"https:\/\/geabarcelona.com\/ca\/wp-json\/wp\/v2\/types\/product"}],"version-history":[{"count":2,"href":"https:\/\/geabarcelona.com\/ca\/wp-json\/wp\/v2\/product\/16544\/revisions"}],"predecessor-version":[{"id":19342,"href":"https:\/\/geabarcelona.com\/ca\/wp-json\/wp\/v2\/product\/16544\/revisions\/19342"}],"wp:attachment":[{"href":"https:\/\/geabarcelona.com\/ca\/wp-json\/wp\/v2\/media?parent=16544"}],"wp:term":[{"taxonomy":"product_brand","embeddable":true,"href":"https:\/\/geabarcelona.com\/ca\/wp-json\/wp\/v2\/product_brand?post=16544"},{"taxonomy":"product_cat","embeddable":true,"href":"https:\/\/geabarcelona.com\/ca\/wp-json\/wp\/v2\/product_cat?post=16544"},{"taxonomy":"product_tag","embeddable":true,"href":"https:\/\/geabarcelona.com\/ca\/wp-json\/wp\/v2\/product_tag?post=16544"}],"curies":[{"name":"wp","href":"https:\/\/api.w.org\/{rel}","templated":true}]}}