{"id":16590,"date":"2024-03-05T12:41:54","date_gmt":"2024-03-05T11:41:54","guid":{"rendered":"https:\/\/geabarcelona.com\/producto\/calavera-cuarzo-rosa\/"},"modified":"2025-12-11T11:28:42","modified_gmt":"2025-12-11T10:28:42","slug":"calavera-cuarzo-rosa","status":"publish","type":"product","link":"https:\/\/geabarcelona.com\/ca\/producte\/calavera-cuarzo-rosa\/","title":{"rendered":"Calavera cuarzo rosa"},"content":{"rendered":"<p>Calavera tallada en cuarzo rosa, con su caracter\u00edstico tono rosado suave y acabado brillante. Conocidas por su asociaci\u00f3n con el amor y la armon\u00eda, son ideales para decoraci\u00f3n, colecci\u00f3n o pr\u00e1cticas energ\u00e9ticas enfocadas en la calma emocional.<br \/>\nVenta por unidad<\/p>","protected":false},"excerpt":{"rendered":"<p>Calavera tallada en cuarzo rosa, con su caracter\u00edstico tono rosado suave y acabado brillante. Conocidas por su asociaci\u00f3n con el amor y la armon\u00eda, son ideales para decoraci\u00f3n, colecci\u00f3n o pr\u00e1cticas energ\u00e9ticas enfocadas en la calma emocional. Venta por unidad<\/p>","protected":false},"featured_media":18036,"template":"","meta":[],"product_brand":[],"product_cat":[149,148,147],"product_tag":[179],"class_list":{"0":"post-16590","1":"product","2":"type-product","3":"status-publish","4":"has-post-thumbnail","6":"product_cat-decoracion-lamparas","7":"product_cat-pulido-formas","8":"product_cat-terapias-hogar","9":"product_tag-cuarzo-rosa","11":"first","12":"instock","13":"taxable","14":"shipping-taxable","15":"purchasable","16":"product-type-simple"},"_links":{"self":[{"href":"https:\/\/geabarcelona.com\/ca\/wp-json\/wp\/v2\/product\/16590","targetHints":{"allow":["GET"]}}],"collection":[{"href":"https:\/\/geabarcelona.com\/ca\/wp-json\/wp\/v2\/product"}],"about":[{"href":"https:\/\/geabarcelona.com\/ca\/wp-json\/wp\/v2\/types\/product"}],"version-history":[{"count":2,"href":"https:\/\/geabarcelona.com\/ca\/wp-json\/wp\/v2\/product\/16590\/revisions"}],"predecessor-version":[{"id":18299,"href":"https:\/\/geabarcelona.com\/ca\/wp-json\/wp\/v2\/product\/16590\/revisions\/18299"}],"wp:featuredmedia":[{"embeddable":true,"href":"https:\/\/geabarcelona.com\/ca\/wp-json\/wp\/v2\/media\/18036"}],"wp:attachment":[{"href":"https:\/\/geabarcelona.com\/ca\/wp-json\/wp\/v2\/media?parent=16590"}],"wp:term":[{"taxonomy":"product_brand","embeddable":true,"href":"https:\/\/geabarcelona.com\/ca\/wp-json\/wp\/v2\/product_brand?post=16590"},{"taxonomy":"product_cat","embeddable":true,"href":"https:\/\/geabarcelona.com\/ca\/wp-json\/wp\/v2\/product_cat?post=16590"},{"taxonomy":"product_tag","embeddable":true,"href":"https:\/\/geabarcelona.com\/ca\/wp-json\/wp\/v2\/product_tag?post=16590"}],"curies":[{"name":"wp","href":"https:\/\/api.w.org\/{rel}","templated":true}]}}