{"id":16600,"date":"2024-03-05T12:51:51","date_gmt":"2024-03-05T11:51:51","guid":{"rendered":"https:\/\/geabarcelona.com\/producto\/calavera-de-obsidiana-negra\/"},"modified":"2025-12-11T11:29:38","modified_gmt":"2025-12-11T10:29:38","slug":"calavera-de-obsidiana-negra","status":"publish","type":"product","link":"https:\/\/geabarcelona.com\/ca\/producte\/calavera-de-obsidiana-negra\/","title":{"rendered":"Calavera de obsidiana negra"},"content":{"rendered":"<p>Calavera tallada en obsidiana negra, con superficie lisa y brillo profundo. Conocida por su energ\u00eda protectora y capacidad para absorber negatividad. Ideal para uso personal, meditaci\u00f3n, colecci\u00f3n o decoraci\u00f3n.<br \/>\nVenta por unidad<\/p>","protected":false},"excerpt":{"rendered":"<p>Calavera tallada en obsidiana negra, con superficie lisa y brillo profundo. Conocida por su energ\u00eda protectora y capacidad para absorber negatividad. Ideal para uso personal, meditaci\u00f3n, colecci\u00f3n o decoraci\u00f3n. Venta por unidad<\/p>","protected":false},"featured_media":18030,"template":"","meta":[],"product_brand":[],"product_cat":[149,148,147],"product_tag":[300],"class_list":{"0":"post-16600","1":"product","2":"type-product","3":"status-publish","4":"has-post-thumbnail","6":"product_cat-decoracion-lamparas","7":"product_cat-pulido-formas","8":"product_cat-terapias-hogar","9":"product_tag-obsidiana","11":"first","12":"instock","13":"taxable","14":"shipping-taxable","15":"purchasable","16":"product-type-simple"},"_links":{"self":[{"href":"https:\/\/geabarcelona.com\/ca\/wp-json\/wp\/v2\/product\/16600","targetHints":{"allow":["GET"]}}],"collection":[{"href":"https:\/\/geabarcelona.com\/ca\/wp-json\/wp\/v2\/product"}],"about":[{"href":"https:\/\/geabarcelona.com\/ca\/wp-json\/wp\/v2\/types\/product"}],"version-history":[{"count":2,"href":"https:\/\/geabarcelona.com\/ca\/wp-json\/wp\/v2\/product\/16600\/revisions"}],"predecessor-version":[{"id":18301,"href":"https:\/\/geabarcelona.com\/ca\/wp-json\/wp\/v2\/product\/16600\/revisions\/18301"}],"wp:featuredmedia":[{"embeddable":true,"href":"https:\/\/geabarcelona.com\/ca\/wp-json\/wp\/v2\/media\/18030"}],"wp:attachment":[{"href":"https:\/\/geabarcelona.com\/ca\/wp-json\/wp\/v2\/media?parent=16600"}],"wp:term":[{"taxonomy":"product_brand","embeddable":true,"href":"https:\/\/geabarcelona.com\/ca\/wp-json\/wp\/v2\/product_brand?post=16600"},{"taxonomy":"product_cat","embeddable":true,"href":"https:\/\/geabarcelona.com\/ca\/wp-json\/wp\/v2\/product_cat?post=16600"},{"taxonomy":"product_tag","embeddable":true,"href":"https:\/\/geabarcelona.com\/ca\/wp-json\/wp\/v2\/product_tag?post=16600"}],"curies":[{"name":"wp","href":"https:\/\/api.w.org\/{rel}","templated":true}]}}