{"id":16606,"date":"2024-03-05T13:00:05","date_gmt":"2024-03-05T12:00:05","guid":{"rendered":"https:\/\/geabarcelona.com\/producto\/piramide-de-amatista\/"},"modified":"2025-06-19T08:43:44","modified_gmt":"2025-06-19T06:43:44","slug":"piramide-de-amatista","status":"publish","type":"product","link":"https:\/\/geabarcelona.com\/ca\/producte\/piramide-de-amatista\/","title":{"rendered":"Piramide de amatista"},"content":{"rendered":"<p>Piramide tallada en amatista, con su caracter\u00edstico tono violeta y acabado brillante. Son ideales para decoraci\u00f3n, colecci\u00f3n o pr\u00e1cticas energ\u00e9ticas enfocadas en la calma emocional.<\/p>","protected":false},"excerpt":{"rendered":"<p>Piramide tallada en amatista, con su caracter\u00edstico tono violeta y acabado brillante. Son ideales para decoraci\u00f3n, colecci\u00f3n o pr\u00e1cticas energ\u00e9ticas enfocadas en la calma emocional.<\/p>","protected":false},"featured_media":18026,"template":"","meta":[],"product_brand":[],"product_cat":[148,147],"product_tag":[245],"class_list":{"0":"post-16606","1":"product","2":"type-product","3":"status-publish","4":"has-post-thumbnail","6":"product_cat-pulido-formas","7":"product_cat-terapias-hogar","8":"product_tag-amatista","10":"first","11":"instock","12":"taxable","13":"shipping-taxable","14":"purchasable","15":"product-type-simple"},"_links":{"self":[{"href":"https:\/\/geabarcelona.com\/ca\/wp-json\/wp\/v2\/product\/16606","targetHints":{"allow":["GET"]}}],"collection":[{"href":"https:\/\/geabarcelona.com\/ca\/wp-json\/wp\/v2\/product"}],"about":[{"href":"https:\/\/geabarcelona.com\/ca\/wp-json\/wp\/v2\/types\/product"}],"version-history":[{"count":2,"href":"https:\/\/geabarcelona.com\/ca\/wp-json\/wp\/v2\/product\/16606\/revisions"}],"predecessor-version":[{"id":18151,"href":"https:\/\/geabarcelona.com\/ca\/wp-json\/wp\/v2\/product\/16606\/revisions\/18151"}],"wp:featuredmedia":[{"embeddable":true,"href":"https:\/\/geabarcelona.com\/ca\/wp-json\/wp\/v2\/media\/18026"}],"wp:attachment":[{"href":"https:\/\/geabarcelona.com\/ca\/wp-json\/wp\/v2\/media?parent=16606"}],"wp:term":[{"taxonomy":"product_brand","embeddable":true,"href":"https:\/\/geabarcelona.com\/ca\/wp-json\/wp\/v2\/product_brand?post=16606"},{"taxonomy":"product_cat","embeddable":true,"href":"https:\/\/geabarcelona.com\/ca\/wp-json\/wp\/v2\/product_cat?post=16606"},{"taxonomy":"product_tag","embeddable":true,"href":"https:\/\/geabarcelona.com\/ca\/wp-json\/wp\/v2\/product_tag?post=16606"}],"curies":[{"name":"wp","href":"https:\/\/api.w.org\/{rel}","templated":true}]}}