{"id":16625,"date":"2024-03-05T13:28:16","date_gmt":"2024-03-05T12:28:16","guid":{"rendered":"https:\/\/geabarcelona.com\/producto\/huevo-de-obsidiana\/"},"modified":"2025-06-19T08:44:02","modified_gmt":"2025-06-19T06:44:02","slug":"huevo-de-obsidiana","status":"publish","type":"product","link":"https:\/\/geabarcelona.com\/ca\/producte\/huevo-de-obsidiana\/","title":{"rendered":"Huevo de obsidiana"},"content":{"rendered":"<p>Obsidiana pulida en forma de huevo. Cada pieza es \u00fanica y perfecta para decoraci\u00f3n, colecci\u00f3n o uso en terapias energ\u00e9ticas.<br \/>\nVenta por unidad.<\/p>","protected":false},"excerpt":{"rendered":"<p>Obsidiana pulida en forma de huevo. Cada pieza es \u00fanica y perfecta para decoraci\u00f3n, colecci\u00f3n o uso en terapias energ\u00e9ticas. Venta por unidad.<\/p>","protected":false},"featured_media":18019,"template":"","meta":[],"product_brand":[],"product_cat":[148,147],"product_tag":[300],"class_list":{"0":"post-16625","1":"product","2":"type-product","3":"status-publish","4":"has-post-thumbnail","6":"product_cat-pulido-formas","7":"product_cat-terapias-hogar","8":"product_tag-obsidiana","10":"first","11":"instock","12":"taxable","13":"shipping-taxable","14":"purchasable","15":"product-type-simple"},"_links":{"self":[{"href":"https:\/\/geabarcelona.com\/ca\/wp-json\/wp\/v2\/product\/16625","targetHints":{"allow":["GET"]}}],"collection":[{"href":"https:\/\/geabarcelona.com\/ca\/wp-json\/wp\/v2\/product"}],"about":[{"href":"https:\/\/geabarcelona.com\/ca\/wp-json\/wp\/v2\/types\/product"}],"version-history":[{"count":2,"href":"https:\/\/geabarcelona.com\/ca\/wp-json\/wp\/v2\/product\/16625\/revisions"}],"predecessor-version":[{"id":18380,"href":"https:\/\/geabarcelona.com\/ca\/wp-json\/wp\/v2\/product\/16625\/revisions\/18380"}],"wp:featuredmedia":[{"embeddable":true,"href":"https:\/\/geabarcelona.com\/ca\/wp-json\/wp\/v2\/media\/18019"}],"wp:attachment":[{"href":"https:\/\/geabarcelona.com\/ca\/wp-json\/wp\/v2\/media?parent=16625"}],"wp:term":[{"taxonomy":"product_brand","embeddable":true,"href":"https:\/\/geabarcelona.com\/ca\/wp-json\/wp\/v2\/product_brand?post=16625"},{"taxonomy":"product_cat","embeddable":true,"href":"https:\/\/geabarcelona.com\/ca\/wp-json\/wp\/v2\/product_cat?post=16625"},{"taxonomy":"product_tag","embeddable":true,"href":"https:\/\/geabarcelona.com\/ca\/wp-json\/wp\/v2\/product_tag?post=16625"}],"curies":[{"name":"wp","href":"https:\/\/api.w.org\/{rel}","templated":true}]}}