{"id":16737,"date":"2024-06-11T11:32:26","date_gmt":"2024-06-11T09:32:26","guid":{"rendered":"https:\/\/geabarcelona.com\/producto\/mini-drusa-aura-titaneo\/"},"modified":"2025-12-11T11:29:58","modified_gmt":"2025-12-11T10:29:58","slug":"mini-drusa-aura-titaneo","status":"publish","type":"product","link":"https:\/\/geabarcelona.com\/ca\/producte\/mini-drusa-aura-titaneo\/","title":{"rendered":"Mini drusa aura titani"},"content":{"rendered":"<p>Drusa mini de aura titaneo . Ideal para decoraci\u00f3n, protecci\u00f3n energ\u00e9tica y espacios. Venta por UNIDAD\u00bb<\/p>","protected":false},"excerpt":{"rendered":"<p>Drusa mini de aura titaneo . Ideal para decoraci\u00f3n, protecci\u00f3n energ\u00e9tica y espacios. Venta por UNIDAD\u00bb<\/p>","protected":false},"featured_media":13575,"template":"","meta":[],"product_brand":[],"product_cat":[149,129,147],"product_tag":[347],"class_list":{"0":"post-16737","1":"product","2":"type-product","3":"status-publish","4":"has-post-thumbnail","6":"product_cat-decoracion-lamparas","7":"product_cat-drusas","8":"product_cat-terapias-hogar","9":"product_tag-titaneo","11":"first","12":"instock","13":"taxable","14":"shipping-taxable","15":"purchasable","16":"product-type-simple"},"_links":{"self":[{"href":"https:\/\/geabarcelona.com\/ca\/wp-json\/wp\/v2\/product\/16737","targetHints":{"allow":["GET"]}}],"collection":[{"href":"https:\/\/geabarcelona.com\/ca\/wp-json\/wp\/v2\/product"}],"about":[{"href":"https:\/\/geabarcelona.com\/ca\/wp-json\/wp\/v2\/types\/product"}],"version-history":[{"count":2,"href":"https:\/\/geabarcelona.com\/ca\/wp-json\/wp\/v2\/product\/16737\/revisions"}],"predecessor-version":[{"id":19354,"href":"https:\/\/geabarcelona.com\/ca\/wp-json\/wp\/v2\/product\/16737\/revisions\/19354"}],"wp:featuredmedia":[{"embeddable":true,"href":"https:\/\/geabarcelona.com\/ca\/wp-json\/wp\/v2\/media\/13575"}],"wp:attachment":[{"href":"https:\/\/geabarcelona.com\/ca\/wp-json\/wp\/v2\/media?parent=16737"}],"wp:term":[{"taxonomy":"product_brand","embeddable":true,"href":"https:\/\/geabarcelona.com\/ca\/wp-json\/wp\/v2\/product_brand?post=16737"},{"taxonomy":"product_cat","embeddable":true,"href":"https:\/\/geabarcelona.com\/ca\/wp-json\/wp\/v2\/product_cat?post=16737"},{"taxonomy":"product_tag","embeddable":true,"href":"https:\/\/geabarcelona.com\/ca\/wp-json\/wp\/v2\/product_tag?post=16737"}],"curies":[{"name":"wp","href":"https:\/\/api.w.org\/{rel}","templated":true}]}}