{"id":17087,"date":"2025-02-05T12:05:58","date_gmt":"2025-02-05T11:05:58","guid":{"rendered":"https:\/\/geabarcelona.com\/?post_type=product&#038;p=17087"},"modified":"2025-06-19T08:43:44","modified_gmt":"2025-06-19T06:43:44","slug":"lampara-de-sal-escenario-arbol-de-la-vida-corazon","status":"publish","type":"product","link":"https:\/\/geabarcelona.com\/ca\/producte\/lampara-de-sal-escenario-arbol-de-la-vida-corazon\/","title":{"rendered":"L\u00c0MPADA DE SAL ESCENARI ARBRE DE LA VIDA (COR)"},"content":{"rendered":"<p>Esta l\u00e1mpara est\u00e1 tallada con aut\u00e9ntica sal rosa del Himalaya e incorpora el s\u00edmbolo del \u00e1rbol de la vida. Su luz c\u00e1lida y suave crea un ambiente natural y sereno, ideal para relajar y purificar cualquier espacio en tu hogar. Medidas: 22 cm de alto x 20 cm de ancho x 10 cm de profundidad. Peso aproximado: 4,5 kg.<\/p>","protected":false},"excerpt":{"rendered":"<table width=\"285\">\n<tbody>\n<tr>\n<td width=\"285\">INCLUYE CABLE Y BOMBILLA<\/td>\n<\/tr>\n<\/tbody>\n<\/table>\n<table style=\"height: 34px\" width=\"145\">\n<tbody>\n<tr>\n<td width=\"101\">REF: SALDIB826<\/td>\n<\/tr>\n<\/tbody>\n<\/table>","protected":false},"featured_media":17088,"template":"","meta":[],"product_brand":[],"product_cat":[149],"product_tag":[185],"class_list":{"0":"post-17087","1":"product","2":"type-product","3":"status-publish","4":"has-post-thumbnail","6":"product_cat-decoracion-lamparas","7":"product_tag-lampara","9":"first","10":"instock","11":"taxable","12":"shipping-taxable","13":"purchasable","14":"product-type-simple"},"_links":{"self":[{"href":"https:\/\/geabarcelona.com\/ca\/wp-json\/wp\/v2\/product\/17087","targetHints":{"allow":["GET"]}}],"collection":[{"href":"https:\/\/geabarcelona.com\/ca\/wp-json\/wp\/v2\/product"}],"about":[{"href":"https:\/\/geabarcelona.com\/ca\/wp-json\/wp\/v2\/types\/product"}],"version-history":[{"count":6,"href":"https:\/\/geabarcelona.com\/ca\/wp-json\/wp\/v2\/product\/17087\/revisions"}],"predecessor-version":[{"id":18147,"href":"https:\/\/geabarcelona.com\/ca\/wp-json\/wp\/v2\/product\/17087\/revisions\/18147"}],"wp:featuredmedia":[{"embeddable":true,"href":"https:\/\/geabarcelona.com\/ca\/wp-json\/wp\/v2\/media\/17088"}],"wp:attachment":[{"href":"https:\/\/geabarcelona.com\/ca\/wp-json\/wp\/v2\/media?parent=17087"}],"wp:term":[{"taxonomy":"product_brand","embeddable":true,"href":"https:\/\/geabarcelona.com\/ca\/wp-json\/wp\/v2\/product_brand?post=17087"},{"taxonomy":"product_cat","embeddable":true,"href":"https:\/\/geabarcelona.com\/ca\/wp-json\/wp\/v2\/product_cat?post=17087"},{"taxonomy":"product_tag","embeddable":true,"href":"https:\/\/geabarcelona.com\/ca\/wp-json\/wp\/v2\/product_tag?post=17087"}],"curies":[{"name":"wp","href":"https:\/\/api.w.org\/{rel}","templated":true}]}}