{"id":17241,"date":"2025-02-06T15:10:13","date_gmt":"2025-02-06T14:10:13","guid":{"rendered":"https:\/\/geabarcelona.com\/?post_type=product&#038;p=17241"},"modified":"2025-12-11T13:01:30","modified_gmt":"2025-12-11T12:01:30","slug":"flat-cuarzo-blanco-50-150gr","status":"publish","type":"product","link":"https:\/\/geabarcelona.com\/ca\/producte\/flat-cuarzo-blanco-50-150gr\/","title":{"rendered":"FLAT QUAR\u00c7 BLANC 50-150GR"},"content":{"rendered":"<p>Selecci\u00f3n de cuarzo blanco natural, con peso entre 50 y 150 gramos. Presenta una superficie pulida que realza su transparencia y brillo caracter\u00edsticos. Ideal para decoraci\u00f3n, colecci\u00f3n o pr\u00e1cticas energ\u00e9ticas que buscan claridad y limpieza.<br \/>\nventa por unidad<\/p>","protected":false},"excerpt":{"rendered":"<p>Caja de drusas y puntas de cuarzo blanco de 100-150 gramos \/ 2-4cm<\/p>","protected":false},"featured_media":18394,"template":"","meta":[],"product_brand":[],"product_cat":[153,151],"product_tag":[211],"class_list":{"0":"post-17241","1":"product","2":"type-product","3":"status-publish","4":"has-post-thumbnail","6":"product_cat-catalogo","7":"product_cat-packs-cajas","8":"product_tag-decoracion","10":"first","11":"instock","12":"taxable","13":"shipping-taxable","14":"purchasable","15":"product-type-simple"},"_links":{"self":[{"href":"https:\/\/geabarcelona.com\/ca\/wp-json\/wp\/v2\/product\/17241","targetHints":{"allow":["GET"]}}],"collection":[{"href":"https:\/\/geabarcelona.com\/ca\/wp-json\/wp\/v2\/product"}],"about":[{"href":"https:\/\/geabarcelona.com\/ca\/wp-json\/wp\/v2\/types\/product"}],"version-history":[{"count":2,"href":"https:\/\/geabarcelona.com\/ca\/wp-json\/wp\/v2\/product\/17241\/revisions"}],"predecessor-version":[{"id":18372,"href":"https:\/\/geabarcelona.com\/ca\/wp-json\/wp\/v2\/product\/17241\/revisions\/18372"}],"wp:featuredmedia":[{"embeddable":true,"href":"https:\/\/geabarcelona.com\/ca\/wp-json\/wp\/v2\/media\/18394"}],"wp:attachment":[{"href":"https:\/\/geabarcelona.com\/ca\/wp-json\/wp\/v2\/media?parent=17241"}],"wp:term":[{"taxonomy":"product_brand","embeddable":true,"href":"https:\/\/geabarcelona.com\/ca\/wp-json\/wp\/v2\/product_brand?post=17241"},{"taxonomy":"product_cat","embeddable":true,"href":"https:\/\/geabarcelona.com\/ca\/wp-json\/wp\/v2\/product_cat?post=17241"},{"taxonomy":"product_tag","embeddable":true,"href":"https:\/\/geabarcelona.com\/ca\/wp-json\/wp\/v2\/product_tag?post=17241"}],"curies":[{"name":"wp","href":"https:\/\/api.w.org\/{rel}","templated":true}]}}