{"id":17356,"date":"2025-02-17T15:57:16","date_gmt":"2025-02-17T14:57:16","guid":{"rendered":"https:\/\/geabarcelona.com\/?post_type=product&#038;p=17356"},"modified":"2025-12-10T17:45:21","modified_gmt":"2025-12-10T16:45:21","slug":"mineral-bruto-carborundum","status":"publish","type":"product","link":"https:\/\/geabarcelona.com\/ca\/producto\/mineral-bruto-carborundum\/","title":{"rendered":"MINERAL BRUTO  CARBORUNDUM"},"content":{"rendered":"<p>El carborundum, tambi\u00e9n conocido como carburo de silicio, es un compuesto creado a partir de s\u00edlice y carbono, reconocido por su iridiscencia met\u00e1lica con tonos arco\u00edris. Aunque no es un mineral natural, se valora tanto por su belleza como por sus propiedades energ\u00e9ticas. Espiritualmente, el carborundum es utilizado para limpiar y proteger el campo \u00e1urico, elevar la vibraci\u00f3n personal y fomentar la conexi\u00f3n espiritual. precio\/kg\u00bb<\/p>","protected":false},"excerpt":{"rendered":"<p>El carborundum, tambi\u00e9n conocido como carburo de silicio, es un compuesto creado a partir de s\u00edlice y carbono, reconocido por su iridiscencia met\u00e1lica con tonos arco\u00edris. Aunque no es un mineral natural, se valora tanto por su belleza como por sus propiedades energ\u00e9ticas. Espiritualmente, el carborundum es utilizado para limpiar y proteger el campo \u00e1urico, [&hellip;]<\/p>\n","protected":false},"featured_media":17357,"template":"","meta":[],"product_brand":[],"product_cat":[153],"product_tag":[438],"class_list":{"0":"post-17356","1":"product","2":"type-product","3":"status-publish","4":"has-post-thumbnail","6":"product_cat-catalogo","7":"product_tag-carborundum","9":"first","10":"instock","11":"taxable","12":"shipping-taxable","13":"purchasable","14":"product-type-simple"},"_links":{"self":[{"href":"https:\/\/geabarcelona.com\/ca\/wp-json\/wp\/v2\/product\/17356","targetHints":{"allow":["GET"]}}],"collection":[{"href":"https:\/\/geabarcelona.com\/ca\/wp-json\/wp\/v2\/product"}],"about":[{"href":"https:\/\/geabarcelona.com\/ca\/wp-json\/wp\/v2\/types\/product"}],"version-history":[{"count":2,"href":"https:\/\/geabarcelona.com\/ca\/wp-json\/wp\/v2\/product\/17356\/revisions"}],"predecessor-version":[{"id":19385,"href":"https:\/\/geabarcelona.com\/ca\/wp-json\/wp\/v2\/product\/17356\/revisions\/19385"}],"wp:featuredmedia":[{"embeddable":true,"href":"https:\/\/geabarcelona.com\/ca\/wp-json\/wp\/v2\/media\/17357"}],"wp:attachment":[{"href":"https:\/\/geabarcelona.com\/ca\/wp-json\/wp\/v2\/media?parent=17356"}],"wp:term":[{"taxonomy":"product_brand","embeddable":true,"href":"https:\/\/geabarcelona.com\/ca\/wp-json\/wp\/v2\/product_brand?post=17356"},{"taxonomy":"product_cat","embeddable":true,"href":"https:\/\/geabarcelona.com\/ca\/wp-json\/wp\/v2\/product_cat?post=17356"},{"taxonomy":"product_tag","embeddable":true,"href":"https:\/\/geabarcelona.com\/ca\/wp-json\/wp\/v2\/product_tag?post=17356"}],"curies":[{"name":"wp","href":"https:\/\/api.w.org\/{rel}","templated":true}]}}