{"id":17386,"date":"2025-02-17T16:11:45","date_gmt":"2025-02-17T15:11:45","guid":{"rendered":"https:\/\/geabarcelona.com\/?post_type=product&#038;p=17386"},"modified":"2025-06-19T08:43:46","modified_gmt":"2025-06-19T06:43:46","slug":"piedra-luna-flame","status":"publish","type":"product","link":"https:\/\/geabarcelona.com\/ca\/producte\/piedra-luna-flame\/","title":{"rendered":"PIEDRA LUNA FLAME"},"content":{"rendered":"<p>Piedra luna pulida en forma de llama. Esta forma simboliza transformaci\u00f3n y energ\u00eda en movimiento, lo que la convierte en una excelente opci\u00f3n decorativa o energ\u00e9tica para espacios que buscan protecci\u00f3n y renovaci\u00f3n.<\/p>\n<p>FLAME10BT<\/p>\n<p>PRECIO\/KG<\/p>","protected":false},"excerpt":{"rendered":"<p>Piedra luna pulida en forma de llama. Esta forma simboliza transformaci\u00f3n y energ\u00eda en movimiento, lo que la convierte en una excelente opci\u00f3n decorativa o energ\u00e9tica para espacios que buscan protecci\u00f3n y renovaci\u00f3n. FLAME10BT PRECIO\/KG<\/p>","protected":false},"featured_media":17827,"template":"","meta":[],"product_brand":[],"product_cat":[148,147],"product_tag":[176],"class_list":{"0":"post-17386","1":"product","2":"type-product","3":"status-publish","4":"has-post-thumbnail","6":"product_cat-pulido-formas","7":"product_cat-terapias-hogar","8":"product_tag-agata","10":"first","11":"instock","12":"taxable","13":"shipping-taxable","14":"purchasable","15":"product-type-simple"},"_links":{"self":[{"href":"https:\/\/geabarcelona.com\/ca\/wp-json\/wp\/v2\/product\/17386","targetHints":{"allow":["GET"]}}],"collection":[{"href":"https:\/\/geabarcelona.com\/ca\/wp-json\/wp\/v2\/product"}],"about":[{"href":"https:\/\/geabarcelona.com\/ca\/wp-json\/wp\/v2\/types\/product"}],"version-history":[{"count":2,"href":"https:\/\/geabarcelona.com\/ca\/wp-json\/wp\/v2\/product\/17386\/revisions"}],"predecessor-version":[{"id":18162,"href":"https:\/\/geabarcelona.com\/ca\/wp-json\/wp\/v2\/product\/17386\/revisions\/18162"}],"wp:featuredmedia":[{"embeddable":true,"href":"https:\/\/geabarcelona.com\/ca\/wp-json\/wp\/v2\/media\/17827"}],"wp:attachment":[{"href":"https:\/\/geabarcelona.com\/ca\/wp-json\/wp\/v2\/media?parent=17386"}],"wp:term":[{"taxonomy":"product_brand","embeddable":true,"href":"https:\/\/geabarcelona.com\/ca\/wp-json\/wp\/v2\/product_brand?post=17386"},{"taxonomy":"product_cat","embeddable":true,"href":"https:\/\/geabarcelona.com\/ca\/wp-json\/wp\/v2\/product_cat?post=17386"},{"taxonomy":"product_tag","embeddable":true,"href":"https:\/\/geabarcelona.com\/ca\/wp-json\/wp\/v2\/product_tag?post=17386"}],"curies":[{"name":"wp","href":"https:\/\/api.w.org\/{rel}","templated":true}]}}