{"id":17389,"date":"2025-02-17T16:12:57","date_gmt":"2025-02-17T15:12:57","guid":{"rendered":"https:\/\/geabarcelona.com\/?post_type=product&#038;p=17389"},"modified":"2025-12-10T17:34:06","modified_gmt":"2025-12-10T16:34:06","slug":"sodalita-flame","status":"publish","type":"product","link":"https:\/\/geabarcelona.com\/ca\/producte\/sodalita-flame\/","title":{"rendered":"SODALITA FLAME"},"content":{"rendered":"<p>Sodalita pulida en forma de llama. Esta forma simboliza transformaci\u00f3n y energ\u00eda en movimiento, lo que la convierte en una excelente opci\u00f3n decorativa o energ\u00e9tica para espacios que buscan protecci\u00f3n y renovaci\u00f3n.<\/p>\n<p>FLAME10BT<\/p>\n<p>PRECIO\/KG<\/p>","protected":false},"excerpt":{"rendered":"<p>Sodalita pulida en forma de llama. Esta forma simboliza transformaci\u00f3n y energ\u00eda en movimiento, lo que la convierte en una excelente opci\u00f3n decorativa o energ\u00e9tica para espacios que buscan protecci\u00f3n y renovaci\u00f3n. FLAME10BT PRECIO\/KG<\/p>","protected":false},"featured_media":17826,"template":"","meta":[],"product_brand":[],"product_cat":[148],"product_tag":[312],"class_list":{"0":"post-17389","1":"product","2":"type-product","3":"status-publish","4":"has-post-thumbnail","6":"product_cat-pulido-formas","7":"product_tag-sodalita","9":"first","10":"instock","11":"taxable","12":"shipping-taxable","13":"purchasable","14":"product-type-simple"},"_links":{"self":[{"href":"https:\/\/geabarcelona.com\/ca\/wp-json\/wp\/v2\/product\/17389","targetHints":{"allow":["GET"]}}],"collection":[{"href":"https:\/\/geabarcelona.com\/ca\/wp-json\/wp\/v2\/product"}],"about":[{"href":"https:\/\/geabarcelona.com\/ca\/wp-json\/wp\/v2\/types\/product"}],"version-history":[{"count":2,"href":"https:\/\/geabarcelona.com\/ca\/wp-json\/wp\/v2\/product\/17389\/revisions"}],"predecessor-version":[{"id":18164,"href":"https:\/\/geabarcelona.com\/ca\/wp-json\/wp\/v2\/product\/17389\/revisions\/18164"}],"wp:featuredmedia":[{"embeddable":true,"href":"https:\/\/geabarcelona.com\/ca\/wp-json\/wp\/v2\/media\/17826"}],"wp:attachment":[{"href":"https:\/\/geabarcelona.com\/ca\/wp-json\/wp\/v2\/media?parent=17389"}],"wp:term":[{"taxonomy":"product_brand","embeddable":true,"href":"https:\/\/geabarcelona.com\/ca\/wp-json\/wp\/v2\/product_brand?post=17389"},{"taxonomy":"product_cat","embeddable":true,"href":"https:\/\/geabarcelona.com\/ca\/wp-json\/wp\/v2\/product_cat?post=17389"},{"taxonomy":"product_tag","embeddable":true,"href":"https:\/\/geabarcelona.com\/ca\/wp-json\/wp\/v2\/product_tag?post=17389"}],"curies":[{"name":"wp","href":"https:\/\/api.w.org\/{rel}","templated":true}]}}