{"id":17404,"date":"2025-02-17T16:19:08","date_gmt":"2025-02-17T15:19:08","guid":{"rendered":"https:\/\/geabarcelona.com\/?post_type=product&#038;p=17404"},"modified":"2025-12-10T17:35:42","modified_gmt":"2025-12-10T16:35:42","slug":"flat-cuarzo-ahumado-50-150gr","status":"publish","type":"product","link":"https:\/\/geabarcelona.com\/ca\/producto\/flat-cuarzo-ahumado-50-150gr\/","title":{"rendered":"FLAT CUARZO AHUMADO 50-150GR"},"content":{"rendered":"<p>Selecci\u00f3n de piezas de cuarzo ahumado natural. Presentan tonos que van del gris transl\u00facido al marr\u00f3n oscuro, con superficies cristalinas que muestran su estructura natural. Ideales para decoraci\u00f3n, colecci\u00f3n o uso energ\u00e9tico enfocado en protecci\u00f3n y equilibrio.<br \/>\nPRECIO\/CAJA<\/p>\n<p>30-35U POR FLAT<\/p>","protected":false},"excerpt":{"rendered":"<p>Selecci\u00f3n de piezas de cuarzo ahumado natural. Presentan tonos que van del gris transl\u00facido al marr\u00f3n oscuro, con superficies cristalinas que muestran su estructura natural. Ideales para decoraci\u00f3n, colecci\u00f3n o uso energ\u00e9tico enfocado en protecci\u00f3n y equilibrio. PRECIO\/CAJA 30-35U POR FLAT<\/p>","protected":false},"featured_media":17405,"template":"","meta":[],"product_brand":[],"product_cat":[153],"product_tag":[311],"class_list":{"0":"post-17404","1":"product","2":"type-product","3":"status-publish","4":"has-post-thumbnail","6":"product_cat-catalogo","7":"product_tag-cuarzo-ahumado","9":"first","10":"instock","11":"taxable","12":"shipping-taxable","13":"purchasable","14":"product-type-simple"},"_links":{"self":[{"href":"https:\/\/geabarcelona.com\/ca\/wp-json\/wp\/v2\/product\/17404","targetHints":{"allow":["GET"]}}],"collection":[{"href":"https:\/\/geabarcelona.com\/ca\/wp-json\/wp\/v2\/product"}],"about":[{"href":"https:\/\/geabarcelona.com\/ca\/wp-json\/wp\/v2\/types\/product"}],"version-history":[{"count":3,"href":"https:\/\/geabarcelona.com\/ca\/wp-json\/wp\/v2\/product\/17404\/revisions"}],"predecessor-version":[{"id":18195,"href":"https:\/\/geabarcelona.com\/ca\/wp-json\/wp\/v2\/product\/17404\/revisions\/18195"}],"wp:featuredmedia":[{"embeddable":true,"href":"https:\/\/geabarcelona.com\/ca\/wp-json\/wp\/v2\/media\/17405"}],"wp:attachment":[{"href":"https:\/\/geabarcelona.com\/ca\/wp-json\/wp\/v2\/media?parent=17404"}],"wp:term":[{"taxonomy":"product_brand","embeddable":true,"href":"https:\/\/geabarcelona.com\/ca\/wp-json\/wp\/v2\/product_brand?post=17404"},{"taxonomy":"product_cat","embeddable":true,"href":"https:\/\/geabarcelona.com\/ca\/wp-json\/wp\/v2\/product_cat?post=17404"},{"taxonomy":"product_tag","embeddable":true,"href":"https:\/\/geabarcelona.com\/ca\/wp-json\/wp\/v2\/product_tag?post=17404"}],"curies":[{"name":"wp","href":"https:\/\/api.w.org\/{rel}","templated":true}]}}