{"id":17408,"date":"2025-02-17T16:20:30","date_gmt":"2025-02-17T15:20:30","guid":{"rendered":"https:\/\/geabarcelona.com\/?post_type=product&#038;p=17408"},"modified":"2025-12-11T11:31:53","modified_gmt":"2025-12-11T10:31:53","slug":"flat-cuarzo-ahumado-0-50gr","status":"publish","type":"product","link":"https:\/\/geabarcelona.com\/ca\/producto\/flat-cuarzo-ahumado-0-50gr\/","title":{"rendered":"FLAT CUARZO AHUMADO 0-50GR"},"content":{"rendered":"<p>Selecci\u00f3n de piezas de cuarzo ahumado natural. Presentan tonos que van del gris transl\u00facido al marr\u00f3n oscuro, con superficies cristalinas que muestran su estructura natural. Ideales para decoraci\u00f3n, colecci\u00f3n o uso energ\u00e9tico enfocado en protecci\u00f3n y equilibrio.<\/p>\n<p>80-100U POR FLAT<\/p>\n<p>PERCIO\/FLAT<\/p>","protected":false},"excerpt":{"rendered":"<p>Selecci\u00f3n de piezas de cuarzo ahumado natural. Presentan tonos que van del gris transl\u00facido al marr\u00f3n oscuro, con superficies cristalinas que muestran su estructura natural. Ideales para decoraci\u00f3n, colecci\u00f3n o uso energ\u00e9tico enfocado en protecci\u00f3n y equilibrio. 80-100U POR FLAT PERCIO\/FLAT<\/p>","protected":false},"featured_media":17833,"template":"","meta":[],"product_brand":[],"product_cat":[153,149,151,147],"product_tag":[311],"class_list":{"0":"post-17408","1":"product","2":"type-product","3":"status-publish","4":"has-post-thumbnail","6":"product_cat-catalogo","7":"product_cat-decoracion-lamparas","8":"product_cat-packs-cajas","9":"product_cat-terapias-hogar","10":"product_tag-cuarzo-ahumado","12":"first","13":"instock","14":"taxable","15":"shipping-taxable","16":"purchasable","17":"product-type-simple"},"_links":{"self":[{"href":"https:\/\/geabarcelona.com\/ca\/wp-json\/wp\/v2\/product\/17408","targetHints":{"allow":["GET"]}}],"collection":[{"href":"https:\/\/geabarcelona.com\/ca\/wp-json\/wp\/v2\/product"}],"about":[{"href":"https:\/\/geabarcelona.com\/ca\/wp-json\/wp\/v2\/types\/product"}],"version-history":[{"count":2,"href":"https:\/\/geabarcelona.com\/ca\/wp-json\/wp\/v2\/product\/17408\/revisions"}],"predecessor-version":[{"id":18177,"href":"https:\/\/geabarcelona.com\/ca\/wp-json\/wp\/v2\/product\/17408\/revisions\/18177"}],"wp:featuredmedia":[{"embeddable":true,"href":"https:\/\/geabarcelona.com\/ca\/wp-json\/wp\/v2\/media\/17833"}],"wp:attachment":[{"href":"https:\/\/geabarcelona.com\/ca\/wp-json\/wp\/v2\/media?parent=17408"}],"wp:term":[{"taxonomy":"product_brand","embeddable":true,"href":"https:\/\/geabarcelona.com\/ca\/wp-json\/wp\/v2\/product_brand?post=17408"},{"taxonomy":"product_cat","embeddable":true,"href":"https:\/\/geabarcelona.com\/ca\/wp-json\/wp\/v2\/product_cat?post=17408"},{"taxonomy":"product_tag","embeddable":true,"href":"https:\/\/geabarcelona.com\/ca\/wp-json\/wp\/v2\/product_tag?post=17408"}],"curies":[{"name":"wp","href":"https:\/\/api.w.org\/{rel}","templated":true}]}}