{"id":17414,"date":"2025-02-17T16:22:58","date_gmt":"2025-02-17T15:22:58","guid":{"rendered":"https:\/\/geabarcelona.com\/?post_type=product&#038;p=17414"},"modified":"2025-11-21T11:28:27","modified_gmt":"2025-11-21T10:28:27","slug":"flat-pirita","status":"publish","type":"product","link":"https:\/\/geabarcelona.com\/ca\/producte\/flat-pirita\/","title":{"rendered":"FLAT PIRITA"},"content":{"rendered":"<p>Selecci\u00f3n de piezas de pirita natural, muestran su caracter\u00edstico brillo met\u00e1lico dorado. Ideales para decoraci\u00f3n, colecci\u00f3n o uso energ\u00e9tico enfocado en la protecci\u00f3n, la abundancia y el fortalecimiento del entorno. \u00ab<\/p>","protected":false},"excerpt":{"rendered":"<p>Selecci\u00f3n de piezas de pirita natural, muestran su caracter\u00edstico brillo met\u00e1lico dorado. Ideales para decoraci\u00f3n, colecci\u00f3n o uso energ\u00e9tico enfocado en la protecci\u00f3n, la abundancia y el fortalecimiento del entorno. \u00ab<\/p>","protected":false},"featured_media":17415,"template":"","meta":[],"product_brand":[],"product_cat":[139],"product_tag":[163],"class_list":{"0":"post-17414","1":"product","2":"type-product","3":"status-publish","4":"has-post-thumbnail","6":"product_cat-brasil","7":"product_tag-pirita","9":"first","10":"instock","11":"taxable","12":"shipping-taxable","13":"purchasable","14":"product-type-simple"},"_links":{"self":[{"href":"https:\/\/geabarcelona.com\/ca\/wp-json\/wp\/v2\/product\/17414","targetHints":{"allow":["GET"]}}],"collection":[{"href":"https:\/\/geabarcelona.com\/ca\/wp-json\/wp\/v2\/product"}],"about":[{"href":"https:\/\/geabarcelona.com\/ca\/wp-json\/wp\/v2\/types\/product"}],"version-history":[{"count":2,"href":"https:\/\/geabarcelona.com\/ca\/wp-json\/wp\/v2\/product\/17414\/revisions"}],"predecessor-version":[{"id":19381,"href":"https:\/\/geabarcelona.com\/ca\/wp-json\/wp\/v2\/product\/17414\/revisions\/19381"}],"wp:featuredmedia":[{"embeddable":true,"href":"https:\/\/geabarcelona.com\/ca\/wp-json\/wp\/v2\/media\/17415"}],"wp:attachment":[{"href":"https:\/\/geabarcelona.com\/ca\/wp-json\/wp\/v2\/media?parent=17414"}],"wp:term":[{"taxonomy":"product_brand","embeddable":true,"href":"https:\/\/geabarcelona.com\/ca\/wp-json\/wp\/v2\/product_brand?post=17414"},{"taxonomy":"product_cat","embeddable":true,"href":"https:\/\/geabarcelona.com\/ca\/wp-json\/wp\/v2\/product_cat?post=17414"},{"taxonomy":"product_tag","embeddable":true,"href":"https:\/\/geabarcelona.com\/ca\/wp-json\/wp\/v2\/product_tag?post=17414"}],"curies":[{"name":"wp","href":"https:\/\/api.w.org\/{rel}","templated":true}]}}