{"id":17435,"date":"2025-02-17T16:32:25","date_gmt":"2025-02-17T15:32:25","guid":{"rendered":"https:\/\/geabarcelona.com\/?post_type=product&#038;p=17435"},"modified":"2025-06-19T08:43:46","modified_gmt":"2025-06-19T06:43:46","slug":"lepidolita-con-base-metal","status":"publish","type":"product","link":"https:\/\/geabarcelona.com\/ca\/producte\/lepidolita-con-base-metal\/","title":{"rendered":"LEPIDOLITA AMB BASE METALL"},"content":{"rendered":"<p>Pieza natural de lepidolita en estado bruto, montada sobre una base de metal resistente que realza su textura cruda y aut\u00e9ntica. Ideal para decoraci\u00f3n, protecci\u00f3n energ\u00e9tica y espacios con estilo r\u00fastico y moderno.<\/p>\n<p>MIXBM1BT<\/p>\n<p>PRECIO\/UNIDAD<\/p>","protected":false},"excerpt":{"rendered":"<p>Pieza natural de lepidolita en estado bruto, montada sobre una base de metal resistente que realza su textura cruda y aut\u00e9ntica. Ideal para decoraci\u00f3n, protecci\u00f3n energ\u00e9tica y espacios con estilo r\u00fastico y moderno. MIXBM1BT PRECIO\/UNIDAD<\/p>","protected":false},"featured_media":17436,"template":"","meta":[],"product_brand":[],"product_cat":[139],"product_tag":[211],"class_list":{"0":"post-17435","1":"product","2":"type-product","3":"status-publish","4":"has-post-thumbnail","6":"product_cat-brasil","7":"product_tag-decoracion","9":"first","10":"instock","11":"taxable","12":"shipping-taxable","13":"purchasable","14":"product-type-simple"},"_links":{"self":[{"href":"https:\/\/geabarcelona.com\/ca\/wp-json\/wp\/v2\/product\/17435","targetHints":{"allow":["GET"]}}],"collection":[{"href":"https:\/\/geabarcelona.com\/ca\/wp-json\/wp\/v2\/product"}],"about":[{"href":"https:\/\/geabarcelona.com\/ca\/wp-json\/wp\/v2\/types\/product"}],"version-history":[{"count":2,"href":"https:\/\/geabarcelona.com\/ca\/wp-json\/wp\/v2\/product\/17435\/revisions"}],"predecessor-version":[{"id":18166,"href":"https:\/\/geabarcelona.com\/ca\/wp-json\/wp\/v2\/product\/17435\/revisions\/18166"}],"wp:featuredmedia":[{"embeddable":true,"href":"https:\/\/geabarcelona.com\/ca\/wp-json\/wp\/v2\/media\/17436"}],"wp:attachment":[{"href":"https:\/\/geabarcelona.com\/ca\/wp-json\/wp\/v2\/media?parent=17435"}],"wp:term":[{"taxonomy":"product_brand","embeddable":true,"href":"https:\/\/geabarcelona.com\/ca\/wp-json\/wp\/v2\/product_brand?post=17435"},{"taxonomy":"product_cat","embeddable":true,"href":"https:\/\/geabarcelona.com\/ca\/wp-json\/wp\/v2\/product_cat?post=17435"},{"taxonomy":"product_tag","embeddable":true,"href":"https:\/\/geabarcelona.com\/ca\/wp-json\/wp\/v2\/product_tag?post=17435"}],"curies":[{"name":"wp","href":"https:\/\/api.w.org\/{rel}","templated":true}]}}