{"id":17467,"date":"2025-02-17T16:43:47","date_gmt":"2025-02-17T15:43:47","guid":{"rendered":"https:\/\/geabarcelona.com\/?post_type=product&#038;p=17467"},"modified":"2025-11-21T11:30:28","modified_gmt":"2025-11-21T10:30:28","slug":"forma-libre-cuarzo-rosa-apatito-septaria-opalo-verde-jaspe-lepidolita","status":"publish","type":"product","link":"https:\/\/geabarcelona.com\/ca\/producte\/forma-libre-cuarzo-rosa-apatito-septaria-opalo-verde-jaspe-lepidolita\/","title":{"rendered":"FORMA LIBRE CUARZO ROSA, APATITO, SEPTARIA, OPALO VERDE, JASPE, LEPIDOLITA"},"content":{"rendered":"<p>Formas de piedras naturales pulidas (amatista, ojo de tigre, lapisl\u00e1zuli y cuarzo rosa), ideales para decoraci\u00f3n o terapias energ\u00e9ticas  MIXFF9MAD. 250-500GR UNIDAD. PRECIO\/KG\u00bb<\/p>","protected":false},"excerpt":{"rendered":"<p>Formas de piedras naturales pulidas (amatista, ojo de tigre, lapisl\u00e1zuli y cuarzo rosa), ideales para decoraci\u00f3n o terapias energ\u00e9ticas MIXFF9MAD. 250-500GR UNIDAD. PRECIO\/KG\u00bb<\/p>","protected":false},"featured_media":17468,"template":"","meta":[],"product_brand":[],"product_cat":[148],"product_tag":[381,179,355,350,441,440],"class_list":{"0":"post-17467","1":"product","2":"type-product","3":"status-publish","4":"has-post-thumbnail","6":"product_cat-pulido-formas","7":"product_tag-apatito","8":"product_tag-cuarzo-rosa","9":"product_tag-jaspe","10":"product_tag-lepidolita","11":"product_tag-opalo-verde","12":"product_tag-septaria","14":"first","15":"instock","16":"taxable","17":"shipping-taxable","18":"purchasable","19":"product-type-simple"},"_links":{"self":[{"href":"https:\/\/geabarcelona.com\/ca\/wp-json\/wp\/v2\/product\/17467","targetHints":{"allow":["GET"]}}],"collection":[{"href":"https:\/\/geabarcelona.com\/ca\/wp-json\/wp\/v2\/product"}],"about":[{"href":"https:\/\/geabarcelona.com\/ca\/wp-json\/wp\/v2\/types\/product"}],"version-history":[{"count":3,"href":"https:\/\/geabarcelona.com\/ca\/wp-json\/wp\/v2\/product\/17467\/revisions"}],"predecessor-version":[{"id":19388,"href":"https:\/\/geabarcelona.com\/ca\/wp-json\/wp\/v2\/product\/17467\/revisions\/19388"}],"wp:featuredmedia":[{"embeddable":true,"href":"https:\/\/geabarcelona.com\/ca\/wp-json\/wp\/v2\/media\/17468"}],"wp:attachment":[{"href":"https:\/\/geabarcelona.com\/ca\/wp-json\/wp\/v2\/media?parent=17467"}],"wp:term":[{"taxonomy":"product_brand","embeddable":true,"href":"https:\/\/geabarcelona.com\/ca\/wp-json\/wp\/v2\/product_brand?post=17467"},{"taxonomy":"product_cat","embeddable":true,"href":"https:\/\/geabarcelona.com\/ca\/wp-json\/wp\/v2\/product_cat?post=17467"},{"taxonomy":"product_tag","embeddable":true,"href":"https:\/\/geabarcelona.com\/ca\/wp-json\/wp\/v2\/product_tag?post=17467"}],"curies":[{"name":"wp","href":"https:\/\/api.w.org\/{rel}","templated":true}]}}