{"id":18548,"date":"2025-07-17T10:43:00","date_gmt":"2025-07-17T08:43:00","guid":{"rendered":"https:\/\/geabarcelona.com\/?post_type=product&#038;p=18548"},"modified":"2025-12-11T11:32:50","modified_gmt":"2025-12-11T10:32:50","slug":"prismas-cuarzo-cristal-a","status":"publish","type":"product","link":"https:\/\/geabarcelona.com\/ca\/producte\/prismas-cuarzo-cristal-a\/","title":{"rendered":"PRISMAS CUARZO CRISTAL A"},"content":{"rendered":"<p>Prismas pulidos de cuarzo blanco, con un acabado transl\u00facido y brillo suave. Conocidas por su pureza visual y sus propiedades energ\u00e9ticas de limpieza y armonizaci\u00f3n. Ideales para decoraci\u00f3n, meditaci\u00f3n o colecci\u00f3n.<\/p>\n<p>&nbsp;<\/p>\n<p>&nbsp;<\/p>","protected":false},"excerpt":{"rendered":"<p>Prismas pulidos de cuarzo blanco, distintas medidas y pesos. Venta por kg<\/p>","protected":false},"featured_media":18551,"template":"","meta":[],"product_brand":[],"product_cat":[149,148,147],"product_tag":[313,316],"class_list":{"0":"post-18548","1":"product","2":"type-product","3":"status-publish","4":"has-post-thumbnail","6":"product_cat-decoracion-lamparas","7":"product_cat-pulido-formas","8":"product_cat-terapias-hogar","9":"product_tag-cristal","10":"product_tag-cuarzo-cristal","12":"first","13":"instock","14":"taxable","15":"shipping-taxable","16":"purchasable","17":"product-type-simple"},"_links":{"self":[{"href":"https:\/\/geabarcelona.com\/ca\/wp-json\/wp\/v2\/product\/18548","targetHints":{"allow":["GET"]}}],"collection":[{"href":"https:\/\/geabarcelona.com\/ca\/wp-json\/wp\/v2\/product"}],"about":[{"href":"https:\/\/geabarcelona.com\/ca\/wp-json\/wp\/v2\/types\/product"}],"version-history":[{"count":2,"href":"https:\/\/geabarcelona.com\/ca\/wp-json\/wp\/v2\/product\/18548\/revisions"}],"predecessor-version":[{"id":18553,"href":"https:\/\/geabarcelona.com\/ca\/wp-json\/wp\/v2\/product\/18548\/revisions\/18553"}],"wp:featuredmedia":[{"embeddable":true,"href":"https:\/\/geabarcelona.com\/ca\/wp-json\/wp\/v2\/media\/18551"}],"wp:attachment":[{"href":"https:\/\/geabarcelona.com\/ca\/wp-json\/wp\/v2\/media?parent=18548"}],"wp:term":[{"taxonomy":"product_brand","embeddable":true,"href":"https:\/\/geabarcelona.com\/ca\/wp-json\/wp\/v2\/product_brand?post=18548"},{"taxonomy":"product_cat","embeddable":true,"href":"https:\/\/geabarcelona.com\/ca\/wp-json\/wp\/v2\/product_cat?post=18548"},{"taxonomy":"product_tag","embeddable":true,"href":"https:\/\/geabarcelona.com\/ca\/wp-json\/wp\/v2\/product_tag?post=18548"}],"curies":[{"name":"wp","href":"https:\/\/api.w.org\/{rel}","templated":true}]}}