{"id":18568,"date":"2025-07-17T12:44:10","date_gmt":"2025-07-17T10:44:10","guid":{"rendered":"https:\/\/geabarcelona.com\/?post_type=product&#038;p=18568"},"modified":"2025-07-17T12:44:28","modified_gmt":"2025-07-17T10:44:28","slug":"huevos-mineral-mix","status":"publish","type":"product","link":"https:\/\/geabarcelona.com\/ca\/producte\/huevos-mineral-mix\/","title":{"rendered":"HUEVOS MINERAL MIX"},"content":{"rendered":"<table style=\"height: 108px\" width=\"1070\">\n<tbody>\n<tr>\n<td style=\"font-weight: 400\" width=\"565\">Selecci\u00f3n de distintos minerales en forma de huevo, con colores y vetas naturales. Perfectas para decoraci\u00f3n, colecci\u00f3n o uso energ\u00e9tico.<\/td>\n<\/tr>\n<\/tbody>\n<\/table>","protected":false},"excerpt":{"rendered":"<p>Minerales tallados en forma de huevo. Venta por Kg.<\/p>","protected":false},"featured_media":18569,"template":"","meta":[],"product_brand":[],"product_cat":[148,147],"product_tag":[319,165,169],"class_list":{"0":"post-18568","1":"product","2":"type-product","3":"status-publish","4":"has-post-thumbnail","6":"product_cat-pulido-formas","7":"product_cat-terapias-hogar","8":"product_tag-figuritas","9":"product_tag-mineral","10":"product_tag-venta-mayorista-de-minerales","12":"first","13":"instock","14":"taxable","15":"shipping-taxable","16":"purchasable","17":"product-type-simple"},"_links":{"self":[{"href":"https:\/\/geabarcelona.com\/ca\/wp-json\/wp\/v2\/product\/18568","targetHints":{"allow":["GET"]}}],"collection":[{"href":"https:\/\/geabarcelona.com\/ca\/wp-json\/wp\/v2\/product"}],"about":[{"href":"https:\/\/geabarcelona.com\/ca\/wp-json\/wp\/v2\/types\/product"}],"version-history":[{"count":1,"href":"https:\/\/geabarcelona.com\/ca\/wp-json\/wp\/v2\/product\/18568\/revisions"}],"predecessor-version":[{"id":18570,"href":"https:\/\/geabarcelona.com\/ca\/wp-json\/wp\/v2\/product\/18568\/revisions\/18570"}],"wp:featuredmedia":[{"embeddable":true,"href":"https:\/\/geabarcelona.com\/ca\/wp-json\/wp\/v2\/media\/18569"}],"wp:attachment":[{"href":"https:\/\/geabarcelona.com\/ca\/wp-json\/wp\/v2\/media?parent=18568"}],"wp:term":[{"taxonomy":"product_brand","embeddable":true,"href":"https:\/\/geabarcelona.com\/ca\/wp-json\/wp\/v2\/product_brand?post=18568"},{"taxonomy":"product_cat","embeddable":true,"href":"https:\/\/geabarcelona.com\/ca\/wp-json\/wp\/v2\/product_cat?post=18568"},{"taxonomy":"product_tag","embeddable":true,"href":"https:\/\/geabarcelona.com\/ca\/wp-json\/wp\/v2\/product_tag?post=18568"}],"curies":[{"name":"wp","href":"https:\/\/api.w.org\/{rel}","templated":true}]}}