{"id":18583,"date":"2025-07-17T13:40:47","date_gmt":"2025-07-17T11:40:47","guid":{"rendered":"https:\/\/geabarcelona.com\/?post_type=product&#038;p=18583"},"modified":"2025-12-11T11:34:48","modified_gmt":"2025-12-11T10:34:48","slug":"esferas-de-amazonita","status":"publish","type":"product","link":"https:\/\/geabarcelona.com\/ca\/producte\/esferas-de-amazonita\/","title":{"rendered":"ESFERES D&#039;AMAZONITA"},"content":{"rendered":"<p>&nbsp;<\/p>\n<table width=\"565\">\n<tbody>\n<tr>\n<td style=\"font-weight: 400\" width=\"565\">Esfera pulida de amazonita con tonos verde-azulado y vetas naturales. Cada pieza es \u00fanica y combina est\u00e9tica con propiedades energ\u00e9ticas asociadas a la calma y equilibrio. Ideal para decoraci\u00f3n, meditaci\u00f3n o colecci\u00f3n.<\/td>\n<\/tr>\n<\/tbody>\n<\/table>","protected":false},"excerpt":{"rendered":"<p>Esfera pulida de amazonita. Distintos tama\u00f1os. Venta por Kg.<\/p>","protected":false},"featured_media":18585,"template":"","meta":[],"product_brand":[],"product_cat":[149,148,147],"product_tag":[321,322,169],"class_list":{"0":"post-18583","1":"product","2":"type-product","3":"status-publish","4":"has-post-thumbnail","6":"product_cat-decoracion-lamparas","7":"product_cat-pulido-formas","8":"product_cat-terapias-hogar","9":"product_tag-amazonita","10":"product_tag-mineral-pulido","11":"product_tag-venta-mayorista-de-minerales","13":"first","14":"instock","15":"taxable","16":"shipping-taxable","17":"purchasable","18":"product-type-simple"},"_links":{"self":[{"href":"https:\/\/geabarcelona.com\/ca\/wp-json\/wp\/v2\/product\/18583","targetHints":{"allow":["GET"]}}],"collection":[{"href":"https:\/\/geabarcelona.com\/ca\/wp-json\/wp\/v2\/product"}],"about":[{"href":"https:\/\/geabarcelona.com\/ca\/wp-json\/wp\/v2\/types\/product"}],"version-history":[{"count":1,"href":"https:\/\/geabarcelona.com\/ca\/wp-json\/wp\/v2\/product\/18583\/revisions"}],"predecessor-version":[{"id":18586,"href":"https:\/\/geabarcelona.com\/ca\/wp-json\/wp\/v2\/product\/18583\/revisions\/18586"}],"wp:featuredmedia":[{"embeddable":true,"href":"https:\/\/geabarcelona.com\/ca\/wp-json\/wp\/v2\/media\/18585"}],"wp:attachment":[{"href":"https:\/\/geabarcelona.com\/ca\/wp-json\/wp\/v2\/media?parent=18583"}],"wp:term":[{"taxonomy":"product_brand","embeddable":true,"href":"https:\/\/geabarcelona.com\/ca\/wp-json\/wp\/v2\/product_brand?post=18583"},{"taxonomy":"product_cat","embeddable":true,"href":"https:\/\/geabarcelona.com\/ca\/wp-json\/wp\/v2\/product_cat?post=18583"},{"taxonomy":"product_tag","embeddable":true,"href":"https:\/\/geabarcelona.com\/ca\/wp-json\/wp\/v2\/product_tag?post=18583"}],"curies":[{"name":"wp","href":"https:\/\/api.w.org\/{rel}","templated":true}]}}