{"id":18596,"date":"2025-07-17T13:59:44","date_gmt":"2025-07-17T11:59:44","guid":{"rendered":"https:\/\/geabarcelona.com\/?post_type=product&#038;p=18596"},"modified":"2025-11-21T11:31:34","modified_gmt":"2025-11-21T10:31:34","slug":"prismas-rodonita","status":"publish","type":"product","link":"https:\/\/geabarcelona.com\/ca\/producto\/prismas-rodonita\/","title":{"rendered":"PRISMES RODONITA"},"content":{"rendered":"<table style=\"height: 74px\" width=\"800\">\n<tbody>\n<tr>\n<td style=\"font-weight: 400\" width=\"565\">Prismas pulidos de rodonita con tonos rosados y vetas naturales. Cada pieza es \u00fanica y combina est\u00e9tica con propiedades energ\u00e9ticas asociadas a la\u00a0sanaci\u00f3n emocional. Ideal para decoraci\u00f3n, meditaci\u00f3n o colecci\u00f3n.<\/td>\n<\/tr>\n<\/tbody>\n<\/table>","protected":false},"excerpt":{"rendered":"<p>Prismas pulidos de rodonita. Venta por kg.<\/p>","protected":false},"featured_media":18597,"template":"","meta":[],"product_brand":[],"product_cat":[142,148,147],"product_tag":[339],"class_list":{"0":"post-18596","1":"product","2":"type-product","3":"status-publish","4":"has-post-thumbnail","6":"product_cat-grandes-formatos","7":"product_cat-pulido-formas","8":"product_cat-terapias-hogar","9":"product_tag-rodonita","11":"first","12":"instock","13":"taxable","14":"shipping-taxable","15":"purchasable","16":"product-type-simple"},"_links":{"self":[{"href":"https:\/\/geabarcelona.com\/ca\/wp-json\/wp\/v2\/product\/18596","targetHints":{"allow":["GET"]}}],"collection":[{"href":"https:\/\/geabarcelona.com\/ca\/wp-json\/wp\/v2\/product"}],"about":[{"href":"https:\/\/geabarcelona.com\/ca\/wp-json\/wp\/v2\/types\/product"}],"version-history":[{"count":1,"href":"https:\/\/geabarcelona.com\/ca\/wp-json\/wp\/v2\/product\/18596\/revisions"}],"predecessor-version":[{"id":18600,"href":"https:\/\/geabarcelona.com\/ca\/wp-json\/wp\/v2\/product\/18596\/revisions\/18600"}],"wp:featuredmedia":[{"embeddable":true,"href":"https:\/\/geabarcelona.com\/ca\/wp-json\/wp\/v2\/media\/18597"}],"wp:attachment":[{"href":"https:\/\/geabarcelona.com\/ca\/wp-json\/wp\/v2\/media?parent=18596"}],"wp:term":[{"taxonomy":"product_brand","embeddable":true,"href":"https:\/\/geabarcelona.com\/ca\/wp-json\/wp\/v2\/product_brand?post=18596"},{"taxonomy":"product_cat","embeddable":true,"href":"https:\/\/geabarcelona.com\/ca\/wp-json\/wp\/v2\/product_cat?post=18596"},{"taxonomy":"product_tag","embeddable":true,"href":"https:\/\/geabarcelona.com\/ca\/wp-json\/wp\/v2\/product_tag?post=18596"}],"curies":[{"name":"wp","href":"https:\/\/api.w.org\/{rel}","templated":true}]}}