{"id":18604,"date":"2025-07-17T14:36:30","date_gmt":"2025-07-17T12:36:30","guid":{"rendered":"https:\/\/geabarcelona.com\/?post_type=product&#038;p=18604"},"modified":"2025-12-11T13:17:34","modified_gmt":"2025-12-11T12:17:34","slug":"gemas-de-cuarzo-cristal-y-turmalina-para-engarces","status":"publish","type":"product","link":"https:\/\/geabarcelona.com\/ca\/producte\/gemas-de-cuarzo-cristal-y-turmalina-para-engarces\/","title":{"rendered":"Gemmes de Quars Cristall i Turmalina per a enlla\u00e7os"},"content":{"rendered":"<p>Gemas de cuarzo cristal y turmalina negra, ideales para engarces en joyer\u00eda artesanal. El cuarzo cristal aporta transparencia y brillo natural, mientras que la intensa coloraci\u00f3n\u00a0 de la turmalina negra ofrece un contraste elegante. Su dureza y acabado brillante la hacen ideal para engarces en joyer\u00eda. Estas gemas, cuidadosamente talladas, son ideales para engarces en anillos, collares, aretes y pulseras.<\/p>","protected":false},"excerpt":{"rendered":"<p>Gemas de Cuarzo Cristal y Turmalina para engarces. Venta por unidad.<\/p>","protected":false},"featured_media":18606,"template":"","meta":[],"product_brand":[],"product_cat":[135,136,147],"product_tag":[323,313,165,232,169],"class_list":{"0":"post-18604","1":"product","2":"type-product","3":"status-publish","4":"has-post-thumbnail","6":"product_cat-bisuteria","7":"product_cat-piedras-gemas","8":"product_cat-terapias-hogar","9":"product_tag-bisuteria","10":"product_tag-cristal","11":"product_tag-mineral","12":"product_tag-turmalina","13":"product_tag-venta-mayorista-de-minerales","15":"first","16":"instock","17":"taxable","18":"shipping-taxable","19":"purchasable","20":"product-type-simple"},"_links":{"self":[{"href":"https:\/\/geabarcelona.com\/ca\/wp-json\/wp\/v2\/product\/18604","targetHints":{"allow":["GET"]}}],"collection":[{"href":"https:\/\/geabarcelona.com\/ca\/wp-json\/wp\/v2\/product"}],"about":[{"href":"https:\/\/geabarcelona.com\/ca\/wp-json\/wp\/v2\/types\/product"}],"version-history":[{"count":2,"href":"https:\/\/geabarcelona.com\/ca\/wp-json\/wp\/v2\/product\/18604\/revisions"}],"predecessor-version":[{"id":18613,"href":"https:\/\/geabarcelona.com\/ca\/wp-json\/wp\/v2\/product\/18604\/revisions\/18613"}],"wp:featuredmedia":[{"embeddable":true,"href":"https:\/\/geabarcelona.com\/ca\/wp-json\/wp\/v2\/media\/18606"}],"wp:attachment":[{"href":"https:\/\/geabarcelona.com\/ca\/wp-json\/wp\/v2\/media?parent=18604"}],"wp:term":[{"taxonomy":"product_brand","embeddable":true,"href":"https:\/\/geabarcelona.com\/ca\/wp-json\/wp\/v2\/product_brand?post=18604"},{"taxonomy":"product_cat","embeddable":true,"href":"https:\/\/geabarcelona.com\/ca\/wp-json\/wp\/v2\/product_cat?post=18604"},{"taxonomy":"product_tag","embeddable":true,"href":"https:\/\/geabarcelona.com\/ca\/wp-json\/wp\/v2\/product_tag?post=18604"}],"curies":[{"name":"wp","href":"https:\/\/api.w.org\/{rel}","templated":true}]}}