{"id":18641,"date":"2025-07-17T15:27:22","date_gmt":"2025-07-17T13:27:22","guid":{"rendered":"https:\/\/geabarcelona.com\/?post_type=product&#038;p=18641"},"modified":"2025-12-11T13:09:30","modified_gmt":"2025-12-11T12:09:30","slug":"mini-esferas-mineral-mix","status":"publish","type":"product","link":"https:\/\/geabarcelona.com\/ca\/producte\/mini-esferas-mineral-mix\/","title":{"rendered":"MINI ESFERES MINERAL MIX"},"content":{"rendered":"<p>Selecci\u00f3n de distintos minerales tallados en forma mini esferas. Ideales para decoraci\u00f3n, colecci\u00f3n o terapias energ\u00e9ticas<\/p>","protected":false},"excerpt":{"rendered":"<p>MIXFIG18DO<\/p>\n<p>Distintos tama\u00f1os. Venta precio\/Kg.<\/p>","protected":false},"featured_media":18642,"template":"","meta":[],"product_brand":[],"product_cat":[148,147],"product_tag":[165,322,327,171],"class_list":{"0":"post-18641","1":"product","2":"type-product","3":"status-publish","4":"has-post-thumbnail","6":"product_cat-pulido-formas","7":"product_cat-terapias-hogar","8":"product_tag-mineral","9":"product_tag-mineral-pulido","10":"product_tag-minerales","11":"product_tag-minerales-decorativos","13":"first","14":"instock","15":"taxable","16":"shipping-taxable","17":"purchasable","18":"product-type-simple"},"_links":{"self":[{"href":"https:\/\/geabarcelona.com\/ca\/wp-json\/wp\/v2\/product\/18641","targetHints":{"allow":["GET"]}}],"collection":[{"href":"https:\/\/geabarcelona.com\/ca\/wp-json\/wp\/v2\/product"}],"about":[{"href":"https:\/\/geabarcelona.com\/ca\/wp-json\/wp\/v2\/types\/product"}],"version-history":[{"count":2,"href":"https:\/\/geabarcelona.com\/ca\/wp-json\/wp\/v2\/product\/18641\/revisions"}],"predecessor-version":[{"id":18644,"href":"https:\/\/geabarcelona.com\/ca\/wp-json\/wp\/v2\/product\/18641\/revisions\/18644"}],"wp:featuredmedia":[{"embeddable":true,"href":"https:\/\/geabarcelona.com\/ca\/wp-json\/wp\/v2\/media\/18642"}],"wp:attachment":[{"href":"https:\/\/geabarcelona.com\/ca\/wp-json\/wp\/v2\/media?parent=18641"}],"wp:term":[{"taxonomy":"product_brand","embeddable":true,"href":"https:\/\/geabarcelona.com\/ca\/wp-json\/wp\/v2\/product_brand?post=18641"},{"taxonomy":"product_cat","embeddable":true,"href":"https:\/\/geabarcelona.com\/ca\/wp-json\/wp\/v2\/product_cat?post=18641"},{"taxonomy":"product_tag","embeddable":true,"href":"https:\/\/geabarcelona.com\/ca\/wp-json\/wp\/v2\/product_tag?post=18641"}],"curies":[{"name":"wp","href":"https:\/\/api.w.org\/{rel}","templated":true}]}}