{"id":13114,"date":"2023-11-14T20:43:42","date_gmt":"2023-11-14T19:43:42","guid":{"rendered":"https:\/\/geabarcelona.com\/?page_id=13114"},"modified":"2025-04-01T20:54:03","modified_gmt":"2025-04-01T18:54:03","slug":"cookie-policy","status":"publish","type":"page","link":"https:\/\/geabarcelona.com\/de\/cookie-policy\/","title":{"rendered":"Cookie Policy"},"content":{"rendered":"<div data-elementor-type=\"wp-page\" data-elementor-id=\"13114\" class=\"elementor elementor-13114\" data-elementor-post-type=\"page\">\n\t\t\t\t\t\t<section class=\"elementor-section elementor-top-section elementor-element elementor-element-e30b0d7 elementor-section-height-min-height elementor-section-boxed elementor-section-height-default elementor-section-items-middle\" data-id=\"e30b0d7\" data-element_type=\"section\" data-e-type=\"section\" id=\"toc\">\n\t\t\t\t\t\t<div class=\"elementor-container elementor-column-gap-no\">\n\t\t\t\t\t<div class=\"elementor-column elementor-col-100 elementor-top-column elementor-element elementor-element-2680afda\" data-id=\"2680afda\" data-element_type=\"column\" data-e-type=\"column\">\n\t\t\t<div class=\"elementor-widget-wrap elementor-element-populated\">\n\t\t\t\t\t\t<div class=\"elementor-element elementor-element-a2cb41a elementor-widget elementor-widget-heading\" data-id=\"a2cb41a\" data-element_type=\"widget\" data-e-type=\"widget\" data-widget_type=\"heading.default\">\n\t\t\t\t<div class=\"elementor-widget-container\">\n\t\t\t\t\t<h1 class=\"elementor-heading-title elementor-size-default\">COokies<\/h1>\t\t\t\t<\/div>\n\t\t\t\t<\/div>\n\t\t\t\t<div class=\"elementor-element elementor-element-317a00bf elementor-widget-divider--view-line elementor-widget elementor-widget-divider\" data-id=\"317a00bf\" data-element_type=\"widget\" data-e-type=\"widget\" data-widget_type=\"divider.default\">\n\t\t\t\t<div class=\"elementor-widget-container\">\n\t\t\t\t\t\t\t<div class=\"elementor-divider\">\n\t\t\t<span class=\"elementor-divider-separator\">\n\t\t\t\t\t\t<\/span>\n\t\t<\/div>\n\t\t\t\t\t\t<\/div>\n\t\t\t\t<\/div>\n\t\t\t\t<div class=\"elementor-element elementor-element-6392adf3 elementor-widget elementor-widget-text-editor\" data-id=\"6392adf3\" data-element_type=\"widget\" data-e-type=\"widget\" data-widget_type=\"text-editor.default\">\n\t\t\t\t<div class=\"elementor-widget-container\">\n\t\t\t\t\t\t\t\t\t<p>Esta web no utiliza cookies ni otros medios t\u00e9cnicos que permitan identificar a usuarios en concreto ni conocer sus datos de navegaci\u00f3n sin que el usuario sea consciente de ello.<\/p>\t\t\t\t\t\t\t\t<\/div>\n\t\t\t\t<\/div>\n\t\t\t\t<div class=\"elementor-element elementor-element-28fb83c7 elementor-widget elementor-widget-heading\" data-id=\"28fb83c7\" data-element_type=\"widget\" data-e-type=\"widget\" data-widget_type=\"heading.default\">\n\t\t\t\t<div class=\"elementor-widget-container\">\n\t\t\t\t\t<h5 class=\"elementor-heading-title elementor-size-default\">\u00bfQu\u00e9 son las cookies?<\/h5>\t\t\t\t<\/div>\n\t\t\t\t<\/div>\n\t\t\t\t<div class=\"elementor-element elementor-element-7e53569a elementor-widget elementor-widget-text-editor\" data-id=\"7e53569a\" data-element_type=\"widget\" data-e-type=\"widget\" data-widget_type=\"text-editor.default\">\n\t\t\t\t<div class=\"elementor-widget-container\">\n\t\t\t\t\t\t\t\t\t<p>Una cookie es un fichero que se descarga en su ordenador al acceder a unas determinadas p\u00e1ginas web. Las cookies permiten a una p\u00e1gina web, entre otros, almacenar y recuperar informaci\u00f3n acerca de los h\u00e1bitos de navegaci\u00f3n de un usuario o de su equipo y, en funci\u00f3n de la informaci\u00f3n que contengan y de la forma de utilizar su equipo, pueden usarse para reconocer al usuario.<\/p><p>El navegador del usuario memoriza cookies en el disco duro \u00fanicamente durante la sesi\u00f3n actual, estas ocupan un espacio de memoria m\u00ednimo y no perjudican el ordenador. Las cookies no contienen ning\u00fan tipo de informaci\u00f3n personal espec\u00edfica, y la mayor\u00eda se borran del disco duro al finalizar la sesi\u00f3n del navegador (las denominadas cookies de sesi\u00f3n).<\/p><p>La mayor parte de los navegadores aceptan como est\u00e1ndar las cookies y, con independencia de estas, en la configuraci\u00f3n de seguridad permiten o impiden las cookies temporales o memorizadas.<\/p><p>En funci\u00f3n de cu\u00e1l sea la entidad que gestione el dominio desde donde se env\u00edan las cookies y que trate los datos obtenidos, pueden distinguirse dos tipos de cookies: cookies propias y cookies de terceros. Existe tambi\u00e9n una segunda clasificaci\u00f3n seg\u00fan el plazo de tiempo que permanecen almacenadas en el navegador del cliente, y en este caso se puede tratar de cookies de sesi\u00f3n o cookies persistentes. Por \u00faltimo, existe otra clasificaci\u00f3n con cinco tipos de cookies seg\u00fan la finalidad para la que se traten los datos obtenidos: cookies t\u00e9cnicas, cookies de personalizaci\u00f3n, cookies de an\u00e1lisis, cookies publicitarias y cookies de publicidad comportamental. Para m\u00e1s informaci\u00f3n, puede consultar la Gu\u00eda sobre el uso de las cookies de la Agencia Espa\u00f1ola de Protecci\u00f3n de Datos..<\/p>\t\t\t\t\t\t\t\t<\/div>\n\t\t\t\t<\/div>\n\t\t\t\t<div class=\"elementor-element elementor-element-4ddc3f18 elementor-widget elementor-widget-heading\" data-id=\"4ddc3f18\" data-element_type=\"widget\" data-e-type=\"widget\" data-widget_type=\"heading.default\">\n\t\t\t\t<div class=\"elementor-widget-container\">\n\t\t\t\t\t<h5 class=\"elementor-heading-title elementor-size-default\">\u00bfQu\u00e9 tipos de cookies utiliza esta p\u00e1gina web?<\/h5>\t\t\t\t<\/div>\n\t\t\t\t<\/div>\n\t\t\t\t<div class=\"elementor-element elementor-element-41aededc elementor-widget elementor-widget-text-editor\" data-id=\"41aededc\" data-element_type=\"widget\" data-e-type=\"widget\" data-widget_type=\"text-editor.default\">\n\t\t\t\t<div class=\"elementor-widget-container\">\n\t\t\t\t\t\t\t\t\t<ul><li><strong>Cookies de an\u00e1lisis:<\/strong> son aquellas cookies que, tratadas por nosotros o por terceros, nos permiten cuantificar el n\u00famero de usuarios y, de este modo, realizar la medici\u00f3n y el an\u00e1lisis estad\u00edstico de la utilizaci\u00f3n que hacen los usuarios del servicio ofrecido. Para ello, se analiza su navegaci\u00f3n en nuestra p\u00e1gina web, con el fin de mejorar la oferta de productos o servicios que ponemos a su disposici\u00f3n.<br \/>Esta p\u00e1gina web utiliza Google Analytics, un servicio de anal\u00edtica web desarrollado por Google, que permite medir y analizar la navegaci\u00f3n en las p\u00e1ginas web. En su navegador podr\u00e1 observar cinco cookies de este servicio: _utma, _utmb, _utmc, _utmv y _utmz. Son cookies propias, de sesi\u00f3n y de an\u00e1lisis. Puede encontrar m\u00e1s informaci\u00f3n al respecto e inhabilitar el uso de estas cookies en la siguiente direcci\u00f3n:<br \/><a href=\"http:\/\/www.google.es\/intl\/es\/analytics\/privacyoverview.html\">http:\/\/www.google.es\/intl\/es\/analytics\/privacyoverview.html<\/a><br \/>A trav\u00e9s de la anal\u00edtica web se obtiene informaci\u00f3n relativa al n\u00famero de usuarios que acceden a la web, n\u00famero de p\u00e1ginas vistas, frecuencia y repetici\u00f3n de las visitas, duraci\u00f3n, navegador utilizado, operador que presta el servicio, idioma, terminal utilizado o ciudad a la que est\u00e1 asignada su direcci\u00f3n IP. Esta informaci\u00f3n posibilita un servicio mejor y m\u00e1s apropiado por parte de esta p\u00e1gina web.<\/li><li><strong>Cookies de terceros:<\/strong> nuestra p\u00e1gina web utiliza servicios de terceros que permiten mejorar los servicios ofrecidos. Es el caso de Facebook (Lu, cuser, csm, fr, s, xs), con el fin de poder medir las audiencias en los contenidos y ofrecer posteriormente recomendaciones sobre los productos y los servicios en la aplicaci\u00f3n (se puede encontrar m\u00e1s informaci\u00f3n sobre el uso de cookies de Facebook y c\u00f3mo suprimir la actividad en <a href=\"http:\/\/www.facebook.com\/help\/cookies\">http:\/\/www.facebook.com\/help\/cookies<\/a>) y de Google Maps, que utiliza cookies para visualizar ubicaciones geogr\u00e1ficas, que son gestionadas enteramente por Google (<a href=\"http:\/\/www.google.es\/intl\/es\/policies\/\">http:\/\/www.google.es\/intl\/es\/policies\/<\/a>).<\/li><\/ul>\t\t\t\t\t\t\t\t<\/div>\n\t\t\t\t<\/div>\n\t\t\t\t<div class=\"elementor-element elementor-element-36d533df elementor-widget elementor-widget-heading\" data-id=\"36d533df\" data-element_type=\"widget\" data-e-type=\"widget\" data-widget_type=\"heading.default\">\n\t\t\t\t<div class=\"elementor-widget-container\">\n\t\t\t\t\t<h5 class=\"elementor-heading-title elementor-size-default\">Aceptaci\u00f3n de la pol\u00edtica de cookies<\/h5>\t\t\t\t<\/div>\n\t\t\t\t<\/div>\n\t\t\t\t<div class=\"elementor-element elementor-element-145ae9a0 elementor-widget elementor-widget-text-editor\" data-id=\"145ae9a0\" data-element_type=\"widget\" data-e-type=\"widget\" data-widget_type=\"text-editor.default\">\n\t\t\t\t<div class=\"elementor-widget-container\">\n\t\t\t\t\t\t\t\t\t<p>Para la utilizaci\u00f3n de este sitio web, el usuario acepta de forma expresa el tratamiento de la informaci\u00f3n recogida en la forma y con los fines anteriormente mencionados. Asimismo, manifiesta conocer la posibilidad de rechazar el tratamiento de estos datos o informaci\u00f3n rechazando el uso de cookies mediante la selecci\u00f3n de la configuraci\u00f3n apropiada a este fin en su navegador. No obstante, esta opci\u00f3n de bloqueo de cookies en su navegador puede no permitir el uso pleno de todas las funcionalidades del sitio web.<\/p><p>De este modo, le mostramos informaci\u00f3n sobre la pol\u00edtica de cookies en la parte inferior de las p\u00e1ginas del sitio web para que usted sea consciente de ello. Ante esta informaci\u00f3n, es posible llevar a cabo las siguientes acciones:<\/p><ul><li>ESTOY DE ACUERDO. Para ocultar este mensaje. Se oculta el aviso en la presente p\u00e1gina.<\/li><li>Modificar la configuraci\u00f3n. Puede obtener m\u00e1s informaci\u00f3n sobre qu\u00e9 son las cookies, conocer la pol\u00edtica de cookies y modificar la configuraci\u00f3n de su navegador.<\/li><\/ul>\t\t\t\t\t\t\t\t<\/div>\n\t\t\t\t<\/div>\n\t\t\t\t<div class=\"elementor-element elementor-element-40676700 elementor-widget elementor-widget-heading\" data-id=\"40676700\" data-element_type=\"widget\" data-e-type=\"widget\" data-widget_type=\"heading.default\">\n\t\t\t\t<div class=\"elementor-widget-container\">\n\t\t\t\t\t<h5 class=\"elementor-heading-title elementor-size-default\">\u00bfC\u00f3mo se pueden bloquear o eliminar las cookies?<\/h5>\t\t\t\t<\/div>\n\t\t\t\t<\/div>\n\t\t\t\t<div class=\"elementor-element elementor-element-1bb74f35 elementor-widget elementor-widget-text-editor\" data-id=\"1bb74f35\" data-element_type=\"widget\" data-e-type=\"widget\" data-widget_type=\"text-editor.default\">\n\t\t\t\t<div class=\"elementor-widget-container\">\n\t\t\t\t\t\t\t\t\t<p>Usted puede permitir, bloquear o eliminar las cookies instaladas en su equipo mediante la configuraci\u00f3n de las opciones del navegador instalado en su ordenador:<\/p><ul><li>Internet Explorer: <a href=\"https:\/\/tegar.cat\/es\/cookies\/delete-manage-cookies#ie=ie-11\" target=\"_blank\" rel=\"noreferrer noopener\">windows.microsoft.com\/es-xl\/internet-explorer\/delete-manage-cookies#ie=ie-11<\/a><\/li><li>FireFox: <a href=\"https:\/\/tegar.cat\/es\/cookies\/Borrar%2520cookies\" target=\"_blank\" rel=\"noreferrer noopener\">support.mozilla.org\/es\/kb\/Borrar%20cookies<\/a><\/li><li>Chromerinsight: <a href=\"https:\/\/tegar.cat\/es\/cookies\/95647%3Fhl=es\" target=\"_blank\" rel=\"noreferrer noopener\">support.google.com\/chrome\/answer\/95647?hl=es<\/a><\/li><li>Safari: <a href=\"http:\/\/www.apple.com\/es\/privacy\/use-of-cookies\/\" target=\"_blank\" rel=\"noreferrer noopener\">http:\/\/www.apple.com\/es\/privacy\/use-of-cookies\/<\/a><\/li><\/ul><p>Si tiene dudas acerca de la pol\u00edtica de cookies, puede contactar con nosotros en <a href=\"mailto:jordi.casas.doideas@gmail.com\">jordi.casas.doideas@gmail.com<\/a><\/p>\t\t\t\t\t\t\t\t<\/div>\n\t\t\t\t<\/div>\n\t\t\t\t\t<\/div>\n\t\t<\/div>\n\t\t\t\t\t<\/div>\n\t\t<\/section>\n\t\t\t\t<\/div>","protected":false},"excerpt":{"rendered":"<p>COokies Esta web no utiliza cookies ni otros medios t\u00e9cnicos que permitan identificar a usuarios en concreto ni conocer sus datos de navegaci\u00f3n sin que el usuario sea consciente de ello. \u00bfQu\u00e9 son las cookies? Una cookie es un fichero que se descarga en su ordenador al acceder a unas determinadas p\u00e1ginas web. Las cookies [&hellip;]<\/p>\n","protected":false},"author":1,"featured_media":0,"parent":0,"menu_order":0,"comment_status":"closed","ping_status":"closed","template":"elementor_header_footer","meta":{"footnotes":""},"class_list":["post-13114","page","type-page","status-publish","hentry"],"_links":{"self":[{"href":"https:\/\/geabarcelona.com\/de\/wp-json\/wp\/v2\/pages\/13114","targetHints":{"allow":["GET"]}}],"collection":[{"href":"https:\/\/geabarcelona.com\/de\/wp-json\/wp\/v2\/pages"}],"about":[{"href":"https:\/\/geabarcelona.com\/de\/wp-json\/wp\/v2\/types\/page"}],"author":[{"embeddable":true,"href":"https:\/\/geabarcelona.com\/de\/wp-json\/wp\/v2\/users\/1"}],"replies":[{"embeddable":true,"href":"https:\/\/geabarcelona.com\/de\/wp-json\/wp\/v2\/comments?post=13114"}],"version-history":[{"count":1,"href":"https:\/\/geabarcelona.com\/de\/wp-json\/wp\/v2\/pages\/13114\/revisions"}],"predecessor-version":[{"id":17541,"href":"https:\/\/geabarcelona.com\/de\/wp-json\/wp\/v2\/pages\/13114\/revisions\/17541"}],"wp:attachment":[{"href":"https:\/\/geabarcelona.com\/de\/wp-json\/wp\/v2\/media?parent=13114"}],"curies":[{"name":"wp","href":"https:\/\/api.w.org\/{rel}","templated":true}]}}