{"id":14646,"date":"2023-12-20T12:36:52","date_gmt":"2023-12-20T11:36:52","guid":{"rendered":"https:\/\/geabarcelona.com\/?page_id=14646"},"modified":"2025-10-19T09:20:58","modified_gmt":"2025-10-19T07:20:58","slug":"novedades","status":"publish","type":"page","link":"https:\/\/geabarcelona.com\/de\/novedades\/","title":{"rendered":"Werbeaktionen"},"content":{"rendered":"<div data-elementor-type=\"wp-page\" data-elementor-id=\"14646\" class=\"elementor elementor-14646\" data-elementor-post-type=\"page\">\n\t\t\t\t\t\t<section class=\"elementor-section elementor-top-section elementor-element elementor-element-4f4e80de elementor-section-boxed elementor-section-height-default elementor-section-height-default\" data-id=\"4f4e80de\" data-element_type=\"section\" data-e-type=\"section\">\n\t\t\t\t\t\t<div class=\"elementor-container elementor-column-gap-default\">\n\t\t\t\t\t<div class=\"elementor-column elementor-col-100 elementor-top-column elementor-element elementor-element-3c65dc08\" data-id=\"3c65dc08\" data-element_type=\"column\" data-e-type=\"column\">\n\t\t\t<div class=\"elementor-widget-wrap elementor-element-populated\">\n\t\t\t\t\t\t<div class=\"elementor-element elementor-element-4cf1d1a6 elementor-widget elementor-widget-spacer\" data-id=\"4cf1d1a6\" data-element_type=\"widget\" data-e-type=\"widget\" data-widget_type=\"spacer.default\">\n\t\t\t\t<div class=\"elementor-widget-container\">\n\t\t\t\t\t\t\t<div class=\"elementor-spacer\">\n\t\t\t<div class=\"elementor-spacer-inner\"><\/div>\n\t\t<\/div>\n\t\t\t\t\t\t<\/div>\n\t\t\t\t<\/div>\n\t\t\t\t<div class=\"elementor-element elementor-element-3ffefda6 elementor-widget elementor-widget-heading\" data-id=\"3ffefda6\" data-element_type=\"widget\" data-e-type=\"widget\" data-widget_type=\"heading.default\">\n\t\t\t\t<div class=\"elementor-widget-container\">\n\t\t\t\t\t<h1 class=\"elementor-heading-title elementor-size-default\">Werbeaktionen<\/h1>\t\t\t\t<\/div>\n\t\t\t\t<\/div>\n\t\t\t\t<div class=\"elementor-element elementor-element-fe76f45 elementor-widget elementor-widget-text-editor\" data-id=\"fe76f45\" data-element_type=\"widget\" data-e-type=\"widget\" data-widget_type=\"text-editor.default\">\n\t\t\t\t<div class=\"elementor-widget-container\">\n\t\t\t\t\t\t\t\t\t<p>Aprovecha nuestras <strong>promociones exclusivas para profesionales<\/strong> del sector mineral y de la decoraci\u00f3n. En <strong>GEA Barcelona<\/strong>, mayorista online especializado en minerales y geodas, te ofrecemos descuentos \u00fanicos en productos seleccionados como <strong>\u00e1gatas, amatistas, drusas, cuarzos o turmalinas<\/strong>. Si gestionas una tienda f\u00edsica u online de minerales, bienestar o terapias, consulta nuestras <strong>ofertas limitadas al por mayor<\/strong> y descubre piezas naturales con la mejor relaci\u00f3n calidad-precio. Nuestras promociones cambian regularmente para que puedas <strong>comprar minerales al por mayor<\/strong> a precios irresistibles y renovar tu cat\u00e1logo con novedades de Brasil, Uruguay y otras regiones del mundo.<\/p>\t\t\t\t\t\t\t\t<\/div>\n\t\t\t\t<\/div>\n\t\t\t\t\t<\/div>\n\t\t<\/div>\n\t\t\t\t\t<\/div>\n\t\t<\/section>\n\t\t\t\t<section class=\"elementor-section elementor-top-section elementor-element elementor-element-6b982910 elementor-section-boxed elementor-section-height-default elementor-section-height-default\" data-id=\"6b982910\" data-element_type=\"section\" data-e-type=\"section\">\n\t\t\t\t\t\t<div class=\"elementor-container elementor-column-gap-default\">\n\t\t\t\t\t<div class=\"elementor-column elementor-col-100 elementor-top-column elementor-element elementor-element-6f4abfa5\" data-id=\"6f4abfa5\" data-element_type=\"column\" data-e-type=\"column\">\n\t\t\t<div class=\"elementor-widget-wrap elementor-element-populated\">\n\t\t\t\t\t\t<div class=\"elementor-element elementor-element-2996df3d elementor-grid-5 elementor-grid-tablet-3 elementor-grid-mobile-2 elementor-products-grid elementor-wc-products elementor-show-pagination-border-yes elementor-widget elementor-widget-woocommerce-products\" data-id=\"2996df3d\" data-element_type=\"widget\" data-e-type=\"widget\" data-widget_type=\"woocommerce-products.default\">\n\t\t\t\t<div class=\"elementor-widget-container\">\n\t\t\t\t\t<div class=\"woocommerce columns-5\"><div class=\"woocommerce-notices-wrapper\"><\/div><ul class=\"products elementor-grid columns-5\">\n<li class=\"product type-product post-17457 status-publish first instock product_cat-promociones product_cat-pulido-formas product_tag-carneola has-post-thumbnail taxable shipping-taxable purchasable product-type-simple\">\n\t<a href=\"https:\/\/geabarcelona.com\/de\/producto\/carneola-cabouchon\/\" class=\"woocommerce-LoopProduct-link woocommerce-loop-product__link\"><img fetchpriority=\"high\" decoding=\"async\" width=\"300\" height=\"300\" src=\"https:\/\/geabarcelona.com\/wp-content\/uploads\/2025\/02\/50.carneola-cabuchon-300x300.webp\" class=\"attachment-woocommerce_thumbnail size-woocommerce_thumbnail\" alt=\"CABOUCHON RUMP\" srcset=\"https:\/\/geabarcelona.com\/wp-content\/uploads\/2025\/02\/50.carneola-cabuchon-300x300.webp 300w, https:\/\/geabarcelona.com\/wp-content\/uploads\/2025\/02\/50.carneola-cabuchon-150x150.webp 150w, https:\/\/geabarcelona.com\/wp-content\/uploads\/2025\/02\/50.carneola-cabuchon-100x100.webp 100w\" sizes=\"(max-width: 300px) 100vw, 300px\" \/><h2 class=\"woocommerce-loop-product__title\">CABOUCHON RUMP<\/h2>\n<\/a><a href=\"https:\/\/geabarcelona.com\/de\/producto\/carneola-cabouchon\/\" class=\"button alt add_to_cart_button\" data-no-translation=\"\" data-trp-gettext=\"\">Produkt ansehen<\/a>\t<span id=\"woocommerce_loop_add_to_cart_link_describedby_17457\" class=\"screen-reader-text\">\n\t\t\t<\/span>\n<\/li>\n<li class=\"product type-product post-16527 status-publish instock product_cat-promociones product_tag-minerales sale taxable shipping-taxable purchasable product-type-simple\">\n\t<a href=\"https:\/\/geabarcelona.com\/de\/producto\/promocion-enero-cutbase-super-extra-lote-10kg\/\" class=\"woocommerce-LoopProduct-link woocommerce-loop-product__link\">\n\t<span class=\"onsale\" data-no-translation=\"\" data-trp-gettext=\"\">Angebot!<\/span>\n\t<img decoding=\"async\" width=\"300\" height=\"300\" src=\"https:\/\/geabarcelona.com\/wp-content\/uploads\/woocommerce-placeholder-300x300.png\" class=\"woocommerce-placeholder wp-post-image\" alt=\"Platzhalter\" srcset=\"https:\/\/geabarcelona.com\/wp-content\/uploads\/woocommerce-placeholder-300x300.png 300w, https:\/\/geabarcelona.com\/wp-content\/uploads\/woocommerce-placeholder-1024x1024.png 1024w, https:\/\/geabarcelona.com\/wp-content\/uploads\/woocommerce-placeholder-150x150.png 150w, https:\/\/geabarcelona.com\/wp-content\/uploads\/woocommerce-placeholder-768x768.png 768w, https:\/\/geabarcelona.com\/wp-content\/uploads\/woocommerce-placeholder-12x12.png 12w, https:\/\/geabarcelona.com\/wp-content\/uploads\/woocommerce-placeholder-600x600.png 600w, https:\/\/geabarcelona.com\/wp-content\/uploads\/woocommerce-placeholder-100x100.png 100w, https:\/\/geabarcelona.com\/wp-content\/uploads\/woocommerce-placeholder.png 1200w\" sizes=\"(max-width: 300px) 100vw, 300px\" data-no-translation-alt=\"\" \/><h2 class=\"woocommerce-loop-product__title\">PROMOCION CUTBASE SUPER EXTRA LOTE 10KG<\/h2>\n<\/a><a href=\"https:\/\/geabarcelona.com\/de\/producto\/promocion-enero-cutbase-super-extra-lote-10kg\/\" class=\"button alt add_to_cart_button\" data-no-translation=\"\" data-trp-gettext=\"\">Produkt ansehen<\/a>\t<span id=\"woocommerce_loop_add_to_cart_link_describedby_16527\" class=\"screen-reader-text\">\n\t\t\t<\/span>\n<\/li>\n<li class=\"product type-product post-15976 status-publish instock product_cat-brasil product_cat-grandes-formatos product_cat-promociones product_tag-amatista sale taxable shipping-taxable purchasable product-type-simple\">\n\t<a href=\"https:\/\/geabarcelona.com\/de\/producto\/promocion-enero-mesas-de-amatista-base-de-yeso-envio-gratuito\/\" class=\"woocommerce-LoopProduct-link woocommerce-loop-product__link\">\n\t<span class=\"onsale\" data-no-translation=\"\" data-trp-gettext=\"\">Angebot!<\/span>\n\t<img decoding=\"async\" width=\"300\" height=\"300\" src=\"https:\/\/geabarcelona.com\/wp-content\/uploads\/woocommerce-placeholder-300x300.png\" class=\"woocommerce-placeholder wp-post-image\" alt=\"Platzhalter\" srcset=\"https:\/\/geabarcelona.com\/wp-content\/uploads\/woocommerce-placeholder-300x300.png 300w, https:\/\/geabarcelona.com\/wp-content\/uploads\/woocommerce-placeholder-1024x1024.png 1024w, https:\/\/geabarcelona.com\/wp-content\/uploads\/woocommerce-placeholder-150x150.png 150w, https:\/\/geabarcelona.com\/wp-content\/uploads\/woocommerce-placeholder-768x768.png 768w, https:\/\/geabarcelona.com\/wp-content\/uploads\/woocommerce-placeholder-12x12.png 12w, https:\/\/geabarcelona.com\/wp-content\/uploads\/woocommerce-placeholder-600x600.png 600w, https:\/\/geabarcelona.com\/wp-content\/uploads\/woocommerce-placeholder-100x100.png 100w, https:\/\/geabarcelona.com\/wp-content\/uploads\/woocommerce-placeholder.png 1200w\" sizes=\"(max-width: 300px) 100vw, 300px\" data-no-translation-alt=\"\" \/><h2 class=\"woocommerce-loop-product__title\">PROMOCION Mesas de amatista Base de yeso . (ENVIO GRATUITO)<\/h2>\n<\/a><a href=\"https:\/\/geabarcelona.com\/de\/producto\/promocion-enero-mesas-de-amatista-base-de-yeso-envio-gratuito\/\" class=\"button alt add_to_cart_button\" data-no-translation=\"\" data-trp-gettext=\"\">Produkt ansehen<\/a>\t<span id=\"woocommerce_loop_add_to_cart_link_describedby_15976\" class=\"screen-reader-text\">\n\t\t\t<\/span>\n<\/li>\n<li class=\"product type-product post-15973 status-publish instock product_cat-promociones product_tag-amatista has-post-thumbnail sale taxable shipping-taxable purchasable product-type-simple\">\n\t<a href=\"https:\/\/geabarcelona.com\/de\/producto\/promocion-amatista-uruguay-cutbase-qwhite-80kg-envio-gratuito\/\" class=\"woocommerce-LoopProduct-link woocommerce-loop-product__link\">\n\t<span class=\"onsale\" data-no-translation=\"\" data-trp-gettext=\"\">Angebot!<\/span>\n\t<img decoding=\"async\" width=\"300\" height=\"300\" src=\"https:\/\/geabarcelona.com\/wp-content\/uploads\/2024\/05\/diseno-sin-titulo-6-300x300.jpeg\" class=\"attachment-woocommerce_thumbnail size-woocommerce_thumbnail\" alt=\"PROMOCION AMATISTA URUGUAY CUTBASE (Qwhite) 80kg\" srcset=\"https:\/\/geabarcelona.com\/wp-content\/uploads\/2024\/05\/diseno-sin-titulo-6-300x300.jpeg 300w, https:\/\/geabarcelona.com\/wp-content\/uploads\/2024\/05\/diseno-sin-titulo-6-1024x1024.jpeg 1024w, https:\/\/geabarcelona.com\/wp-content\/uploads\/2024\/05\/diseno-sin-titulo-6-150x150.jpeg 150w, https:\/\/geabarcelona.com\/wp-content\/uploads\/2024\/05\/diseno-sin-titulo-6-768x768.jpeg 768w, https:\/\/geabarcelona.com\/wp-content\/uploads\/2024\/05\/diseno-sin-titulo-6-12x12.jpeg 12w, https:\/\/geabarcelona.com\/wp-content\/uploads\/2024\/05\/diseno-sin-titulo-6-600x600.jpeg 600w, https:\/\/geabarcelona.com\/wp-content\/uploads\/2024\/05\/diseno-sin-titulo-6-100x100.jpeg 100w, https:\/\/geabarcelona.com\/wp-content\/uploads\/2024\/05\/diseno-sin-titulo-6.jpeg 1080w\" sizes=\"(max-width: 300px) 100vw, 300px\" \/><h2 class=\"woocommerce-loop-product__title\">PROMOCION AMATISTA URUGUAY CUTBASE (Qwhite) 80kg<\/h2>\n<\/a><a href=\"https:\/\/geabarcelona.com\/de\/producto\/promocion-amatista-uruguay-cutbase-qwhite-80kg-envio-gratuito\/\" class=\"button alt add_to_cart_button\" data-no-translation=\"\" data-trp-gettext=\"\">Produkt ansehen<\/a>\t<span id=\"woocommerce_loop_add_to_cart_link_describedby_15973\" class=\"screen-reader-text\">\n\t\t\t<\/span>\n<\/li>\n<li class=\"product type-product post-15604 status-publish last instock product_cat-promociones product_tag-geodas has-post-thumbnail sale taxable shipping-taxable purchasable product-type-simple\">\n\t<a href=\"https:\/\/geabarcelona.com\/de\/producto\/promocion-geodas-de-marruecos\/\" class=\"woocommerce-LoopProduct-link woocommerce-loop-product__link\">\n\t<span class=\"onsale\" data-no-translation=\"\" data-trp-gettext=\"\">Angebot!<\/span>\n\t<img loading=\"lazy\" decoding=\"async\" width=\"300\" height=\"300\" src=\"https:\/\/geabarcelona.com\/wp-content\/uploads\/2024\/05\/diseno-sin-titulo-10-300x300.jpeg\" class=\"attachment-woocommerce_thumbnail size-woocommerce_thumbnail\" alt=\"PROMOCION GEODAS DE MARRUECOS (Envio gratuito)\" srcset=\"https:\/\/geabarcelona.com\/wp-content\/uploads\/2024\/05\/diseno-sin-titulo-10-300x300.jpeg 300w, https:\/\/geabarcelona.com\/wp-content\/uploads\/2024\/05\/diseno-sin-titulo-10-1024x1024.jpeg 1024w, https:\/\/geabarcelona.com\/wp-content\/uploads\/2024\/05\/diseno-sin-titulo-10-150x150.jpeg 150w, https:\/\/geabarcelona.com\/wp-content\/uploads\/2024\/05\/diseno-sin-titulo-10-768x768.jpeg 768w, https:\/\/geabarcelona.com\/wp-content\/uploads\/2024\/05\/diseno-sin-titulo-10-12x12.jpeg 12w, https:\/\/geabarcelona.com\/wp-content\/uploads\/2024\/05\/diseno-sin-titulo-10-600x600.jpeg 600w, https:\/\/geabarcelona.com\/wp-content\/uploads\/2024\/05\/diseno-sin-titulo-10-100x100.jpeg 100w, https:\/\/geabarcelona.com\/wp-content\/uploads\/2024\/05\/diseno-sin-titulo-10.jpeg 1080w\" sizes=\"(max-width: 300px) 100vw, 300px\" \/><h2 class=\"woocommerce-loop-product__title\">PROMOCION GEODAS DE MARRUECOS (Envio gratuito)<\/h2>\n<\/a><a href=\"https:\/\/geabarcelona.com\/de\/producto\/promocion-geodas-de-marruecos\/\" class=\"button alt add_to_cart_button\" data-no-translation=\"\" data-trp-gettext=\"\">Produkt ansehen<\/a>\t<span id=\"woocommerce_loop_add_to_cart_link_describedby_15604\" class=\"screen-reader-text\">\n\t\t\t<\/span>\n<\/li>\n<li class=\"product type-product post-14755 status-publish first instock product_cat-piedras-gemas product_cat-promociones product_cat-pulido-formas product_cat-rodados product_cat-terapias-hogar product_tag-turquenita has-post-thumbnail taxable shipping-taxable purchasable product-type-simple\">\n\t<a href=\"https:\/\/geabarcelona.com\/de\/producto\/turquenita-rodado\/\" class=\"woocommerce-LoopProduct-link woocommerce-loop-product__link\"><img loading=\"lazy\" decoding=\"async\" width=\"300\" height=\"300\" src=\"https:\/\/geabarcelona.com\/wp-content\/uploads\/2023\/12\/TURQUENITA-RODADO-300x300.jpg\" class=\"attachment-woocommerce_thumbnail size-woocommerce_thumbnail\" alt=\"TURQUENITA RODADO\" srcset=\"https:\/\/geabarcelona.com\/wp-content\/uploads\/2023\/12\/TURQUENITA-RODADO-300x300.jpg 300w, https:\/\/geabarcelona.com\/wp-content\/uploads\/2023\/12\/TURQUENITA-RODADO-150x150.jpg 150w, https:\/\/geabarcelona.com\/wp-content\/uploads\/2023\/12\/TURQUENITA-RODADO-100x100.jpg 100w\" sizes=\"(max-width: 300px) 100vw, 300px\" \/><h2 class=\"woocommerce-loop-product__title\">TURQUENITA RODADO<\/h2>\n<\/a><a href=\"https:\/\/geabarcelona.com\/de\/producto\/turquenita-rodado\/\" class=\"button alt add_to_cart_button\" data-no-translation=\"\" data-trp-gettext=\"\">Produkt ansehen<\/a>\t<span id=\"woocommerce_loop_add_to_cart_link_describedby_14755\" class=\"screen-reader-text\">\n\t\t\t<\/span>\n<\/li>\n<\/ul>\n<\/div>\t\t\t\t<\/div>\n\t\t\t\t<\/div>\n\t\t\t\t\t<\/div>\n\t\t<\/div>\n\t\t\t\t\t<\/div>\n\t\t<\/section>\n\t\t\t\t<\/div>","protected":false},"excerpt":{"rendered":"<p>Promociones Aprovecha nuestras promociones exclusivas para profesionales del sector mineral y de la decoraci\u00f3n. En GEA Barcelona, mayorista online especializado en minerales y geodas, te ofrecemos descuentos \u00fanicos en productos seleccionados como \u00e1gatas, amatistas, drusas, cuarzos o turmalinas. Si gestionas una tienda f\u00edsica u online de minerales, bienestar o terapias, consulta nuestras ofertas limitadas al [&hellip;]<\/p>\n","protected":false},"author":1,"featured_media":0,"parent":0,"menu_order":0,"comment_status":"closed","ping_status":"closed","template":"","meta":{"footnotes":""},"class_list":["post-14646","page","type-page","status-publish","hentry"],"_links":{"self":[{"href":"https:\/\/geabarcelona.com\/de\/wp-json\/wp\/v2\/pages\/14646","targetHints":{"allow":["GET"]}}],"collection":[{"href":"https:\/\/geabarcelona.com\/de\/wp-json\/wp\/v2\/pages"}],"about":[{"href":"https:\/\/geabarcelona.com\/de\/wp-json\/wp\/v2\/types\/page"}],"author":[{"embeddable":true,"href":"https:\/\/geabarcelona.com\/de\/wp-json\/wp\/v2\/users\/1"}],"replies":[{"embeddable":true,"href":"https:\/\/geabarcelona.com\/de\/wp-json\/wp\/v2\/comments?post=14646"}],"version-history":[{"count":22,"href":"https:\/\/geabarcelona.com\/de\/wp-json\/wp\/v2\/pages\/14646\/revisions"}],"predecessor-version":[{"id":18804,"href":"https:\/\/geabarcelona.com\/de\/wp-json\/wp\/v2\/pages\/14646\/revisions\/18804"}],"wp:attachment":[{"href":"https:\/\/geabarcelona.com\/de\/wp-json\/wp\/v2\/media?parent=14646"}],"curies":[{"name":"wp","href":"https:\/\/api.w.org\/{rel}","templated":true}]}}