{"id":15053,"date":"2023-12-21T17:05:18","date_gmt":"2023-12-21T16:05:18","guid":{"rendered":"https:\/\/geabarcelona.com\/?page_id=15053"},"modified":"2025-04-01T20:54:47","modified_gmt":"2025-04-01T18:54:47","slug":"envios-y-devoluciones","status":"publish","type":"page","link":"https:\/\/geabarcelona.com\/de\/envios-y-devoluciones\/","title":{"rendered":"Versand und R\u00fcckgabe"},"content":{"rendered":"<div data-elementor-type=\"wp-page\" data-elementor-id=\"15053\" class=\"elementor elementor-15053\" data-elementor-post-type=\"page\">\n\t\t\t\t\t\t<section class=\"elementor-section elementor-top-section elementor-element elementor-element-0540ce8 elementor-section-height-min-height elementor-section-boxed elementor-section-height-default elementor-section-items-middle\" data-id=\"0540ce8\" data-element_type=\"section\" data-e-type=\"section\" data-settings=\"{&quot;background_background&quot;:&quot;classic&quot;}\">\n\t\t\t\t\t\t<div class=\"elementor-container elementor-column-gap-no\">\n\t\t\t\t\t<div class=\"elementor-column elementor-col-100 elementor-top-column elementor-element elementor-element-9426af3\" data-id=\"9426af3\" data-element_type=\"column\" data-e-type=\"column\" data-settings=\"{&quot;background_background&quot;:&quot;classic&quot;}\">\n\t\t\t<div class=\"elementor-widget-wrap elementor-element-populated\">\n\t\t\t\t\t<div class=\"elementor-background-overlay\"><\/div>\n\t\t\t\t\t\t<div class=\"elementor-element elementor-element-5f41ca8 elementor-widget elementor-widget-heading\" data-id=\"5f41ca8\" data-element_type=\"widget\" data-e-type=\"widget\" data-widget_type=\"heading.default\">\n\t\t\t\t<div class=\"elementor-widget-container\">\n\t\t\t\t\t<h2 class=\"elementor-heading-title elementor-size-default\">Versand und R\u00fcckgabe<\/h2>\t\t\t\t<\/div>\n\t\t\t\t<\/div>\n\t\t\t\t<div class=\"elementor-element elementor-element-25f29c7 elementor-widget-divider--view-line elementor-widget elementor-widget-divider\" data-id=\"25f29c7\" data-element_type=\"widget\" data-e-type=\"widget\" data-widget_type=\"divider.default\">\n\t\t\t\t<div class=\"elementor-widget-container\">\n\t\t\t\t\t\t\t<div class=\"elementor-divider\">\n\t\t\t<span class=\"elementor-divider-separator\">\n\t\t\t\t\t\t<\/span>\n\t\t<\/div>\n\t\t\t\t\t\t<\/div>\n\t\t\t\t<\/div>\n\t\t\t\t<div class=\"elementor-element elementor-element-d641e05 elementor-widget elementor-widget-text-editor\" data-id=\"d641e05\" data-element_type=\"widget\" data-e-type=\"widget\" data-widget_type=\"text-editor.default\">\n\t\t\t\t<div class=\"elementor-widget-container\">\n\t\t\t\t\t\t\t\t\t<p>In <strong>GEA Barcelona<\/strong>, wir nutzen Transportdienste, um die Ware direkt an Ihre Adresse zu senden. Sobald das Paket bei Ihnen zu Hause eingetroffen ist, haben Sie 24 Stunden Zeit, uns \u00fcber eventuell auftretende Br\u00fcche oder andere Probleme zu informieren.<\/p><p><br \/>Die voraussichtliche Lieferzeit betr\u00e4gt in der Regel <strong>4 bis 5 Tage<\/strong>, obwohl dies je nach Standort des Empf\u00e4ngers variieren kann. Im Falle unvorhergesehener Umst\u00e4nde au\u00dferhalb unserer Kontrolle, wie Unf\u00e4lle, schlechtes Wetter oder Streiks, <strong>GEA BARCELONA<\/strong> \u00fcbernimmt keine Verantwortung f\u00fcr m\u00f6gliche Lieferverz\u00f6gerungen.<\/p><p><br \/>Bevor Sie Ihre Bestellung abschlie\u00dfen und mit der Zahlung fortfahren, teilen wir Ihnen die Versandkosten mit.<\/p><p>\u00a0<\/p><p>\u2013 Der Versand erfolgt nach Zahlungseingang.<\/p><p><br \/><strong>Der Versand ist kostenlos, wenn Ihre Bestellung eine der folgenden Bedingungen erf\u00fcllt:<\/strong><\/p><ul><li>Holen Sie es in unserem Showroom oder einem unserer Lager ab.<\/li><li>Beauftragen Sie ein Transportunternehmen mit der Abholung der Bestellung bei uns.<\/li><li>F\u00fcr die Halbinsel und die Balearen bei Bestellungen \u00fcber 1.000 \u20ac (Nettobetrag).<\/li><li>F\u00fcr Bestellungen auf den Kanarischen Inseln \u00fcber 1200 \u20ac (Nettobetrag).<\/li><li>In Frankreich und Italien bei Bestellungen \u00fcber 1.500 \u20ac.<\/li><li>F\u00fcr Anfragen zu Aktionen in der EU und dem Rest der Welt.<\/li><\/ul><p>\u00a0<\/p><p><strong>*Der Versand von Salzlampen, marokkanischen Geoden, Seleniten und reduzierten Artikeln ist jedoch nie kostenlos.<\/strong><\/p>\t\t\t\t\t\t\t\t<\/div>\n\t\t\t\t<\/div>\n\t\t\t\t\t<\/div>\n\t\t<\/div>\n\t\t\t\t\t<\/div>\n\t\t<\/section>\n\t\t\t\t<\/div>","protected":false},"excerpt":{"rendered":"<p>Env\u00edos y devoluciones En GEA Barcelona, usamos servicios de transporte para enviar la mercanc\u00eda directamente a su direcci\u00f3n. Una vez que reciba el paquete en su hogar, dispone de 24 horas para notificarnos sobre cualquier rotura u otro problema que pueda surgir. El tiempo estimado para la entrega suele ser de 4 a 5 d\u00edas, [&hellip;]<\/p>\n","protected":false},"author":1,"featured_media":0,"parent":0,"menu_order":0,"comment_status":"closed","ping_status":"closed","template":"","meta":{"footnotes":""},"class_list":["post-15053","page","type-page","status-publish","hentry"],"_links":{"self":[{"href":"https:\/\/geabarcelona.com\/de\/wp-json\/wp\/v2\/pages\/15053","targetHints":{"allow":["GET"]}}],"collection":[{"href":"https:\/\/geabarcelona.com\/de\/wp-json\/wp\/v2\/pages"}],"about":[{"href":"https:\/\/geabarcelona.com\/de\/wp-json\/wp\/v2\/types\/page"}],"author":[{"embeddable":true,"href":"https:\/\/geabarcelona.com\/de\/wp-json\/wp\/v2\/users\/1"}],"replies":[{"embeddable":true,"href":"https:\/\/geabarcelona.com\/de\/wp-json\/wp\/v2\/comments?post=15053"}],"version-history":[{"count":1,"href":"https:\/\/geabarcelona.com\/de\/wp-json\/wp\/v2\/pages\/15053\/revisions"}],"predecessor-version":[{"id":17542,"href":"https:\/\/geabarcelona.com\/de\/wp-json\/wp\/v2\/pages\/15053\/revisions\/17542"}],"wp:attachment":[{"href":"https:\/\/geabarcelona.com\/de\/wp-json\/wp\/v2\/media?parent=15053"}],"curies":[{"name":"wp","href":"https:\/\/api.w.org\/{rel}","templated":true}]}}