{"id":2447,"date":"2022-04-19T00:22:54","date_gmt":"2022-04-19T00:22:54","guid":{"rendered":"http:\/\/localhost\/woocommerce\/?page_id=3"},"modified":"2025-10-27T08:18:59","modified_gmt":"2025-10-27T07:18:59","slug":"privacy-policy","status":"publish","type":"page","link":"https:\/\/geabarcelona.com\/de\/privacy-policy\/","title":{"rendered":"Privacy Policy"},"content":{"rendered":"<div data-elementor-type=\"wp-page\" data-elementor-id=\"2447\" class=\"elementor elementor-2447\" data-elementor-post-type=\"page\">\n\t\t\t\t\t\t<section class=\"elementor-section elementor-top-section elementor-element elementor-element-5151ab87 elementor-section-height-min-height elementor-section-boxed elementor-section-height-default elementor-section-items-middle\" data-id=\"5151ab87\" data-element_type=\"section\" data-e-type=\"section\" id=\"toc\">\n\t\t\t\t\t\t<div class=\"elementor-container elementor-column-gap-no\">\n\t\t\t\t\t<div class=\"elementor-column elementor-col-100 elementor-top-column elementor-element elementor-element-287bbf95\" data-id=\"287bbf95\" data-element_type=\"column\" data-e-type=\"column\">\n\t\t\t<div class=\"elementor-widget-wrap elementor-element-populated\">\n\t\t\t\t\t\t<div class=\"elementor-element elementor-element-9a7453e elementor-widget elementor-widget-heading\" data-id=\"9a7453e\" data-element_type=\"widget\" data-e-type=\"widget\" data-widget_type=\"heading.default\">\n\t\t\t\t<div class=\"elementor-widget-container\">\n\t\t\t\t\t<h1 class=\"elementor-heading-title elementor-size-default\">Datenschutzbestimmungen<\/h1>\t\t\t\t<\/div>\n\t\t\t\t<\/div>\n\t\t\t\t<div class=\"elementor-element elementor-element-4f091041 elementor-widget-divider--view-line elementor-widget elementor-widget-divider\" data-id=\"4f091041\" data-element_type=\"widget\" data-e-type=\"widget\" data-widget_type=\"divider.default\">\n\t\t\t\t<div class=\"elementor-widget-container\">\n\t\t\t\t\t\t\t<div class=\"elementor-divider\">\n\t\t\t<span class=\"elementor-divider-separator\">\n\t\t\t\t\t\t<\/span>\n\t\t<\/div>\n\t\t\t\t\t\t<\/div>\n\t\t\t\t<\/div>\n\t\t\t\t<div class=\"elementor-element elementor-element-281d497 elementor-widget elementor-widget-heading\" data-id=\"281d497\" data-element_type=\"widget\" data-e-type=\"widget\" data-widget_type=\"heading.default\">\n\t\t\t\t<div class=\"elementor-widget-container\">\n\t\t\t\t\t<h5 class=\"elementor-heading-title elementor-size-default\">Responsable del tratamiento<\/h5>\t\t\t\t<\/div>\n\t\t\t\t<\/div>\n\t\t\t\t<div class=\"elementor-element elementor-element-40cb4067 elementor-widget elementor-widget-text-editor\" data-id=\"40cb4067\" data-element_type=\"widget\" data-e-type=\"widget\" data-widget_type=\"text-editor.default\">\n\t\t\t\t<div class=\"elementor-widget-container\">\n\t\t\t\t\t\t\t\t\t<p><strong>\u00dcberschrift: <\/strong>ALWAYS DOIDEAS, S.L. (en adelante <strong>Gea<\/strong>)<\/p><p><strong>Eingetragener Sitz:<\/strong> Carrer Cobalto, 74, 08907 L'Hospitalet, BARCELONA<\/p><p><strong>NIF:<\/strong> B67338830<\/p><p><strong>E-Mail Adresse:<\/strong> <a href=\"mailto:josep.barrena@geabarcelona.com\">josep.barrena@geabarcelona.com<\/a><\/p><p><strong>GEA<\/strong>, como responsable del sitio web, de conformidad con el Reglamento (UE) 2016\/679 de 27 de abril de 2016 (RGPD) relativo a la protecci\u00f3n de las personas f\u00edsicas en cuanto al tratamiento de datos personales, y por la Ley 34\/2002, de 11 de julio, de servicios de la sociedad de la informaci\u00f3n y del comercio electr\u00f3nico (LSSICE), le comunica que tiene implementadas las medidas de seguridad necesarias, de \u00edndole t\u00e9cnica y organizativas, para garantizar y proteger la confidencialidad, integridad y disponibilidad de los datos introducidos.<\/p>\t\t\t\t\t\t\t\t<\/div>\n\t\t\t\t<\/div>\n\t\t\t\t<div class=\"elementor-element elementor-element-3b23d07c elementor-widget elementor-widget-heading\" data-id=\"3b23d07c\" data-element_type=\"widget\" data-e-type=\"widget\" data-widget_type=\"heading.default\">\n\t\t\t\t<div class=\"elementor-widget-container\">\n\t\t\t\t\t<h5 class=\"elementor-heading-title elementor-size-default\">Finalidad del tratamiento<\/h5>\t\t\t\t<\/div>\n\t\t\t\t<\/div>\n\t\t\t\t<div class=\"elementor-element elementor-element-1c718b18 elementor-widget elementor-widget-text-editor\" data-id=\"1c718b18\" data-element_type=\"widget\" data-e-type=\"widget\" data-widget_type=\"text-editor.default\">\n\t\t\t\t<div class=\"elementor-widget-container\">\n\t\t\t\t\t\t\t\t\t<p>Sus datos personales solo se utilizar\u00e1n para las finalidades siguientes:<\/p><ul><li>Realizar las gestiones comerciales y administrativas necesarias con los usuarios de la web.<\/li><li>Enviar las comunicaciones comerciales publicitarias por correo electr\u00f3nico, fax, SMS, MMS, comunicaciones sociales o cualquier otro medio electr\u00f3nico o f\u00edsico, en el caso de que el usuario haya consentido expresamente al env\u00edo de comunicaciones comerciales por v\u00eda electr\u00f3nica mediante la subscripci\u00f3n del bolet\u00edn electr\u00f3nico.<\/li><li>Responder a las consultas y\/o proporcionar informaciones requeridas por el usuario.<\/li><li>Realizar las prestaciones de servicios y\/o productos contractados o subscritos por el usuario.<\/li><li>Utilizar sus datos para contactar con \u00e9l, tanto por v\u00eda electr\u00f3nica como no electr\u00f3nica, para obtener su opini\u00f3n sobre el servicio prestado.<\/li><li>Utilizar sus datos para celebrar sorteos y concursos. El usuario acepta expresamente que se utilicen sus datos para la celebraci\u00f3n de sorteos y concursos.<\/li><li>Notificarle cambios, desarrollos importantes de la pol\u00edtica de privacidad, aviso legal o pol\u00edtica de cookies.<\/li><li>Se realizar\u00e1n an\u00e1lisis de perfiles y de uso a partir del historial de compras y de navegaci\u00f3n del usuario.<\/li><li>Los datos de clientes y\/o de proveedores ser\u00e1n tratados, dentro de la relaci\u00f3n contractual que los vincula con el responsable, en cumplimiento de las obligaciones administrativas, fiscales, contables y laborales que sean necesarias en virtud de la legislaci\u00f3n vigente.<\/li><\/ul><p>Puede revocar en cualquier momento su consentimiento enviando un escrito con el asunto \u201cBaja\u201d a <a href=\"mailto:josep.barrena@geabarcelona.com\">josep.barrena@geabarcelona.com<\/a><\/p><p>De acuerdo con la LSSICE, <strong>GEA<\/strong> no realiza pr\u00e1cticas de SPAM; por tanto, no env\u00eda correos comerciales por correo electr\u00f3nico que no hayan sido previamente solicitados o autorizados por el usuario. En consecuencia, en todas las comunicaciones que recibir\u00e1 de <strong>GEA<\/strong> el usuario tiene la posibilidad de cancelar su consentimiento expreso para recibir nuestras comunicaciones.<\/p><p>No trataremos sus datos personales para ninguna otra finalidad que las descritas excepto por obligaci\u00f3n legal o requerimiento judicial.<\/p><p>Sus datos se conservar\u00e1n mientras dure la relaci\u00f3n comercial con nosotros o ejerza su derecho de cancelaci\u00f3n u oposici\u00f3n, o limitaci\u00f3n al tratamiento. Sin embargo, conservaremos determinados datos personales identificativos y del tr\u00e1fico durante el plazo m\u00e1ximo de 2 a\u00f1os por si fuera requerido por los Jueces y Tribunales o para incoar acciones internas derivadas del uso indebido de la p\u00e1gina web.<\/p><p>No ser\u00e1 objeto de decisiones basadas en tratamientos autorizados automatizados que produzcan efectos sobre sus datos.<\/p>\t\t\t\t\t\t\t\t<\/div>\n\t\t\t\t<\/div>\n\t\t\t\t<div class=\"elementor-element elementor-element-13f81c2c elementor-widget elementor-widget-heading\" data-id=\"13f81c2c\" data-element_type=\"widget\" data-e-type=\"widget\" data-widget_type=\"heading.default\">\n\t\t\t\t<div class=\"elementor-widget-container\">\n\t\t\t\t\t<h5 class=\"elementor-heading-title elementor-size-default\">Legitimaci\u00f3n del tratamiento<\/h5>\t\t\t\t<\/div>\n\t\t\t\t<\/div>\n\t\t\t\t<div class=\"elementor-element elementor-element-57182bed elementor-widget elementor-widget-text-editor\" data-id=\"57182bed\" data-element_type=\"widget\" data-e-type=\"widget\" data-widget_type=\"text-editor.default\">\n\t\t\t\t<div class=\"elementor-widget-container\">\n\t\t\t\t\t\t\t\t\t<p>La base legal para el tratamiento de los datos es su consentimiento para llevar a cabo las finalidades anteriormente descritas, que se solicitar\u00e1 al marcar la casilla correspondiente en el momento de recoger sus datos.<\/p>\n<p>No facilitar los datos personales solicitados o no aceptar esta pol\u00edtica de protecci\u00f3n de datos supone la imposibilidad de suscribirse, registrarse o recibir informaci\u00f3n de los productos y servicios del prestador.<\/p>\n<p>En los casos en que exista una relaci\u00f3n contractual previa entre las partes, la legitimaci\u00f3n para el desarrollo de las obligaciones administrativas, fiscales, contables y laborales que sean necesarias en virtud de la legislaci\u00f3n vigente ser\u00e1 la existencia previa de la relaci\u00f3n comercial establecida entre las partes.<\/p>\t\t\t\t\t\t\t\t<\/div>\n\t\t\t\t<\/div>\n\t\t\t\t<div class=\"elementor-element elementor-element-162c109b elementor-widget elementor-widget-heading\" data-id=\"162c109b\" data-element_type=\"widget\" data-e-type=\"widget\" data-widget_type=\"heading.default\">\n\t\t\t\t<div class=\"elementor-widget-container\">\n\t\t\t\t\t<h5 class=\"elementor-heading-title elementor-size-default\">Comunicaciones <\/h5>\t\t\t\t<\/div>\n\t\t\t\t<\/div>\n\t\t\t\t<div class=\"elementor-element elementor-element-68bf0c92 elementor-widget elementor-widget-text-editor\" data-id=\"68bf0c92\" data-element_type=\"widget\" data-e-type=\"widget\" data-widget_type=\"text-editor.default\">\n\t\t\t\t<div class=\"elementor-widget-container\">\n\t\t\t\t\t\t\t\t\t<p>Cualquier comunicaci\u00f3n enviada quedar\u00e1 incorporada en los sistemas de informaci\u00f3n de <strong>GEA<\/strong>. Al aceptar estas condiciones, t\u00e9rminos y pol\u00edticas, el usuario consiente expresamente a que\u00a0<strong>GEA<\/strong> realice las actividades y\/o acciones siguientes, excepto que el usuario indique lo contrario:<\/p>\n<ul>\n<li>El env\u00edo de comunicaciones comerciales y\/o promocionales por cualquier medio habilitado para informar a los usuarios de las actividades, servicios, promociones, publicidad, noticias, ofertas y dem\u00e1s informaciones sobre los servicios y productos relacionados con la actividad. El usuario acepta expresamente que se realicen an\u00e1lisis de perfiles y de uso a partir del historial de compras y\/o navegaci\u00f3n del usuario.<\/li>\n<li>En el caso de que el usuario haya consentido expresamente el env\u00edo de comunicaciones comerciales por v\u00eda electr\u00f3nica mediante la subscripci\u00f3n del bolet\u00edn electr\u00f3nico, el env\u00edo de estas comunicaciones por medios electr\u00f3nicos para informar a sus usuarios de las actividades, servicios, promociones, publicidad, noticias, ofertas y dem\u00e1s informaciones sobre los servicios y productos de <strong>GEA<\/strong>, ser\u00e1n iguales o similares a las que fueron inicialmente objeto de contrataci\u00f3n o de inter\u00e9s para el usuario.<\/li>\n<li>La conservaci\u00f3n de los datos durante los plazos previstos en las disposiciones aplicables.<\/li>\n<\/ul>\t\t\t\t\t\t\t\t<\/div>\n\t\t\t\t<\/div>\n\t\t\t\t<div class=\"elementor-element elementor-element-5c41c789 elementor-widget elementor-widget-heading\" data-id=\"5c41c789\" data-element_type=\"widget\" data-e-type=\"widget\" data-widget_type=\"heading.default\">\n\t\t\t\t<div class=\"elementor-widget-container\">\n\t\t\t\t\t<h5 class=\"elementor-heading-title elementor-size-default\">Medios oficiales de comunicaci\u00f3n<\/h5>\t\t\t\t<\/div>\n\t\t\t\t<\/div>\n\t\t\t\t<div class=\"elementor-element elementor-element-51fdeb9e elementor-widget elementor-widget-text-editor\" data-id=\"51fdeb9e\" data-element_type=\"widget\" data-e-type=\"widget\" data-widget_type=\"text-editor.default\">\n\t\t\t\t<div class=\"elementor-widget-container\">\n\t\t\t\t\t\t\t\t\t<p>Se informa al usuario de que los medios habilitados por <strong>GEA<\/strong> para comunicarse con clientes y dem\u00e1s afectados es el tel\u00e9fono corporativo, los tel\u00e9fonos m\u00f3viles de empresa y el correo electr\u00f3nico corporativo.<\/p>\n<p>Si usted env\u00eda informaci\u00f3n personal a trav\u00e9s de un medio de comunicaci\u00f3n diferente a los indicados en este apartado, <strong>GEA<\/strong> quedar\u00e1 exenta de responsabilidad en relaci\u00f3n con las medidas de seguridad que disponga el medio en cuesti\u00f3n.<\/p>\t\t\t\t\t\t\t\t<\/div>\n\t\t\t\t<\/div>\n\t\t\t\t<div class=\"elementor-element elementor-element-432d5fd5 elementor-widget elementor-widget-heading\" data-id=\"432d5fd5\" data-element_type=\"widget\" data-e-type=\"widget\" data-widget_type=\"heading.default\">\n\t\t\t\t<div class=\"elementor-widget-container\">\n\t\t\t\t\t<h5 class=\"elementor-heading-title elementor-size-default\">Destinatarios de cesiones o transferencias<\/h5>\t\t\t\t<\/div>\n\t\t\t\t<\/div>\n\t\t\t\t<div class=\"elementor-element elementor-element-d2e96c7 elementor-widget elementor-widget-text-editor\" data-id=\"d2e96c7\" data-element_type=\"widget\" data-e-type=\"widget\" data-widget_type=\"text-editor.default\">\n\t\t\t\t<div class=\"elementor-widget-container\">\n\t\t\t\t\t\t\t\t\t<p><strong>GEA<\/strong> no lleva a cabo ninguna cesi\u00f3n o comunicaci\u00f3n de datos ni dentro ni fuera de la UE. El prestador \u00fanicamente facilitar\u00e1 informaci\u00f3n a las fuerzas y cuerpos de seguridad bajo orden judicial o por obligaci\u00f3n de una norma legal, sin perjuicio de poder bloquear o cancelar su cuenta si puede haber indicios de la comisi\u00f3n de alg\u00fan delito por parte del usuario. La informaci\u00f3n facilitada ser\u00e1 solo la que disponga en ese momento el prestador.<\/p>\n<p>La informaci\u00f3n que usted nos proporcione tanto a trav\u00e9s de este sitio web como a trav\u00e9s de la aplicaci\u00f3n ser\u00e1 alojada en los servidores de <strong>GEA<\/strong>.<\/p>\t\t\t\t\t\t\t\t<\/div>\n\t\t\t\t<\/div>\n\t\t\t\t<div class=\"elementor-element elementor-element-608275b9 elementor-widget elementor-widget-heading\" data-id=\"608275b9\" data-element_type=\"widget\" data-e-type=\"widget\" data-widget_type=\"heading.default\">\n\t\t\t\t<div class=\"elementor-widget-container\">\n\t\t\t\t\t<h5 class=\"elementor-heading-title elementor-size-default\">Derechos de las personas interesadas<\/h5>\t\t\t\t<\/div>\n\t\t\t\t<\/div>\n\t\t\t\t<div class=\"elementor-element elementor-element-26eecab5 elementor-widget elementor-widget-text-editor\" data-id=\"26eecab5\" data-element_type=\"widget\" data-e-type=\"widget\" data-widget_type=\"text-editor.default\">\n\t\t\t\t<div class=\"elementor-widget-container\">\n\t\t\t\t\t\t\t\t\t<p>Como usuario interesado, puede solicitar la aplicaci\u00f3n de los derechos siguientes ante <strong>GEA<\/strong> presentando un escrito a la direcci\u00f3n postal de la cabecera o enviando un correo electr\u00f3nico a josep.barrena@geabarcelona.com, indicando como asunto \u201cRGPD, Derechos ARCO\u201d, y adjuntando la fotocopia de su DNI o cualquier medio an\u00e1logo en derecho, tal como indica la ley.<\/p><p><strong>Derechos:<\/strong><\/p><ul><li><strong>Derecho de acceso:<\/strong> permite al interesado conocer y obtener informaci\u00f3n sobre sus datos de car\u00e1cter personal sometidos a tratamiento.<\/li><li><strong>Derecho de rectificaci\u00f3n o supresi\u00f3n:<\/strong> permite corregir errores y modificar los datos que resulten ser inexactos o incompletos.<\/li><li><strong>Derecho de cancelaci\u00f3n:<\/strong> permite que se supriman los datos que resulten ser inadecuados o excesivos.<\/li><li><strong>Derecho de oposici\u00f3n:<\/strong> derecho del interesado a que no se lleve a cabo el tratamiento de sus datos de car\u00e1cter personal o que se borren.<\/li><li><strong>Limitaci\u00f3n del tratamiento:<\/strong> implica marcar los datos personales conservados, con la finalidad de limitar su tratamiento futuro.<\/li><li><strong>Portabilidad de los datos:<\/strong> facilitaci\u00f3n de los datos objeto de tratamiento al interesado para que este pueda trasmitirlos a otro responsable, sin impedimentos.<\/li><li><strong>Derecho a no ser objeto de decisiones individuales automatizadas<\/strong> (incluida la elaboraci\u00f3n de perfiles): derecho a no ser objeto de una decisi\u00f3n basada en el tratamiento automatizado que produzca efectos o afecte significativamente.<\/li><\/ul><p>El usuario tiene derecho a retirar el consentimiento prestado en cualquier momento. La retirada del consentimiento no afectar\u00e1 la licitud del tratamiento efectuado antes de la retirada del consentimiento.<\/p><p>Tambi\u00e9n tiene derecho a presentar una reclamaci\u00f3n ante la autoridad de control si considera que pueden haberse visto vulnerados sus derechos en relaci\u00f3n con la protecci\u00f3n de sus datos (agpd.es).<\/p>\t\t\t\t\t\t\t\t<\/div>\n\t\t\t\t<\/div>\n\t\t\t\t<div class=\"elementor-element elementor-element-7f3ac246 elementor-widget elementor-widget-heading\" data-id=\"7f3ac246\" data-element_type=\"widget\" data-e-type=\"widget\" data-widget_type=\"heading.default\">\n\t\t\t\t<div class=\"elementor-widget-container\">\n\t\t\t\t\t<h5 class=\"elementor-heading-title elementor-size-default\">Informaci\u00f3n que recopilamos<\/h5>\t\t\t\t<\/div>\n\t\t\t\t<\/div>\n\t\t\t\t<div class=\"elementor-element elementor-element-1778f02f elementor-widget elementor-widget-text-editor\" data-id=\"1778f02f\" data-element_type=\"widget\" data-e-type=\"widget\" data-widget_type=\"text-editor.default\">\n\t\t\t\t<div class=\"elementor-widget-container\">\n\t\t\t\t\t\t\t\t\t<p>Obtenemos informaci\u00f3n mediante formularios con la informaci\u00f3n m\u00ednima e indispensable. En estos formularios usted facilitar\u00e1 los datos siguientes: correo electr\u00f3nico, nombre, apellidos, direcci\u00f3n, c\u00f3digo postal, ciudad, pa\u00eds y tel\u00e9fono m\u00f3vil.<\/p>\t\t\t\t\t\t\t\t<\/div>\n\t\t\t\t<\/div>\n\t\t\t\t<div class=\"elementor-element elementor-element-6a5a3d2b elementor-widget elementor-widget-heading\" data-id=\"6a5a3d2b\" data-element_type=\"widget\" data-e-type=\"widget\" data-widget_type=\"heading.default\">\n\t\t\t\t<div class=\"elementor-widget-container\">\n\t\t\t\t\t<h5 class=\"elementor-heading-title elementor-size-default\">Redes sociales<\/h5>\t\t\t\t<\/div>\n\t\t\t\t<\/div>\n\t\t\t\t<div class=\"elementor-element elementor-element-253620f5 elementor-widget elementor-widget-text-editor\" data-id=\"253620f5\" data-element_type=\"widget\" data-e-type=\"widget\" data-widget_type=\"text-editor.default\">\n\t\t\t\t<div class=\"elementor-widget-container\">\n\t\t\t\t\t\t\t\t\t<p>Le comunicamos que <strong>GEA<\/strong> tiene presencia en las redes sociales. El tratamiento de los datos que se lleve a cabo de las personas que se hagan seguidoras en las redes sociales (y\/o realicen cualquier v\u00ednculo o acci\u00f3n de conexi\u00f3n a trav\u00e9s de las redes sociales) de las p\u00e1ginas oficiales de <strong>GEA<\/strong> se regir\u00e1 por este apartado, as\u00ed como por aquellas condiciones de uso, pol\u00edticas de privacidad y normativas de acceso que pertenezcan a la red social en cada caso y que hayan sido aceptadas previamente por el usuario.\u00a0<\/p>\n<p><strong>GEA<\/strong> tratar\u00e1 sus datos con la finalidad de administrar correctamente su presencia en las redes sociales, inform\u00e1ndole de actividades, productos o servicios del prestador, as\u00ed como para cualquier otra finalidad que las normativas de las redes sociales permitan.<\/p>\n<p>Queda prohibida la publicaci\u00f3n de contenidos:<\/p>\n<ul>\n<li>Que sean presuntamente il\u00edcitos por la normativa nacional, comunitaria o internacional o que realicen actividades presuntamente il\u00edcitas o contravengan los principios de la buena fe.<\/li>\n<li>Que atenten contra los derechos fundamentales de las personas, falten a la cortes\u00eda en la red, molesten o puedan generar opiniones negativas a nuestros usuarios o a terceros y, en general, cualquiera de los contenidos que <strong>GEA<\/strong> considere inapropiados.<\/li>\n<li>Y en general que contravengan los principios de legalidad, honradez, responsabilidad, protecci\u00f3n de la dignidad humana, protecci\u00f3n de menores, protecci\u00f3n del orden p\u00fablico, la protecci\u00f3n de la vida privada, la protecci\u00f3n del consumidor y los derechos de propiedad intelectual e industrial.<\/li>\n<\/ul>\n<p>Asimismo, <strong>GEA<\/strong> se reserva la potestad de retirar, sin aviso previo del sitio web o de la red social corporativa, aquellos contenidos que se consideren inapropiados.\u00a0<\/p>\n<p>Las comunicaciones enviadas a trav\u00e9s de las redes sociales ser\u00e1n incorporadas a un archivo propiedad de <strong>GEA<\/strong>, que le enviar\u00e1 informaci\u00f3n de su inter\u00e9s.<\/p>\n<p>Puede acceder a m\u00e1s informaci\u00f3n en esta pol\u00edtica de privacidad.<\/p>\n<p>En todo caso, si usted env\u00eda informaci\u00f3n personal a trav\u00e9s de las redes sociales, <strong>GEA<\/strong> quedar\u00e1 exento de cualquier responsabilidad en relaci\u00f3n con las medidas de seguridad aplicables a la plataforma en cuesti\u00f3n, y, si el usuario las quiere conocer, deber\u00e1 consultar las condiciones particulares correspondientes de la red en cuesti\u00f3n.\u00a0\u00a0<\/p>\t\t\t\t\t\t\t\t<\/div>\n\t\t\t\t<\/div>\n\t\t\t\t<div class=\"elementor-element elementor-element-5800629 elementor-widget elementor-widget-heading\" data-id=\"5800629\" data-element_type=\"widget\" data-e-type=\"widget\" data-widget_type=\"heading.default\">\n\t\t\t\t<div class=\"elementor-widget-container\">\n\t\t\t\t\t<h5 class=\"elementor-heading-title elementor-size-default\">Medidas de seguridad<\/h5>\t\t\t\t<\/div>\n\t\t\t\t<\/div>\n\t\t\t\t<div class=\"elementor-element elementor-element-7562e29 elementor-widget elementor-widget-text-editor\" data-id=\"7562e29\" data-element_type=\"widget\" data-e-type=\"widget\" data-widget_type=\"text-editor.default\">\n\t\t\t\t<div class=\"elementor-widget-container\">\n\t\t\t\t\t\t\t\t\t<p>Los datos que nos facilite se tratar\u00e1n de manera confidencial. El prestador ha adoptado todas las medidas t\u00e9cnicas y organizativas y todos los niveles de protecci\u00f3n necesarios para garantizar la seguridad en el tratamiento de los datos y evitar su alteraci\u00f3n, p\u00e9rdida, robo, tratamiento o acceso no autorizado, de acuerdo con el estado de la tecnolog\u00eda y la naturaleza de los datos almacenados. Asimismo, se garantiza tambi\u00e9n que el tratamiento y registro en ficheros, programas, sistemas o equipos locales y en centros cumplan con los requisitos y condiciones de integridad establecidos en la normativa vigente.<\/p>\t\t\t\t\t\t\t\t<\/div>\n\t\t\t\t<\/div>\n\t\t\t\t<div class=\"elementor-element elementor-element-c0917df elementor-widget elementor-widget-heading\" data-id=\"c0917df\" data-element_type=\"widget\" data-e-type=\"widget\" data-widget_type=\"heading.default\">\n\t\t\t\t<div class=\"elementor-widget-container\">\n\t\t\t\t\t<h5 class=\"elementor-heading-title elementor-size-default\">Cambios en la pol\u00edtica de privacidad actual<\/h5>\t\t\t\t<\/div>\n\t\t\t\t<\/div>\n\t\t\t\t<div class=\"elementor-element elementor-element-75ff84b elementor-widget elementor-widget-text-editor\" data-id=\"75ff84b\" data-element_type=\"widget\" data-e-type=\"widget\" data-widget_type=\"text-editor.default\">\n\t\t\t\t<div class=\"elementor-widget-container\">\n\t\t\t\t\t\t\t\t\t<p><strong>GEA<\/strong> se reserva el derecho a modificar esta pol\u00edtica para adaptarla a las novedades legislativas o jurisprudenciales.<\/p>\t\t\t\t\t\t\t\t<\/div>\n\t\t\t\t<\/div>\n\t\t\t\t<div class=\"elementor-element elementor-element-7822aae elementor-widget elementor-widget-heading\" data-id=\"7822aae\" data-element_type=\"widget\" data-e-type=\"widget\" data-widget_type=\"heading.default\">\n\t\t\t\t<div class=\"elementor-widget-container\">\n\t\t\t\t\t<h5 class=\"elementor-heading-title elementor-size-default\">Legislaci\u00f3n<\/h5>\t\t\t\t<\/div>\n\t\t\t\t<\/div>\n\t\t\t\t<div class=\"elementor-element elementor-element-1efe444 elementor-widget elementor-widget-text-editor\" data-id=\"1efe444\" data-element_type=\"widget\" data-e-type=\"widget\" data-widget_type=\"text-editor.default\">\n\t\t\t\t<div class=\"elementor-widget-container\">\n\t\t\t\t\t\t\t\t\t<p>A todos los efectos, las relaciones de <strong>GEA<\/strong> con los usuarios de los servicios telem\u00e1ticos de esta web est\u00e1n sometidas a la legislaci\u00f3n y jurisdicci\u00f3n espa\u00f1ola a la que las partes se someten expresamente, y para la resoluci\u00f3n de todos los conflictos derivados o relacionados con su uso ser\u00e1n competentes los Juzgados y Tribunales de Barcelona.\u00a0<\/p>\t\t\t\t\t\t\t\t<\/div>\n\t\t\t\t<\/div>\n\t\t\t\t\t<\/div>\n\t\t<\/div>\n\t\t\t\t\t<\/div>\n\t\t<\/section>\n\t\t\t\t<\/div>","protected":false},"excerpt":{"rendered":"<p>Pol\u00edtica de privacidad Responsable del tratamiento Titular: ALWAYS DOIDEAS, S.L. (en adelante Gea) Domicilio social: Carrer Cobalto, 74, 08907 L&#8217;Hospitalet, BARCELONA NIF: B67338830 Direcci\u00f3n de correo electr\u00f3nico: josep.barrena@geabarcelona.com GEA, como responsable del sitio web, de conformidad con el Reglamento (UE) 2016\/679 de 27 de abril de 2016 (RGPD) relativo a la protecci\u00f3n de las personas [&hellip;]<\/p>\n","protected":false},"author":1,"featured_media":0,"parent":0,"menu_order":0,"comment_status":"closed","ping_status":"open","template":"elementor_header_footer","meta":{"footnotes":""},"class_list":["post-2447","page","type-page","status-publish","hentry"],"_links":{"self":[{"href":"https:\/\/geabarcelona.com\/de\/wp-json\/wp\/v2\/pages\/2447","targetHints":{"allow":["GET"]}}],"collection":[{"href":"https:\/\/geabarcelona.com\/de\/wp-json\/wp\/v2\/pages"}],"about":[{"href":"https:\/\/geabarcelona.com\/de\/wp-json\/wp\/v2\/types\/page"}],"author":[{"embeddable":true,"href":"https:\/\/geabarcelona.com\/de\/wp-json\/wp\/v2\/users\/1"}],"replies":[{"embeddable":true,"href":"https:\/\/geabarcelona.com\/de\/wp-json\/wp\/v2\/comments?post=2447"}],"version-history":[{"count":10,"href":"https:\/\/geabarcelona.com\/de\/wp-json\/wp\/v2\/pages\/2447\/revisions"}],"predecessor-version":[{"id":18919,"href":"https:\/\/geabarcelona.com\/de\/wp-json\/wp\/v2\/pages\/2447\/revisions\/18919"}],"wp:attachment":[{"href":"https:\/\/geabarcelona.com\/de\/wp-json\/wp\/v2\/media?parent=2447"}],"curies":[{"name":"wp","href":"https:\/\/api.w.org\/{rel}","templated":true}]}}