{"id":14252,"date":"2023-12-19T16:44:18","date_gmt":"2023-12-19T15:44:18","guid":{"rendered":"https:\/\/geabarcelona.com\/producto\/citrino-puntas-bruto\/"},"modified":"2025-06-19T08:43:54","modified_gmt":"2025-06-19T06:43:54","slug":"citrino-puntas-bruto","status":"publish","type":"product","link":"https:\/\/geabarcelona.com\/de\/produkt\/citrino-puntas-bruto\/","title":{"rendered":"CITRIN GROBE TIPPS"},"content":{"rendered":"<p>Puntas naturales de citrino en bruto que conservan su forma y textura original. Sus tonos amarillos dorados brillan con luz propia, aportando energ\u00eda c\u00e1lida y vibrante. Ideales para decoraci\u00f3n, colecci\u00f3n o pr\u00e1cticas energ\u00e9ticas enfocadas en la vitalidad y la prosperidad.<br \/>\nVerkauf pro kg.<\/p>","protected":false},"excerpt":{"rendered":"<p>Puntas brutas de citrino \/ <\/p>","protected":false},"featured_media":0,"template":"","meta":[],"product_brand":[],"product_cat":[153],"product_tag":[224],"class_list":{"0":"post-14252","1":"product","2":"type-product","3":"status-publish","5":"product_cat-catalogo","6":"product_tag-citrino","8":"first","9":"instock","10":"taxable","11":"shipping-taxable","12":"purchasable","13":"product-type-simple"},"_links":{"self":[{"href":"https:\/\/geabarcelona.com\/de\/wp-json\/wp\/v2\/product\/14252","targetHints":{"allow":["GET"]}}],"collection":[{"href":"https:\/\/geabarcelona.com\/de\/wp-json\/wp\/v2\/product"}],"about":[{"href":"https:\/\/geabarcelona.com\/de\/wp-json\/wp\/v2\/types\/product"}],"version-history":[{"count":1,"href":"https:\/\/geabarcelona.com\/de\/wp-json\/wp\/v2\/product\/14252\/revisions"}],"predecessor-version":[{"id":18276,"href":"https:\/\/geabarcelona.com\/de\/wp-json\/wp\/v2\/product\/14252\/revisions\/18276"}],"wp:attachment":[{"href":"https:\/\/geabarcelona.com\/de\/wp-json\/wp\/v2\/media?parent=14252"}],"wp:term":[{"taxonomy":"product_brand","embeddable":true,"href":"https:\/\/geabarcelona.com\/de\/wp-json\/wp\/v2\/product_brand?post=14252"},{"taxonomy":"product_cat","embeddable":true,"href":"https:\/\/geabarcelona.com\/de\/wp-json\/wp\/v2\/product_cat?post=14252"},{"taxonomy":"product_tag","embeddable":true,"href":"https:\/\/geabarcelona.com\/de\/wp-json\/wp\/v2\/product_tag?post=14252"}],"curies":[{"name":"wp","href":"https:\/\/api.w.org\/{rel}","templated":true}]}}