{"id":14253,"date":"2023-12-19T16:44:18","date_gmt":"2023-12-19T15:44:18","guid":{"rendered":"https:\/\/geabarcelona.com\/producto\/cuarzo-ahumado-pequeno-con-base-metal-200-300gr\/"},"modified":"2025-06-19T08:44:02","modified_gmt":"2025-06-19T06:44:02","slug":"cuarzo-ahumado-pequeno-con-base-metal-200-300gr","status":"publish","type":"product","link":"https:\/\/geabarcelona.com\/de\/producto\/cuarzo-ahumado-pequeno-con-base-metal-200-300gr\/","title":{"rendered":"CUARZO AHUMADO PEQUE\u00d1O CON BASE METAL (200-300GR)"},"content":{"rendered":"<p>En cuanto a su apariencia, suele presentarse en cristales prism\u00e1ticos con una textura v\u00edtrea, cuya transparencia var\u00eda desde casi transparente hasta transl\u00facida. Su forma cristalina, similar a la del cuarzo com\u00fan, exhibe caras planas que reflejan la luz de manera distintiva.<br \/>\nventa por unidad.<\/p>\n<div style=\"width: 800px;\" class=\"wp-video\"><video class=\"wp-video-shortcode\" id=\"video-14253-1\" width=\"800\" height=\"800\" preload=\"metadata\" controls=\"controls\"><source type=\"video\/mp4\" src=\"https:\/\/geabarcelona.com\/wp-content\/uploads\/2023\/12\/img-2091_4kMoBTRb.mp4?_=1\" \/><a href=\"https:\/\/geabarcelona.com\/wp-content\/uploads\/2023\/12\/img-2091_4kMoBTRb.mp4\">https:\/\/geabarcelona.com\/wp-content\/uploads\/2023\/12\/img-2091_4kMoBTRb.mp4<\/a><\/video><\/div>","protected":false},"excerpt":{"rendered":"<p>Cuarzo ahumado peque\u00f1o con base met\u00e1lica (200-300 gramos) \/ 10-15cm<\/p>","protected":false},"featured_media":0,"template":"","meta":[],"product_brand":[],"product_cat":[139,153],"product_tag":[313],"class_list":{"0":"post-14253","1":"product","2":"type-product","3":"status-publish","5":"product_cat-brasil","6":"product_cat-catalogo","7":"product_tag-cristal","9":"first","10":"outofstock","11":"taxable","12":"shipping-taxable","13":"purchasable","14":"product-type-simple"},"_links":{"self":[{"href":"https:\/\/geabarcelona.com\/de\/wp-json\/wp\/v2\/product\/14253","targetHints":{"allow":["GET"]}}],"collection":[{"href":"https:\/\/geabarcelona.com\/de\/wp-json\/wp\/v2\/product"}],"about":[{"href":"https:\/\/geabarcelona.com\/de\/wp-json\/wp\/v2\/types\/product"}],"version-history":[{"count":2,"href":"https:\/\/geabarcelona.com\/de\/wp-json\/wp\/v2\/product\/14253\/revisions"}],"predecessor-version":[{"id":18383,"href":"https:\/\/geabarcelona.com\/de\/wp-json\/wp\/v2\/product\/14253\/revisions\/18383"}],"wp:attachment":[{"href":"https:\/\/geabarcelona.com\/de\/wp-json\/wp\/v2\/media?parent=14253"}],"wp:term":[{"taxonomy":"product_brand","embeddable":true,"href":"https:\/\/geabarcelona.com\/de\/wp-json\/wp\/v2\/product_brand?post=14253"},{"taxonomy":"product_cat","embeddable":true,"href":"https:\/\/geabarcelona.com\/de\/wp-json\/wp\/v2\/product_cat?post=14253"},{"taxonomy":"product_tag","embeddable":true,"href":"https:\/\/geabarcelona.com\/de\/wp-json\/wp\/v2\/product_tag?post=14253"}],"curies":[{"name":"wp","href":"https:\/\/api.w.org\/{rel}","templated":true}]}}