{"id":14262,"date":"2023-12-19T16:44:19","date_gmt":"2023-12-19T15:44:19","guid":{"rendered":"https:\/\/geabarcelona.com\/producto\/cuarzo-blanco-puntas-con-base-metal\/"},"modified":"2025-12-11T11:11:12","modified_gmt":"2025-12-11T10:11:12","slug":"cuarzo-blanco-puntas-con-base-metal","status":"publish","type":"product","link":"https:\/\/geabarcelona.com\/de\/producto\/cuarzo-blanco-puntas-con-base-metal\/","title":{"rendered":"WEISSER QUARZ MIT METALLSOCKEL"},"content":{"rendered":"<p>Puntas de cuarzo blanco montadas sobre una base de metal resistente que realza su textura cruda y aut\u00e9ntica. Ideal para decoraci\u00f3n, protecci\u00f3n energ\u00e9tica y espacios con estilo r\u00fastico y moderno.<br \/>\nEinzelverkauf<\/p>","protected":false},"excerpt":{"rendered":"<p>Puntas de cuarzo blanco con base met\u00e1lica \/ 7-13cm<\/p>","protected":false},"featured_media":18464,"template":"","meta":[],"product_brand":[],"product_cat":[153,149,148],"product_tag":[211],"class_list":{"0":"post-14262","1":"product","2":"type-product","3":"status-publish","4":"has-post-thumbnail","6":"product_cat-catalogo","7":"product_cat-decoracion-lamparas","8":"product_cat-pulido-formas","9":"product_tag-decoracion","11":"first","12":"instock","13":"taxable","14":"shipping-taxable","15":"purchasable","16":"product-type-simple"},"_links":{"self":[{"href":"https:\/\/geabarcelona.com\/de\/wp-json\/wp\/v2\/product\/14262","targetHints":{"allow":["GET"]}}],"collection":[{"href":"https:\/\/geabarcelona.com\/de\/wp-json\/wp\/v2\/product"}],"about":[{"href":"https:\/\/geabarcelona.com\/de\/wp-json\/wp\/v2\/types\/product"}],"version-history":[{"count":3,"href":"https:\/\/geabarcelona.com\/de\/wp-json\/wp\/v2\/product\/14262\/revisions"}],"predecessor-version":[{"id":18466,"href":"https:\/\/geabarcelona.com\/de\/wp-json\/wp\/v2\/product\/14262\/revisions\/18466"}],"wp:featuredmedia":[{"embeddable":true,"href":"https:\/\/geabarcelona.com\/de\/wp-json\/wp\/v2\/media\/18464"}],"wp:attachment":[{"href":"https:\/\/geabarcelona.com\/de\/wp-json\/wp\/v2\/media?parent=14262"}],"wp:term":[{"taxonomy":"product_brand","embeddable":true,"href":"https:\/\/geabarcelona.com\/de\/wp-json\/wp\/v2\/product_brand?post=14262"},{"taxonomy":"product_cat","embeddable":true,"href":"https:\/\/geabarcelona.com\/de\/wp-json\/wp\/v2\/product_cat?post=14262"},{"taxonomy":"product_tag","embeddable":true,"href":"https:\/\/geabarcelona.com\/de\/wp-json\/wp\/v2\/product_tag?post=14262"}],"curies":[{"name":"wp","href":"https:\/\/api.w.org\/{rel}","templated":true}]}}