{"id":14265,"date":"2023-12-19T16:44:20","date_gmt":"2023-12-19T15:44:20","guid":{"rendered":"https:\/\/geabarcelona.com\/producto\/mini-drusas-aurea-titanio\/"},"modified":"2025-11-20T08:31:14","modified_gmt":"2025-11-20T07:31:14","slug":"mini-drusas-aurea-titanio","status":"publish","type":"product","link":"https:\/\/geabarcelona.com\/de\/produkt\/mini-drusas-aurea-titanio\/","title":{"rendered":"MINI DRUSAS AUREA TITANIO"},"content":{"rendered":"<p>Drusa mini de aura titaneo . Ideal para decoraci\u00f3n, protecci\u00f3n energ\u00e9tica y espacios. venta por kg.\u00bb<\/p>","protected":false},"excerpt":{"rendered":"<p>Mini drusas aurea titanio \/ 3-10cm<\/p>","protected":false},"featured_media":0,"template":"","meta":[],"product_brand":[],"product_cat":[153],"product_tag":[315,331],"class_list":{"0":"post-14265","1":"product","2":"type-product","3":"status-publish","5":"product_cat-catalogo","6":"product_tag-drusas","7":"product_tag-titanio","9":"first","10":"instock","11":"taxable","12":"shipping-taxable","13":"product-type-simple"},"_links":{"self":[{"href":"https:\/\/geabarcelona.com\/de\/wp-json\/wp\/v2\/product\/14265","targetHints":{"allow":["GET"]}}],"collection":[{"href":"https:\/\/geabarcelona.com\/de\/wp-json\/wp\/v2\/product"}],"about":[{"href":"https:\/\/geabarcelona.com\/de\/wp-json\/wp\/v2\/types\/product"}],"version-history":[{"count":1,"href":"https:\/\/geabarcelona.com\/de\/wp-json\/wp\/v2\/product\/14265\/revisions"}],"predecessor-version":[{"id":19017,"href":"https:\/\/geabarcelona.com\/de\/wp-json\/wp\/v2\/product\/14265\/revisions\/19017"}],"wp:attachment":[{"href":"https:\/\/geabarcelona.com\/de\/wp-json\/wp\/v2\/media?parent=14265"}],"wp:term":[{"taxonomy":"product_brand","embeddable":true,"href":"https:\/\/geabarcelona.com\/de\/wp-json\/wp\/v2\/product_brand?post=14265"},{"taxonomy":"product_cat","embeddable":true,"href":"https:\/\/geabarcelona.com\/de\/wp-json\/wp\/v2\/product_cat?post=14265"},{"taxonomy":"product_tag","embeddable":true,"href":"https:\/\/geabarcelona.com\/de\/wp-json\/wp\/v2\/product_tag?post=14265"}],"curies":[{"name":"wp","href":"https:\/\/api.w.org\/{rel}","templated":true}]}}