{"id":14267,"date":"2023-12-19T16:44:20","date_gmt":"2023-12-19T15:44:20","guid":{"rendered":"https:\/\/geabarcelona.com\/producto\/purpurita-bruto\/"},"modified":"2025-12-11T11:40:13","modified_gmt":"2025-12-11T10:40:13","slug":"purpurita-bruto","status":"publish","type":"product","link":"https:\/\/geabarcelona.com\/de\/producto\/purpurita-bruto\/","title":{"rendered":"PURPURITA BRUTO"},"content":{"rendered":"<p>La purpurita es un mineral fosfato de manganeso (MnPO\u2084) lo que le aporta el color p\u00farpura tan intenso. Se forma en dep\u00f3sitos hidrotermales y sedimentarios en regiones como Estados Unidos, Brasil y Namibia. Presenta una textura rugosa y es apreciada tanto para coleccionistas como en joyer\u00eda artesanal. Espiritualmente, la purpurita se asocia con la transformaci\u00f3n personal, el equilibrio emocional y la conexi\u00f3n con la intuici\u00f3n y el chakra coronario, ayudando a liberar bloqueos y fomentar la meditaci\u00f3n profunda.<br \/>\n venta por kg.\u00bb<\/p>","protected":false},"excerpt":{"rendered":"<p>Purpurita en bruto \/ 3-10cm<\/p>","protected":false},"featured_media":18111,"template":"","meta":[],"product_brand":[],"product_cat":[153,136],"product_tag":[332],"class_list":{"0":"post-14267","1":"product","2":"type-product","3":"status-publish","4":"has-post-thumbnail","6":"product_cat-catalogo","7":"product_cat-piedras-gemas","8":"product_tag-purpurita","10":"first","11":"instock","12":"taxable","13":"shipping-taxable","14":"purchasable","15":"product-type-simple"},"_links":{"self":[{"href":"https:\/\/geabarcelona.com\/de\/wp-json\/wp\/v2\/product\/14267","targetHints":{"allow":["GET"]}}],"collection":[{"href":"https:\/\/geabarcelona.com\/de\/wp-json\/wp\/v2\/product"}],"about":[{"href":"https:\/\/geabarcelona.com\/de\/wp-json\/wp\/v2\/types\/product"}],"version-history":[{"count":2,"href":"https:\/\/geabarcelona.com\/de\/wp-json\/wp\/v2\/product\/14267\/revisions"}],"predecessor-version":[{"id":19018,"href":"https:\/\/geabarcelona.com\/de\/wp-json\/wp\/v2\/product\/14267\/revisions\/19018"}],"wp:featuredmedia":[{"embeddable":true,"href":"https:\/\/geabarcelona.com\/de\/wp-json\/wp\/v2\/media\/18111"}],"wp:attachment":[{"href":"https:\/\/geabarcelona.com\/de\/wp-json\/wp\/v2\/media?parent=14267"}],"wp:term":[{"taxonomy":"product_brand","embeddable":true,"href":"https:\/\/geabarcelona.com\/de\/wp-json\/wp\/v2\/product_brand?post=14267"},{"taxonomy":"product_cat","embeddable":true,"href":"https:\/\/geabarcelona.com\/de\/wp-json\/wp\/v2\/product_cat?post=14267"},{"taxonomy":"product_tag","embeddable":true,"href":"https:\/\/geabarcelona.com\/de\/wp-json\/wp\/v2\/product_tag?post=14267"}],"curies":[{"name":"wp","href":"https:\/\/api.w.org\/{rel}","templated":true}]}}