{"id":14279,"date":"2023-12-19T16:44:23","date_gmt":"2023-12-19T15:44:23","guid":{"rendered":"https:\/\/geabarcelona.com\/producto\/agata-con-agua\/"},"modified":"2025-11-20T08:32:32","modified_gmt":"2025-11-20T07:32:32","slug":"agata-con-agua","status":"publish","type":"product","link":"https:\/\/geabarcelona.com\/de\/produkt\/agata-con-agua\/","title":{"rendered":"AGATA CON AGUA"},"content":{"rendered":"<p>Pieza natural de \u00e1gata que presenta en su interior inclusiones de agua cristalina, creando efectos visuales \u00fanicos. Estas inclusiones se forman cuando peque\u00f1as burbujas o dep\u00f3sitos l\u00edquidos quedan atrapados durante el proceso de cristalizaci\u00f3n. venta por unidad\u00bb<\/p>","protected":false},"excerpt":{"rendered":"<p>\u00c1gata enhidro. Peque\u00f1as geodas de \u00c1gata con agua en su interior \/ 5-10cm<\/p>","protected":false},"featured_media":0,"template":"","meta":[],"product_brand":[],"product_cat":[148],"product_tag":[176],"class_list":{"0":"post-14279","1":"product","2":"type-product","3":"status-publish","5":"product_cat-pulido-formas","6":"product_tag-agata","8":"first","9":"outofstock","10":"taxable","11":"shipping-taxable","12":"purchasable","13":"product-type-simple"},"_links":{"self":[{"href":"https:\/\/geabarcelona.com\/de\/wp-json\/wp\/v2\/product\/14279","targetHints":{"allow":["GET"]}}],"collection":[{"href":"https:\/\/geabarcelona.com\/de\/wp-json\/wp\/v2\/product"}],"about":[{"href":"https:\/\/geabarcelona.com\/de\/wp-json\/wp\/v2\/types\/product"}],"version-history":[{"count":2,"href":"https:\/\/geabarcelona.com\/de\/wp-json\/wp\/v2\/product\/14279\/revisions"}],"predecessor-version":[{"id":19022,"href":"https:\/\/geabarcelona.com\/de\/wp-json\/wp\/v2\/product\/14279\/revisions\/19022"}],"wp:attachment":[{"href":"https:\/\/geabarcelona.com\/de\/wp-json\/wp\/v2\/media?parent=14279"}],"wp:term":[{"taxonomy":"product_brand","embeddable":true,"href":"https:\/\/geabarcelona.com\/de\/wp-json\/wp\/v2\/product_brand?post=14279"},{"taxonomy":"product_cat","embeddable":true,"href":"https:\/\/geabarcelona.com\/de\/wp-json\/wp\/v2\/product_cat?post=14279"},{"taxonomy":"product_tag","embeddable":true,"href":"https:\/\/geabarcelona.com\/de\/wp-json\/wp\/v2\/product_tag?post=14279"}],"curies":[{"name":"wp","href":"https:\/\/api.w.org\/{rel}","templated":true}]}}