{"id":14283,"date":"2023-12-19T16:44:23","date_gmt":"2023-12-19T15:44:23","guid":{"rendered":"https:\/\/geabarcelona.com\/producto\/agata-geoda-con-base-metal\/"},"modified":"2025-06-19T08:43:51","modified_gmt":"2025-06-19T06:43:51","slug":"geode-achat-mit-metallsockel","status":"publish","type":"product","link":"https:\/\/geabarcelona.com\/de\/producto\/agata-geoda-con-base-metal\/","title":{"rendered":"GEODE ACHAT MIT METALLSOCKEL"},"content":{"rendered":"<p>Achatgeode auf einem stabilen Metallsockel, der ihre rohe und authentische Textur hervorhebt. Ideal f\u00fcr Dekoration, Energieschutz und R\u00e4ume mit rustikalem und modernem Stil.<br \/>\nVerkauf pro kg.<\/p>","protected":false},"excerpt":{"rendered":"<p>Nat\u00fcrliche Achat-Geoden mit Metallsockel \/ ungef\u00e4hre Gr\u00f6\u00dfen zwischen 15-30cm<\/p>","protected":false},"featured_media":13493,"template":"","meta":[],"product_brand":[],"product_cat":[148],"product_tag":[176],"class_list":{"0":"post-14283","1":"product","2":"type-product","3":"status-publish","4":"has-post-thumbnail","6":"product_cat-pulido-formas","7":"product_tag-agata","9":"first","10":"instock","11":"taxable","12":"shipping-taxable","13":"purchasable","14":"product-type-simple"},"_links":{"self":[{"href":"https:\/\/geabarcelona.com\/de\/wp-json\/wp\/v2\/product\/14283","targetHints":{"allow":["GET"]}}],"collection":[{"href":"https:\/\/geabarcelona.com\/de\/wp-json\/wp\/v2\/product"}],"about":[{"href":"https:\/\/geabarcelona.com\/de\/wp-json\/wp\/v2\/types\/product"}],"version-history":[{"count":1,"href":"https:\/\/geabarcelona.com\/de\/wp-json\/wp\/v2\/product\/14283\/revisions"}],"predecessor-version":[{"id":18244,"href":"https:\/\/geabarcelona.com\/de\/wp-json\/wp\/v2\/product\/14283\/revisions\/18244"}],"wp:featuredmedia":[{"embeddable":true,"href":"https:\/\/geabarcelona.com\/de\/wp-json\/wp\/v2\/media\/13493"}],"wp:attachment":[{"href":"https:\/\/geabarcelona.com\/de\/wp-json\/wp\/v2\/media?parent=14283"}],"wp:term":[{"taxonomy":"product_brand","embeddable":true,"href":"https:\/\/geabarcelona.com\/de\/wp-json\/wp\/v2\/product_brand?post=14283"},{"taxonomy":"product_cat","embeddable":true,"href":"https:\/\/geabarcelona.com\/de\/wp-json\/wp\/v2\/product_cat?post=14283"},{"taxonomy":"product_tag","embeddable":true,"href":"https:\/\/geabarcelona.com\/de\/wp-json\/wp\/v2\/product_tag?post=14283"}],"curies":[{"name":"wp","href":"https:\/\/api.w.org\/{rel}","templated":true}]}}