{"id":14284,"date":"2023-12-19T16:44:23","date_gmt":"2023-12-19T15:44:23","guid":{"rendered":"https:\/\/geabarcelona.com\/producto\/agata-formato-huevos\/"},"modified":"2025-06-19T08:43:50","modified_gmt":"2025-06-19T06:43:50","slug":"agata-formato-huevos","status":"publish","type":"product","link":"https:\/\/geabarcelona.com\/de\/producto\/agata-formato-huevos\/","title":{"rendered":"ACHAT-EI-FORMAT"},"content":{"rendered":"<p>Agata pulida en forma de huevo, con colores y vetas naturales. Perfectas para decoraci\u00f3n, colecci\u00f3n o uso energ\u00e9tico.<br \/>\nVerkauf pro kg.<\/p>","protected":false},"excerpt":{"rendered":"<p>\u00c1gata natural pulida en formato de huevo. Con maravillosos colores peque\u00f1as geodas y cristalizaciones \/ 10-15cm<\/p>","protected":false},"featured_media":18023,"template":"","meta":[],"product_brand":[],"product_cat":[148,147],"product_tag":[176],"class_list":{"0":"post-14284","1":"product","2":"type-product","3":"status-publish","4":"has-post-thumbnail","6":"product_cat-pulido-formas","7":"product_cat-terapias-hogar","8":"product_tag-agata","10":"first","11":"outofstock","12":"taxable","13":"shipping-taxable","14":"purchasable","15":"product-type-simple"},"_links":{"self":[{"href":"https:\/\/geabarcelona.com\/de\/wp-json\/wp\/v2\/product\/14284","targetHints":{"allow":["GET"]}}],"collection":[{"href":"https:\/\/geabarcelona.com\/de\/wp-json\/wp\/v2\/product"}],"about":[{"href":"https:\/\/geabarcelona.com\/de\/wp-json\/wp\/v2\/types\/product"}],"version-history":[{"count":2,"href":"https:\/\/geabarcelona.com\/de\/wp-json\/wp\/v2\/product\/14284\/revisions"}],"predecessor-version":[{"id":18223,"href":"https:\/\/geabarcelona.com\/de\/wp-json\/wp\/v2\/product\/14284\/revisions\/18223"}],"wp:featuredmedia":[{"embeddable":true,"href":"https:\/\/geabarcelona.com\/de\/wp-json\/wp\/v2\/media\/18023"}],"wp:attachment":[{"href":"https:\/\/geabarcelona.com\/de\/wp-json\/wp\/v2\/media?parent=14284"}],"wp:term":[{"taxonomy":"product_brand","embeddable":true,"href":"https:\/\/geabarcelona.com\/de\/wp-json\/wp\/v2\/product_brand?post=14284"},{"taxonomy":"product_cat","embeddable":true,"href":"https:\/\/geabarcelona.com\/de\/wp-json\/wp\/v2\/product_cat?post=14284"},{"taxonomy":"product_tag","embeddable":true,"href":"https:\/\/geabarcelona.com\/de\/wp-json\/wp\/v2\/product_tag?post=14284"}],"curies":[{"name":"wp","href":"https:\/\/api.w.org\/{rel}","templated":true}]}}