{"id":14285,"date":"2023-12-19T16:44:24","date_gmt":"2023-12-19T15:44:24","guid":{"rendered":"https:\/\/geabarcelona.com\/producto\/agata-prismas\/"},"modified":"2025-06-19T08:43:54","modified_gmt":"2025-06-19T06:43:54","slug":"agata-prismas","status":"publish","type":"product","link":"https:\/\/geabarcelona.com\/de\/producto\/agata-prismas\/","title":{"rendered":"AGATA PRISMAS"},"content":{"rendered":"<p>Prismas de \u00e1gata natural. Cada pieza conserva las vetas y colores caracter\u00edsticos del mineral, ideales para decoraci\u00f3n, colecci\u00f3n o uso energ\u00e9tico.<br \/>\nVerkauf pro kg.<\/p>","protected":false},"excerpt":{"rendered":"<p>Prismas de agata \/ 10-20cm<\/p>","protected":false},"featured_media":13523,"template":"","meta":[],"product_brand":[],"product_cat":[148],"product_tag":[165],"class_list":{"0":"post-14285","1":"product","2":"type-product","3":"status-publish","4":"has-post-thumbnail","6":"product_cat-pulido-formas","7":"product_tag-mineral","9":"first","10":"instock","11":"taxable","12":"shipping-taxable","13":"purchasable","14":"product-type-simple"},"_links":{"self":[{"href":"https:\/\/geabarcelona.com\/de\/wp-json\/wp\/v2\/product\/14285","targetHints":{"allow":["GET"]}}],"collection":[{"href":"https:\/\/geabarcelona.com\/de\/wp-json\/wp\/v2\/product"}],"about":[{"href":"https:\/\/geabarcelona.com\/de\/wp-json\/wp\/v2\/types\/product"}],"version-history":[{"count":2,"href":"https:\/\/geabarcelona.com\/de\/wp-json\/wp\/v2\/product\/14285\/revisions"}],"predecessor-version":[{"id":18272,"href":"https:\/\/geabarcelona.com\/de\/wp-json\/wp\/v2\/product\/14285\/revisions\/18272"}],"wp:featuredmedia":[{"embeddable":true,"href":"https:\/\/geabarcelona.com\/de\/wp-json\/wp\/v2\/media\/13523"}],"wp:attachment":[{"href":"https:\/\/geabarcelona.com\/de\/wp-json\/wp\/v2\/media?parent=14285"}],"wp:term":[{"taxonomy":"product_brand","embeddable":true,"href":"https:\/\/geabarcelona.com\/de\/wp-json\/wp\/v2\/product_brand?post=14285"},{"taxonomy":"product_cat","embeddable":true,"href":"https:\/\/geabarcelona.com\/de\/wp-json\/wp\/v2\/product_cat?post=14285"},{"taxonomy":"product_tag","embeddable":true,"href":"https:\/\/geabarcelona.com\/de\/wp-json\/wp\/v2\/product_tag?post=14285"}],"curies":[{"name":"wp","href":"https:\/\/api.w.org\/{rel}","templated":true}]}}