{"id":14289,"date":"2023-12-19T16:44:24","date_gmt":"2023-12-19T15:44:24","guid":{"rendered":"https:\/\/geabarcelona.com\/producto\/citrino-drusa-pulida\/"},"modified":"2025-06-19T08:43:51","modified_gmt":"2025-06-19T06:43:51","slug":"citrino-drusa-pulida","status":"publish","type":"product","link":"https:\/\/geabarcelona.com\/de\/producto\/citrino-drusa-pulida\/","title":{"rendered":"GESCHLIFFENER CITRIN DRUSE"},"content":{"rendered":"<p>Drusa de citrino natural con superficie pulida que realza su brillo y color amarillo dorado. Esta pieza combina la textura cristalina caracter\u00edstica de las drusas con un acabado liso y elegante, perfecta para decoraci\u00f3n, colecci\u00f3n o uso en terapias energ\u00e9ticas que promueven la energ\u00eda positiva y la prosperidad.<br \/>\nVerkauf pro kg.<\/p>","protected":false},"excerpt":{"rendered":"<p>Drusa pulida de citrino \/ 15-40cm<\/p>","protected":false},"featured_media":0,"template":"","meta":[],"product_brand":[],"product_cat":[148],"product_tag":[224],"class_list":{"0":"post-14289","1":"product","2":"type-product","3":"status-publish","5":"product_cat-pulido-formas","6":"product_tag-citrino","8":"first","9":"outofstock","10":"taxable","11":"shipping-taxable","12":"purchasable","13":"product-type-simple"},"_links":{"self":[{"href":"https:\/\/geabarcelona.com\/de\/wp-json\/wp\/v2\/product\/14289","targetHints":{"allow":["GET"]}}],"collection":[{"href":"https:\/\/geabarcelona.com\/de\/wp-json\/wp\/v2\/product"}],"about":[{"href":"https:\/\/geabarcelona.com\/de\/wp-json\/wp\/v2\/types\/product"}],"version-history":[{"count":2,"href":"https:\/\/geabarcelona.com\/de\/wp-json\/wp\/v2\/product\/14289\/revisions"}],"predecessor-version":[{"id":18234,"href":"https:\/\/geabarcelona.com\/de\/wp-json\/wp\/v2\/product\/14289\/revisions\/18234"}],"wp:attachment":[{"href":"https:\/\/geabarcelona.com\/de\/wp-json\/wp\/v2\/media?parent=14289"}],"wp:term":[{"taxonomy":"product_brand","embeddable":true,"href":"https:\/\/geabarcelona.com\/de\/wp-json\/wp\/v2\/product_brand?post=14289"},{"taxonomy":"product_cat","embeddable":true,"href":"https:\/\/geabarcelona.com\/de\/wp-json\/wp\/v2\/product_cat?post=14289"},{"taxonomy":"product_tag","embeddable":true,"href":"https:\/\/geabarcelona.com\/de\/wp-json\/wp\/v2\/product_tag?post=14289"}],"curies":[{"name":"wp","href":"https:\/\/api.w.org\/{rel}","templated":true}]}}