{"id":14290,"date":"2023-12-19T16:44:24","date_gmt":"2023-12-19T15:44:24","guid":{"rendered":"https:\/\/geabarcelona.com\/producto\/citrino-prismas\/"},"modified":"2025-06-19T08:43:54","modified_gmt":"2025-06-19T06:43:54","slug":"citrino-prismas","status":"publish","type":"product","link":"https:\/\/geabarcelona.com\/de\/producto\/citrino-prismas\/","title":{"rendered":"CITRINO PRISMAS"},"content":{"rendered":"<p>Prismas pulidos de citrino, con su caracter\u00edstico tono amarillo dorado y brillo natural. Cada pieza resalta por sus l\u00edneas definidas y transparencia, ideales para decoraci\u00f3n, colecci\u00f3n o terapias energ\u00e9ticas que promueven la energ\u00eda positiva y la claridad mental.<br \/>\nVerkauf pro kg.<\/p>","protected":false},"excerpt":{"rendered":"<p>Prismas de citrino \/ 10-15cm<\/p>","protected":false},"featured_media":13516,"template":"","meta":[],"product_brand":[],"product_cat":[148],"product_tag":[224],"class_list":{"0":"post-14290","1":"product","2":"type-product","3":"status-publish","4":"has-post-thumbnail","6":"product_cat-pulido-formas","7":"product_tag-citrino","9":"first","10":"outofstock","11":"taxable","12":"shipping-taxable","13":"purchasable","14":"product-type-simple"},"_links":{"self":[{"href":"https:\/\/geabarcelona.com\/de\/wp-json\/wp\/v2\/product\/14290","targetHints":{"allow":["GET"]}}],"collection":[{"href":"https:\/\/geabarcelona.com\/de\/wp-json\/wp\/v2\/product"}],"about":[{"href":"https:\/\/geabarcelona.com\/de\/wp-json\/wp\/v2\/types\/product"}],"version-history":[{"count":2,"href":"https:\/\/geabarcelona.com\/de\/wp-json\/wp\/v2\/product\/14290\/revisions"}],"predecessor-version":[{"id":18274,"href":"https:\/\/geabarcelona.com\/de\/wp-json\/wp\/v2\/product\/14290\/revisions\/18274"}],"wp:featuredmedia":[{"embeddable":true,"href":"https:\/\/geabarcelona.com\/de\/wp-json\/wp\/v2\/media\/13516"}],"wp:attachment":[{"href":"https:\/\/geabarcelona.com\/de\/wp-json\/wp\/v2\/media?parent=14290"}],"wp:term":[{"taxonomy":"product_brand","embeddable":true,"href":"https:\/\/geabarcelona.com\/de\/wp-json\/wp\/v2\/product_brand?post=14290"},{"taxonomy":"product_cat","embeddable":true,"href":"https:\/\/geabarcelona.com\/de\/wp-json\/wp\/v2\/product_cat?post=14290"},{"taxonomy":"product_tag","embeddable":true,"href":"https:\/\/geabarcelona.com\/de\/wp-json\/wp\/v2\/product_tag?post=14290"}],"curies":[{"name":"wp","href":"https:\/\/api.w.org\/{rel}","templated":true}]}}