{"id":14292,"date":"2023-12-19T16:44:25","date_gmt":"2023-12-19T15:44:25","guid":{"rendered":"https:\/\/geabarcelona.com\/producto\/citrinos-drusas-grandes-l-y-xl\/"},"modified":"2025-06-19T08:43:51","modified_gmt":"2025-06-19T06:43:51","slug":"citrinos-drusas-grandes-l-y-xl","status":"publish","type":"product","link":"https:\/\/geabarcelona.com\/de\/producto\/citrinos-drusas-grandes-l-y-xl\/","title":{"rendered":"CITRINOS DRUSAS GRANDES L Y XL"},"content":{"rendered":"<p>El citrino es una variedad de cuarzo que se caracteriza por sus tonos amarillos a anaranjados, resultado de la presencia de hierro en su estructura cristalina. Este mineral se encuentra principalmente en yacimientos volc\u00e1nicos y sedimentarios en Brasil, aunque tambi\u00e9n existen importantes dep\u00f3sitos en pa\u00edses como Uruguay y Madagascar.<\/p>\n<p>En cuanto a su apariencia, suele presentarse en cristales prism\u00e1ticos con una textura v\u00edtrea, cuya transparencia var\u00eda desde casi transparente hasta transl\u00facida. Su forma cristalina, similar a la del cuarzo com\u00fan, exhibe caras planas que reflejan la luz de manera distintiva.<\/p>\n<p>Reconocido por sus propiedades energ\u00e9ticas positivas, el citrino es valorado por su capacidad para atraer prosperidad, abundancia y \u00e9xito. Adem\u00e1s, se le atribuye la facultad de potenciar la vitalidad, creatividad y autoestima, al mismo tiempo que se cree que alivia la depresi\u00f3n y fomenta una actitud optimista.<\/p>\n<p>Verkauf pro kg.<\/p>","protected":false},"excerpt":{"rendered":"<p>Drusas grandes de citrino (tama\u00f1os L y XL) \/ 20-50cm<\/p>","protected":false},"featured_media":0,"template":"","meta":[],"product_brand":[],"product_cat":[148],"product_tag":[224],"class_list":{"0":"post-14292","1":"product","2":"type-product","3":"status-publish","5":"product_cat-pulido-formas","6":"product_tag-citrino","8":"first","9":"outofstock","10":"taxable","11":"shipping-taxable","12":"purchasable","13":"product-type-simple"},"_links":{"self":[{"href":"https:\/\/geabarcelona.com\/de\/wp-json\/wp\/v2\/product\/14292","targetHints":{"allow":["GET"]}}],"collection":[{"href":"https:\/\/geabarcelona.com\/de\/wp-json\/wp\/v2\/product"}],"about":[{"href":"https:\/\/geabarcelona.com\/de\/wp-json\/wp\/v2\/types\/product"}],"version-history":[{"count":2,"href":"https:\/\/geabarcelona.com\/de\/wp-json\/wp\/v2\/product\/14292\/revisions"}],"predecessor-version":[{"id":18237,"href":"https:\/\/geabarcelona.com\/de\/wp-json\/wp\/v2\/product\/14292\/revisions\/18237"}],"wp:attachment":[{"href":"https:\/\/geabarcelona.com\/de\/wp-json\/wp\/v2\/media?parent=14292"}],"wp:term":[{"taxonomy":"product_brand","embeddable":true,"href":"https:\/\/geabarcelona.com\/de\/wp-json\/wp\/v2\/product_brand?post=14292"},{"taxonomy":"product_cat","embeddable":true,"href":"https:\/\/geabarcelona.com\/de\/wp-json\/wp\/v2\/product_cat?post=14292"},{"taxonomy":"product_tag","embeddable":true,"href":"https:\/\/geabarcelona.com\/de\/wp-json\/wp\/v2\/product_tag?post=14292"}],"curies":[{"name":"wp","href":"https:\/\/api.w.org\/{rel}","templated":true}]}}