{"id":14301,"date":"2023-12-19T16:44:27","date_gmt":"2023-12-19T15:44:27","guid":{"rendered":"https:\/\/geabarcelona.com\/producto\/fluorita-prismas\/"},"modified":"2025-06-19T08:44:00","modified_gmt":"2025-06-19T06:44:00","slug":"fluorita-prismas","status":"publish","type":"product","link":"https:\/\/geabarcelona.com\/de\/produkt\/fluorita-prismas\/","title":{"rendered":"FLUORITA PRISMAS"},"content":{"rendered":"<p>Prismas pulidos de fluorita con bellas combinaciones de colores como verde, violeta y azul. Cada pieza presenta vetas y transparencias \u00fanicas. Valoradas por su belleza natural y su energ\u00eda asociada a la concentraci\u00f3n y el equilibrio mental. Perfectas para colecci\u00f3n, meditaci\u00f3n o decoraci\u00f3n.<br \/>\nEinzelverkauf<\/p>","protected":false},"excerpt":{"rendered":"<p>Prismas de fluorita \/ 7cm<\/p>","protected":false},"featured_media":13512,"template":"","meta":[],"product_brand":[],"product_cat":[148],"product_tag":[306],"class_list":{"0":"post-14301","1":"product","2":"type-product","3":"status-publish","4":"has-post-thumbnail","6":"product_cat-pulido-formas","7":"product_tag-fluorita","9":"first","10":"instock","11":"taxable","12":"shipping-taxable","13":"purchasable","14":"product-type-simple"},"_links":{"self":[{"href":"https:\/\/geabarcelona.com\/de\/wp-json\/wp\/v2\/product\/14301","targetHints":{"allow":["GET"]}}],"collection":[{"href":"https:\/\/geabarcelona.com\/de\/wp-json\/wp\/v2\/product"}],"about":[{"href":"https:\/\/geabarcelona.com\/de\/wp-json\/wp\/v2\/types\/product"}],"version-history":[{"count":2,"href":"https:\/\/geabarcelona.com\/de\/wp-json\/wp\/v2\/product\/14301\/revisions"}],"predecessor-version":[{"id":18364,"href":"https:\/\/geabarcelona.com\/de\/wp-json\/wp\/v2\/product\/14301\/revisions\/18364"}],"wp:featuredmedia":[{"embeddable":true,"href":"https:\/\/geabarcelona.com\/de\/wp-json\/wp\/v2\/media\/13512"}],"wp:attachment":[{"href":"https:\/\/geabarcelona.com\/de\/wp-json\/wp\/v2\/media?parent=14301"}],"wp:term":[{"taxonomy":"product_brand","embeddable":true,"href":"https:\/\/geabarcelona.com\/de\/wp-json\/wp\/v2\/product_brand?post=14301"},{"taxonomy":"product_cat","embeddable":true,"href":"https:\/\/geabarcelona.com\/de\/wp-json\/wp\/v2\/product_cat?post=14301"},{"taxonomy":"product_tag","embeddable":true,"href":"https:\/\/geabarcelona.com\/de\/wp-json\/wp\/v2\/product_tag?post=14301"}],"curies":[{"name":"wp","href":"https:\/\/api.w.org\/{rel}","templated":true}]}}