{"id":14303,"date":"2023-12-19T16:44:27","date_gmt":"2023-12-19T15:44:27","guid":{"rendered":"https:\/\/geabarcelona.com\/producto\/huevos-cuarzo-rosa-40-60mm\/"},"modified":"2025-06-19T08:43:51","modified_gmt":"2025-06-19T06:43:51","slug":"huevos-cuarzo-rosa-40-60mm","status":"publish","type":"product","link":"https:\/\/geabarcelona.com\/de\/producto\/huevos-cuarzo-rosa-40-60mm\/","title":{"rendered":"HUEVOS CUARZO ROSA (40-60MM)"},"content":{"rendered":"<p>Cuarzo rosa pulido en forma de huevo, con un tama\u00f1o entre 40 y 60 mm. Presentan tonos suaves y calmantes que var\u00edan en intensidad, ideales para decoraci\u00f3n, colecciones o terapias energ\u00e9ticas.<br \/>\nVerkauf pro kg.<\/p>","protected":false},"excerpt":{"rendered":"<p>Huevos cuarzo rosa \/ 7-10cm<\/p>","protected":false},"featured_media":18020,"template":"","meta":[],"product_brand":[],"product_cat":[148,147],"product_tag":[179],"class_list":{"0":"post-14303","1":"product","2":"type-product","3":"status-publish","4":"has-post-thumbnail","6":"product_cat-pulido-formas","7":"product_cat-terapias-hogar","8":"product_tag-cuarzo-rosa","10":"first","11":"instock","12":"taxable","13":"shipping-taxable","14":"purchasable","15":"product-type-simple"},"_links":{"self":[{"href":"https:\/\/geabarcelona.com\/de\/wp-json\/wp\/v2\/product\/14303","targetHints":{"allow":["GET"]}}],"collection":[{"href":"https:\/\/geabarcelona.com\/de\/wp-json\/wp\/v2\/product"}],"about":[{"href":"https:\/\/geabarcelona.com\/de\/wp-json\/wp\/v2\/types\/product"}],"version-history":[{"count":2,"href":"https:\/\/geabarcelona.com\/de\/wp-json\/wp\/v2\/product\/14303\/revisions"}],"predecessor-version":[{"id":18231,"href":"https:\/\/geabarcelona.com\/de\/wp-json\/wp\/v2\/product\/14303\/revisions\/18231"}],"wp:featuredmedia":[{"embeddable":true,"href":"https:\/\/geabarcelona.com\/de\/wp-json\/wp\/v2\/media\/18020"}],"wp:attachment":[{"href":"https:\/\/geabarcelona.com\/de\/wp-json\/wp\/v2\/media?parent=14303"}],"wp:term":[{"taxonomy":"product_brand","embeddable":true,"href":"https:\/\/geabarcelona.com\/de\/wp-json\/wp\/v2\/product_brand?post=14303"},{"taxonomy":"product_cat","embeddable":true,"href":"https:\/\/geabarcelona.com\/de\/wp-json\/wp\/v2\/product_cat?post=14303"},{"taxonomy":"product_tag","embeddable":true,"href":"https:\/\/geabarcelona.com\/de\/wp-json\/wp\/v2\/product_tag?post=14303"}],"curies":[{"name":"wp","href":"https:\/\/api.w.org\/{rel}","templated":true}]}}