{"id":14323,"date":"2023-12-19T16:44:30","date_gmt":"2023-12-19T15:44:30","guid":{"rendered":"https:\/\/geabarcelona.com\/producto\/pirita-calabera\/"},"modified":"2025-12-11T11:13:49","modified_gmt":"2025-12-11T10:13:49","slug":"pirita-calabera","status":"publish","type":"product","link":"https:\/\/geabarcelona.com\/de\/producto\/pirita-calabera\/","title":{"rendered":"Pyrit-Sch\u00e4del"},"content":{"rendered":"<p>Calavera tallada en pirita natural, con su caracter\u00edstico brillo met\u00e1lico dorado. Ideales para decoraci\u00f3n, colecci\u00f3n o uso energ\u00e9tico, asociadas a la protecci\u00f3n y la atracci\u00f3n de prosperidad.<br \/>\nVerkauf pro kg.<\/p>\n<div style=\"width: 800px;\" class=\"wp-video\"><video class=\"wp-video-shortcode\" id=\"video-14323-1\" width=\"800\" height=\"800\" preload=\"metadata\" controls=\"controls\"><source type=\"video\/mp4\" src=\"https:\/\/geabarcelona.com\/wp-content\/uploads\/2023\/12\/img-2088-1_ldy10pBR.mp4?_=1\" \/><a href=\"https:\/\/geabarcelona.com\/wp-content\/uploads\/2023\/12\/img-2088-1_ldy10pBR.mp4\">https:\/\/geabarcelona.com\/wp-content\/uploads\/2023\/12\/img-2088-1_ldy10pBR.mp4<\/a><\/video><\/div>","protected":false},"excerpt":{"rendered":"<p>Pirita calavera \/ 7-10cm<\/p>","protected":false},"featured_media":18035,"template":"","meta":[],"product_brand":[],"product_cat":[149,148,147],"product_tag":[211],"class_list":{"0":"post-14323","1":"product","2":"type-product","3":"status-publish","4":"has-post-thumbnail","6":"product_cat-decoracion-lamparas","7":"product_cat-pulido-formas","8":"product_cat-terapias-hogar","9":"product_tag-decoracion","11":"first","12":"instock","13":"taxable","14":"shipping-taxable","15":"purchasable","16":"product-type-simple"},"_links":{"self":[{"href":"https:\/\/geabarcelona.com\/de\/wp-json\/wp\/v2\/product\/14323","targetHints":{"allow":["GET"]}}],"collection":[{"href":"https:\/\/geabarcelona.com\/de\/wp-json\/wp\/v2\/product"}],"about":[{"href":"https:\/\/geabarcelona.com\/de\/wp-json\/wp\/v2\/types\/product"}],"version-history":[{"count":3,"href":"https:\/\/geabarcelona.com\/de\/wp-json\/wp\/v2\/product\/14323\/revisions"}],"predecessor-version":[{"id":18288,"href":"https:\/\/geabarcelona.com\/de\/wp-json\/wp\/v2\/product\/14323\/revisions\/18288"}],"wp:featuredmedia":[{"embeddable":true,"href":"https:\/\/geabarcelona.com\/de\/wp-json\/wp\/v2\/media\/18035"}],"wp:attachment":[{"href":"https:\/\/geabarcelona.com\/de\/wp-json\/wp\/v2\/media?parent=14323"}],"wp:term":[{"taxonomy":"product_brand","embeddable":true,"href":"https:\/\/geabarcelona.com\/de\/wp-json\/wp\/v2\/product_brand?post=14323"},{"taxonomy":"product_cat","embeddable":true,"href":"https:\/\/geabarcelona.com\/de\/wp-json\/wp\/v2\/product_cat?post=14323"},{"taxonomy":"product_tag","embeddable":true,"href":"https:\/\/geabarcelona.com\/de\/wp-json\/wp\/v2\/product_tag?post=14323"}],"curies":[{"name":"wp","href":"https:\/\/api.w.org\/{rel}","templated":true}]}}