{"id":14345,"date":"2023-12-19T16:44:35","date_gmt":"2023-12-19T15:44:35","guid":{"rendered":"https:\/\/geabarcelona.com\/producto\/xilopalo-mediano\/"},"modified":"2025-11-20T08:42:58","modified_gmt":"2025-11-20T07:42:58","slug":"xilopalo-mediano","status":"publish","type":"product","link":"https:\/\/geabarcelona.com\/de\/produkt\/xilopalo-mediano\/","title":{"rendered":"XILOPALO TRONQUITOS UNA CARA PULIDA"},"content":{"rendered":"<p>Xilopalo en forma de tronquitos con una cara pulida. Presentan tonos suaves y calmantes que var\u00edan en intensidad, ideales para decoraci\u00f3n, colecciones o terapias energ\u00e9ticas. venta por kg.\u00bb<\/p>","protected":false},"excerpt":{"rendered":"<p>Xil\u00f3palo peque\u00f1o \/ <\/p>","protected":false},"featured_media":13534,"template":"","meta":[],"product_brand":[],"product_cat":[148],"product_tag":[343],"class_list":{"0":"post-14345","1":"product","2":"type-product","3":"status-publish","4":"has-post-thumbnail","6":"product_cat-pulido-formas","7":"product_tag-xilopalo","9":"first","10":"instock","11":"taxable","12":"shipping-taxable","13":"purchasable","14":"product-type-simple"},"_links":{"self":[{"href":"https:\/\/geabarcelona.com\/de\/wp-json\/wp\/v2\/product\/14345","targetHints":{"allow":["GET"]}}],"collection":[{"href":"https:\/\/geabarcelona.com\/de\/wp-json\/wp\/v2\/product"}],"about":[{"href":"https:\/\/geabarcelona.com\/de\/wp-json\/wp\/v2\/types\/product"}],"version-history":[{"count":2,"href":"https:\/\/geabarcelona.com\/de\/wp-json\/wp\/v2\/product\/14345\/revisions"}],"predecessor-version":[{"id":19060,"href":"https:\/\/geabarcelona.com\/de\/wp-json\/wp\/v2\/product\/14345\/revisions\/19060"}],"wp:featuredmedia":[{"embeddable":true,"href":"https:\/\/geabarcelona.com\/de\/wp-json\/wp\/v2\/media\/13534"}],"wp:attachment":[{"href":"https:\/\/geabarcelona.com\/de\/wp-json\/wp\/v2\/media?parent=14345"}],"wp:term":[{"taxonomy":"product_brand","embeddable":true,"href":"https:\/\/geabarcelona.com\/de\/wp-json\/wp\/v2\/product_brand?post=14345"},{"taxonomy":"product_cat","embeddable":true,"href":"https:\/\/geabarcelona.com\/de\/wp-json\/wp\/v2\/product_cat?post=14345"},{"taxonomy":"product_tag","embeddable":true,"href":"https:\/\/geabarcelona.com\/de\/wp-json\/wp\/v2\/product_tag?post=14345"}],"curies":[{"name":"wp","href":"https:\/\/api.w.org\/{rel}","templated":true}]}}